{"id":416004,"date":"2022-05-31T19:21:57","date_gmt":"2022-05-31T17:21:57","guid":{"rendered":"https:\/\/lucacastelli.com\/prodotto\/hanwag-zentauri-gtx\/"},"modified":"2026-04-01T16:04:26","modified_gmt":"2026-04-01T14:04:26","slug":"hanwag-zentauri-gtx","status":"publish","type":"product","link":"https:\/\/lucacastelli.com\/de\/produkt\/hanwag-zentauri-gtx\/","title":{"rendered":"HANWAG Zentauri GTX"},"content":{"rendered":"<p>Der Zentauri GTX ist das Ergebnis jahrzehntelanger Erfahrung von Bergprofis. Der stabile, steigeisentaugliche H\u00f6hentourenstiefel aus extrem robustem Spaltleder mit Gummi-Ger\u00f6llschutz h\u00e4lt deine Zehen auch bei niedrigen Temperaturen warm und dank GORE-TEX-Membran trocken. F\u00fcr zus\u00e4tzliche Isolierung sorgt eine Luftkammer in der Sohle mit Vibram-Profil. Die Sohle ist nach vorne hin schmal und hat an den Zehen ein niedriges Profil. Perfekt f\u00fcr anspruchsvolle Klettertouren.    <\/p>\n","protected":false},"excerpt":{"rendered":"<p>Der Zentauri GTX ist das Ergebnis jahrzehntelanger Erfahrung von Bergprofis. Der stabile, steigeisentaugliche H\u00f6hentourenstiefel aus extrem robustem Spaltleder mit Gummi-Ger\u00f6llschutz<\/p>\n","protected":false},"featured_media":61548,"template":"","meta":{"_seopress_robots_primary_cat":"","_seopress_titles_title":"","_seopress_titles_desc":"","_seopress_robots_index":""},"product_brand":[3636],"product_cat":[175,1419,1431],"product_tag":[],"class_list":{"0":"post-416004","1":"product","2":"type-product","3":"status-publish","4":"has-post-thumbnail","6":"product_brand-hanwag-de","7":"product_cat-schuhe","8":"product_cat-freizeitschuhe","9":"product_cat-herrenschuhe","10":"sws-gruppo-abb-libero-de","11":"sws-conto-ricavi-merci-rivendita-calzature-de","12":"sws-gruppo-iva-iva81-de","14":"first","15":"instock","16":"sale","17":"shipping-taxable","18":"purchasable","19":"product-type-variable"},"_links":{"self":[{"href":"https:\/\/lucacastelli.com\/de\/wp-json\/wp\/v2\/product\/416004","targetHints":{"allow":["GET"]}}],"collection":[{"href":"https:\/\/lucacastelli.com\/de\/wp-json\/wp\/v2\/product"}],"about":[{"href":"https:\/\/lucacastelli.com\/de\/wp-json\/wp\/v2\/types\/product"}],"wp:featuredmedia":[{"embeddable":true,"href":"https:\/\/lucacastelli.com\/de\/wp-json\/wp\/v2\/media\/61548"}],"wp:attachment":[{"href":"https:\/\/lucacastelli.com\/de\/wp-json\/wp\/v2\/media?parent=416004"}],"wp:term":[{"taxonomy":"product_brand","embeddable":true,"href":"https:\/\/lucacastelli.com\/de\/wp-json\/wp\/v2\/product_brand?post=416004"},{"taxonomy":"product_cat","embeddable":true,"href":"https:\/\/lucacastelli.com\/de\/wp-json\/wp\/v2\/product_cat?post=416004"},{"taxonomy":"product_tag","embeddable":true,"href":"https:\/\/lucacastelli.com\/de\/wp-json\/wp\/v2\/product_tag?post=416004"}],"curies":[{"name":"wp","href":"https:\/\/api.w.org\/{rel}","templated":true}]}}