{"id":416001,"date":"2024-06-06T16:20:38","date_gmt":"2024-06-06T14:20:38","guid":{"rendered":"https:\/\/lucacastelli.com\/prodotto\/hanwag-ferrata-tour-gtx-rot-schwarz\/"},"modified":"2025-06-29T00:48:41","modified_gmt":"2025-06-28T22:48:41","slug":"hanwag-ferrata-tour-gtx-rot-schwarz","status":"publish","type":"product","link":"https:\/\/lucacastelli.com\/de\/produkt\/hanwag-ferrata-tour-gtx-rot-schwarz\/","title":{"rendered":"HANWAG Ferrata Tour GTX rot\/schwarz"},"content":{"rendered":"<p>Der Ferrata Tour GTX ist ein multifunktionaler Bergschuh, der auf Performance in Fels, Eis und Schnee setzt. Ob eine Hochtour in gemischtem Gel\u00e4nde oder eine einfache Hochtour mit Gletscherpassagen, das steigeisentaugliche Modell mit individueller Volumenanpassung \u00fcberzeugt unter anderem mit der HANWAG TubeTec Rock Sohlentechnologie. <\/p>\n<p>PRODUKTBESCHREIBUNG<br \/>\nDer Ferrata Tour GTX ist ein Bergschuh, der Kletterleistung mit bestm\u00f6glichem Gehkomfort verbindet. Durch seine Multifunktionalit\u00e4t eignet er sich f\u00fcr alpine Touren in gemischtem Gel\u00e4nde, aber auch f\u00fcr leichte Touren mit Gletscherpassagen. Die HANWAG TubeTec Rock Sohlentechnologie ist speziell f\u00fcr das Bergsteigen konzipiert: Das weiche PU im Inneren einer robusten TPU-Schale sorgt f\u00fcr einen komfortablen Auf- und Abstieg mit herausragender Performance auf Fels, Eis und Schnee. Der weiche TPU-&#8220;Schlauch&#8221; sch\u00fctzt das Polyurethan, das f\u00fcr eine gute und lang anhaltende D\u00e4mpfung verantwortlich ist. Gleichzeitig sorgen die Rippen und innenliegende TPU-Verst\u00e4rkungen f\u00fcr Schrittstabilit\u00e4t und pr\u00e4zise F\u00fchrung. Die Sohle besticht durch das Vibram Integral Light Profildesign, die verst\u00e4rkte Front der Ferse und die bew\u00e4hrte Vibram &#8220;Mont Compound&#8221; Mischung, f\u00fcr hervorragende Traktion bei Abfahrten. Dar\u00fcber hinaus ist die Climbing Zone des steigeisenkompatiblen Modells mit TPU verst\u00e4rkt, was der Sohle eine perfekte Kantenstabilit\u00e4t im Bereich der gro\u00dfen Zehe verleiht. Was zeichnet den Ferrata Tour GTX sonst noch aus? Seine klassische Lederunterseite f\u00fcr eine perfekte Passform trifft auf ein stabiles und dennoch flexibles Obermaterial, das aus besonders abriebfestem Gewebe mit Polyamid- und Polyurethangarnen besteht. Das erm\u00f6glicht die n\u00f6tige Bewegungsfreiheit im Sprunggelenk, um den Fels pr\u00e4zise angehen zu k\u00f6nnen. Der Zehenbereich ist speziell f\u00fcr den Einsatz bei alpinen Wanderungen isoliert &#8211; das GORE-TEX Duratherm sorgt f\u00fcr maximale W\u00e4rmeisolierung. Das Stiefelvolumen kann mit einer zus\u00e4tzlichen Einlage variiert und individuell angepasst werden. Der Alpine Wide Leisten bietet zudem eine etwas gr\u00f6\u00dfere Vorfu\u00dffl\u00e4che f\u00fcr mehr Komfort, ohne jedoch an Kletterperformance und Pr\u00e4zision im Anflug einzub\u00fc\u00dfen.            <\/p>\n<p>PRODUKTMERKMALE<br \/>\nFersensteigeisenauflage f\u00fcr halbautomatische<br \/>\nSteigeisen TubeTec Rock Sohlentechnologie f\u00fcr die perfekte Balance zwischen Komfort und Performance<br \/>\nBew\u00e4hrtes Vibram &#8220;Mont Compound&#8221; Compound und HANWAG Integral Light<br \/>\nProfil GORE-TEX Duratherm Isolierung im Zehenbereich<br \/>\nModernes und funktionales Obermaterial mit HANWAG LFX<br \/>\nTechnologie Alpine<br \/>\n Wide Leisten &#8220;Hanwag 2 Zone Lock&#8221;:  Mechanischer<br \/>\nKlemmverschluss Optimierte Ghilly-Schn\u00fcrung bis zum Zehenbereich<br \/>\nAtmungsaktive und wasserdichte<br \/>\nGORE-TEX-Membran Robustes und langlebiges Perwanger-Leder<\/p>\n","protected":false},"excerpt":{"rendered":"<p>Der Ferrata Tour GTX ist ein multifunktionaler Bergschuh, der auf Performance in Fels, Eis und Schnee setzt. Ob eine Hochtour<\/p>\n","protected":false},"featured_media":101361,"template":"","meta":{"_seopress_robots_primary_cat":"","_seopress_titles_title":"","_seopress_titles_desc":"","_seopress_robots_index":""},"product_brand":[3636],"product_cat":[175,1419,1431],"product_tag":[],"class_list":{"0":"post-416001","1":"product","2":"type-product","3":"status-publish","4":"has-post-thumbnail","6":"product_brand-hanwag-de","7":"product_cat-schuhe","8":"product_cat-freizeitschuhe","9":"product_cat-herrenschuhe","10":"sws-gruppo-abb-libero-de","11":"sws-categoria-sito-de","12":"sws-conto-ricavi-merci-rivendita-calzature-de","13":"sws-gruppo-iva-iva81-de","15":"first","16":"instock","17":"shipping-taxable","18":"purchasable","19":"product-type-variable"},"_links":{"self":[{"href":"https:\/\/lucacastelli.com\/de\/wp-json\/wp\/v2\/product\/416001","targetHints":{"allow":["GET"]}}],"collection":[{"href":"https:\/\/lucacastelli.com\/de\/wp-json\/wp\/v2\/product"}],"about":[{"href":"https:\/\/lucacastelli.com\/de\/wp-json\/wp\/v2\/types\/product"}],"wp:featuredmedia":[{"embeddable":true,"href":"https:\/\/lucacastelli.com\/de\/wp-json\/wp\/v2\/media\/101361"}],"wp:attachment":[{"href":"https:\/\/lucacastelli.com\/de\/wp-json\/wp\/v2\/media?parent=416001"}],"wp:term":[{"taxonomy":"product_brand","embeddable":true,"href":"https:\/\/lucacastelli.com\/de\/wp-json\/wp\/v2\/product_brand?post=416001"},{"taxonomy":"product_cat","embeddable":true,"href":"https:\/\/lucacastelli.com\/de\/wp-json\/wp\/v2\/product_cat?post=416001"},{"taxonomy":"product_tag","embeddable":true,"href":"https:\/\/lucacastelli.com\/de\/wp-json\/wp\/v2\/product_tag?post=416001"}],"curies":[{"name":"wp","href":"https:\/\/api.w.org\/{rel}","templated":true}]}}