{"id":415768,"date":"2025-02-25T20:30:16","date_gmt":"2025-02-25T19:30:16","guid":{"rendered":"https:\/\/lucacastelli.com\/prodotto\/helly-hansen-herren-dock-cargo-shorts\/"},"modified":"2025-06-29T09:52:40","modified_gmt":"2025-06-29T07:52:40","slug":"helly-hansen-herren-dock-cargo-shorts","status":"publish","type":"product","link":"https:\/\/lucacastelli.com\/de\/produkt\/helly-hansen-herren-dock-cargo-shorts\/","title":{"rendered":"HELLY HANSEN Herren Dock Cargo Shorts"},"content":{"rendered":"<div class=\"productDetailsSection_productDescriptionSection__FDg0y\">\n<div class=\"productDescription_productDescription__sJIE6\" data-mt-type=\"product-description\">\n<div class=\"richtext_wrapper__lJjZg productDescription_productDescriptionContent__0A3VB\">Diese Cargo-Shorts wurden f\u00fcr das Segeln entwickelt, sind bequem und bestehen aus einer Mischung aus weicher Baumwolle und robustem Hanf, eine funktionale Referenz an die Gipfel der Vergangenheit. Weitere Informationen zu den Materialien finden Sie in der Zusammensetzung. <\/div>\n<\/div>\n<\/div>\n<div class=\"productCollapseSection_productCollapseSection__6fb5x\">\n<div class=\"productCollapseSection_productCollapseSectionTitle__1Vh_4\">\n<h2 class=\"heading_default__PX0IL heading_style--h3__KKzhL\">Vor- und Nachteile<\/h2>\n<\/div>\n<div class=\"productCollapseSection_productCollapseSectionContent__VJCb7\">\n<div class=\"productDetails_productDetails__g_C4N\">\n<p>Ballaststoffgehalt:<\/p>\n<div class=\"richtext_wrapper__lJjZg blocks_root__vE_15\">80% Bio-Baumwolle, 20% Hanf<\/div>\n<p>Pflegehinweise:<\/p>\n<div class=\"richtext_wrapper__lJjZg blocks_root__vE_15\">Schlie\u00dfen Sie die Rei\u00dfverschl\u00fcsse vor dem Waschen. Dunkle Farben separat waschen. Auf links waschen.  <\/div>\n<div class=\"productDetails_productDetailsCols__K1qqI\">\n<div class=\"productDetails_productDetailsRow__bHp5_\">\n<div class=\"blocks_mobileInlineWrapper__N_Soc\">Gewicht: 310 g<\/div>\n<\/div>\n<\/div>\n<\/div>\n<\/div>\n<\/div>\n<div class=\"productCollapseSection_productCollapseSection__6fb5x productFeatures_root__BqPE9 productFeatures_twoColumnsList__vArq2\">\n<div class=\"productCollapseSection_productCollapseSectionTitle__1Vh_4\">\n<h2 class=\"heading_default__PX0IL heading_style--h3__KKzhL\">Merkmal<\/h2>\n<\/div>\n<div class=\"productCollapseSection_productCollapseSectionContent__VJCb7\">\n<ul>\n<li>YKK-Rei\u00dfverschluss\u00ae<\/li>\n<li>Passanten<\/li>\n<li>Cargo-Taschen<\/li>\n<li>Gesticktes Helly Hansen (HH) Logo<\/li>\n<li>Ersatzkn\u00f6pfe im Lieferumfang enthalten<\/li>\n<li>Frontklappe mit Knopfverschluss<\/li>\n<li>Einschubtaschen<\/li>\n<li>Bio-Baumwolle<\/li>\n<li>\u00d6KO-TEX\u00ae<\/li>\n<\/ul>\n<\/div>\n<\/div>\n","protected":false},"excerpt":{"rendered":"<p>Diese Cargo-Shorts wurden f\u00fcr das Segeln entwickelt, sind bequem und bestehen aus einer Mischung aus weicher Baumwolle und robustem Hanf,<\/p>\n","protected":false},"featured_media":103030,"template":"","meta":{"_seopress_robots_primary_cat":"","_seopress_titles_title":"","_seopress_titles_desc":"","_seopress_robots_index":""},"product_brand":[3645],"product_cat":[1409,974,975,82,1703],"product_tag":[],"class_list":{"0":"post-415768","1":"product","2":"type-product","3":"status-publish","4":"has-post-thumbnail","6":"product_brand-helly-hansen-de","7":"product_cat-freizeitausrustung","8":"product_cat-freizeitkleidung","9":"product_cat-herrenbekleidung","10":"product_cat-kleidung","11":"product_cat-sonstiges","12":"sws-gruppo-abb-libero-de","13":"sws-gruppo-no-gruppo-de","14":"sws-categoria-sito-de","15":"sws-conto-ricavi-merci-rivendita-abbigliamento-de","16":"sws-gruppo-iva-iva81-de","18":"first","19":"instock","20":"shipping-taxable","21":"purchasable","22":"product-type-variable"},"_links":{"self":[{"href":"https:\/\/lucacastelli.com\/de\/wp-json\/wp\/v2\/product\/415768","targetHints":{"allow":["GET"]}}],"collection":[{"href":"https:\/\/lucacastelli.com\/de\/wp-json\/wp\/v2\/product"}],"about":[{"href":"https:\/\/lucacastelli.com\/de\/wp-json\/wp\/v2\/types\/product"}],"wp:featuredmedia":[{"embeddable":true,"href":"https:\/\/lucacastelli.com\/de\/wp-json\/wp\/v2\/media\/103030"}],"wp:attachment":[{"href":"https:\/\/lucacastelli.com\/de\/wp-json\/wp\/v2\/media?parent=415768"}],"wp:term":[{"taxonomy":"product_brand","embeddable":true,"href":"https:\/\/lucacastelli.com\/de\/wp-json\/wp\/v2\/product_brand?post=415768"},{"taxonomy":"product_cat","embeddable":true,"href":"https:\/\/lucacastelli.com\/de\/wp-json\/wp\/v2\/product_cat?post=415768"},{"taxonomy":"product_tag","embeddable":true,"href":"https:\/\/lucacastelli.com\/de\/wp-json\/wp\/v2\/product_tag?post=415768"}],"curies":[{"name":"wp","href":"https:\/\/api.w.org\/{rel}","templated":true}]}}