{"id":415742,"date":"2025-02-25T17:28:37","date_gmt":"2025-02-25T16:28:37","guid":{"rendered":"https:\/\/lucacastelli.com\/prodotto\/helly-hansen-herren-ocean-polo-2-0\/"},"modified":"2025-06-29T09:51:51","modified_gmt":"2025-06-29T07:51:51","slug":"helly-hansen-herren-ocean-polo-2-0","status":"publish","type":"product","link":"https:\/\/lucacastelli.com\/de\/produkt\/helly-hansen-herren-ocean-polo-2-0\/","title":{"rendered":"Helly Hansen Herren Ocean Polo 2.0"},"content":{"rendered":"<p>Unser Ocean Polo 2.0 f\u00fcr Herren mit UPF 50 Sonnenschutz ist f\u00fcr Kreuzfahrten an hei\u00dfen Tagen konzipiert. Dieses leichte und technische Poloshirt h\u00e4lt Sie dank seines schnell trocknenden und atmungsaktiven Materials bei maximalem Komfort trocken. Hergestellt aus weichem Piqu\u00e9, ist es eine bequeme und atmungsaktive Wahl mit klassischem Look f\u00fcr hei\u00dfe Tage auf See oder entlang der K\u00fcste.  <\/p>\n","protected":false},"excerpt":{"rendered":"<p>Unser Ocean Polo 2.0 f\u00fcr Herren mit UPF 50 Sonnenschutz ist f\u00fcr Kreuzfahrten an hei\u00dfen Tagen konzipiert. Dieses leichte und<\/p>\n","protected":false},"featured_media":102958,"template":"","meta":{"_seopress_robots_primary_cat":"","_seopress_titles_title":"","_seopress_titles_desc":"","_seopress_robots_index":""},"product_brand":[3645],"product_cat":[82,974,975,1409,1703],"product_tag":[],"class_list":{"0":"post-415742","1":"product","2":"type-product","3":"status-publish","4":"has-post-thumbnail","6":"product_brand-helly-hansen-de","7":"product_cat-kleidung","8":"product_cat-freizeitkleidung","9":"product_cat-herrenbekleidung","10":"product_cat-freizeitausrustung","11":"product_cat-sonstiges","12":"sws-gruppo-abb-libero-de","13":"sws-gruppo-no-gruppo-de","14":"sws-categoria-sito-de","15":"sws-conto-ricavi-merci-rivendita-abbigliamento-de","16":"sws-gruppo-iva-iva81-de","18":"first","19":"instock","20":"shipping-taxable","21":"purchasable","22":"product-type-variable"},"_links":{"self":[{"href":"https:\/\/lucacastelli.com\/de\/wp-json\/wp\/v2\/product\/415742","targetHints":{"allow":["GET"]}}],"collection":[{"href":"https:\/\/lucacastelli.com\/de\/wp-json\/wp\/v2\/product"}],"about":[{"href":"https:\/\/lucacastelli.com\/de\/wp-json\/wp\/v2\/types\/product"}],"wp:featuredmedia":[{"embeddable":true,"href":"https:\/\/lucacastelli.com\/de\/wp-json\/wp\/v2\/media\/102958"}],"wp:attachment":[{"href":"https:\/\/lucacastelli.com\/de\/wp-json\/wp\/v2\/media?parent=415742"}],"wp:term":[{"taxonomy":"product_brand","embeddable":true,"href":"https:\/\/lucacastelli.com\/de\/wp-json\/wp\/v2\/product_brand?post=415742"},{"taxonomy":"product_cat","embeddable":true,"href":"https:\/\/lucacastelli.com\/de\/wp-json\/wp\/v2\/product_cat?post=415742"},{"taxonomy":"product_tag","embeddable":true,"href":"https:\/\/lucacastelli.com\/de\/wp-json\/wp\/v2\/product_tag?post=415742"}],"curies":[{"name":"wp","href":"https:\/\/api.w.org\/{rel}","templated":true}]}}