{"id":415693,"date":"2025-02-25T20:15:21","date_gmt":"2025-02-25T19:15:21","guid":{"rendered":"https:\/\/lucacastelli.com\/prodotto\/helly-hansen-daybreaker-block-microfleece-jacke-fuer-herren-2\/"},"modified":"2026-04-17T23:25:54","modified_gmt":"2026-04-17T21:25:54","slug":"helly-hansen-daybreaker-block-microfleece-jacke-fuer-herren-2","status":"publish","type":"product","link":"https:\/\/lucacastelli.com\/de\/produkt\/helly-hansen-daybreaker-block-microfleece-jacke-fuer-herren-2\/","title":{"rendered":"Helly Hansen Herren Daybreaker Block Microfleece-Jacke"},"content":{"rendered":"<div class=\"productDetailsSection_productDescriptionSection__FDg0y\">\n<div class=\"productDescription_productDescription__sJIE6\" data-mt-type=\"product-description\">\n<div class=\"richtext_wrapper__lJjZg productDescription_productDescriptionContent__0A3VB\">Die warme und leichte Daybreaker geh\u00f6rt zu den renommiertesten und vielseitigsten Fleecejacken, die wir entwickelt haben. Wir haben sie mit intelligenten technischen Details \u00fcberarbeitet, dank des Beitrags und der Zusammenarbeit mit professionellen Rettungskr\u00e4ften. Das Polartec\u00ae-Microfleece-Gewebe ist atmungsaktiv und schnelltrocknend. Wir haben strapazierf\u00e4hige Paneele an den Schultern hinzugef\u00fcgt f\u00fcr mehr Wetterschutz und h\u00f6here Langlebigkeit. Sie verf\u00fcgt \u00fcber einen komfortablen Schutzkragen mit scheuerfestem Kinnschutz.    <\/div>\n<\/div>\n<\/div>\n<div class=\"productCollapseSection_productCollapseSection__6fb5x\">\n<div class=\"productCollapseSection_productCollapseSectionTitle__1Vh_4\">\n<h2 class=\"heading_default__PX0IL heading_style--h3__KKzhL\">Details<\/h2>\n<\/div>\n<div class=\"productCollapseSection_productCollapseSectionContent__VJCb7\">\n<div class=\"productDetails_productDetails__g_C4N\">\n<p>Faserzusammensetzung:<\/p>\n<div class=\"richtext_wrapper__lJjZg blocks_root__vE_15\">Obermaterial 2: 100 % Polyester. Futter: 100 % Polyester <\/div>\n<p>Pflegehinweise:<\/p>\n<div class=\"richtext_wrapper__lJjZg blocks_root__vE_15\">Schlie\u00dfe vor dem Waschen die Rei\u00dfverschl\u00fcsse. Mit \u00e4hnlichen Farben waschen. Keinen Weichsp\u00fcler verwenden.  <\/div>\n<div class=\"productDetails_productDetailsCols__K1qqI\">\n<div class=\"productDetails_productDetailsRow__bHp5_\">\n<div class=\"blocks_mobileInlineWrapper__N_Soc\">Gewicht:350g<\/div>\n<\/div>\n<\/div>\n<\/div>\n<\/div>\n<\/div>\n<div class=\"productCollapseSection_productCollapseSection__6fb5x productFeatures_root__BqPE9 productFeatures_twoColumnsList__vArq2\">\n<div class=\"productCollapseSection_productCollapseSectionTitle__1Vh_4\">\n<h2 class=\"heading_default__PX0IL heading_style--h3__KKzhL\">Eigenschaften<\/h2>\n<\/div>\n<div class=\"productCollapseSection_productCollapseSectionContent__VJCb7\">\n<ul>\n<li>Polartec\u00ae<\/li>\n<li>Microfleece-Gewebe<\/li>\n<li>Hybride Konstruktion<\/li>\n<li>YKK-Brusttasche mit Rei\u00dfverschluss<\/li>\n<li>Einschubtaschen mit YKK\u00ae-Rei\u00dfverschluss<\/li>\n<\/ul>\n<\/div>\n<\/div>\n","protected":false},"excerpt":{"rendered":"<p>Die warme und leichte Daybreaker geh\u00f6rt zu den renommiertesten und vielseitigsten Fleecejacken, die wir entwickelt haben. Wir haben sie mit<\/p>\n","protected":false},"featured_media":103016,"template":"","meta":{"_seopress_robots_primary_cat":"none","_seopress_titles_title":"","_seopress_titles_desc":"","_seopress_robots_index":""},"product_brand":[3645],"product_cat":[1409,974,975,82,1703],"product_tag":[],"class_list":{"0":"post-415693","1":"product","2":"type-product","3":"status-publish","4":"has-post-thumbnail","6":"product_brand-helly-hansen-de","7":"product_cat-freizeitausrustung","8":"product_cat-freizeitkleidung","9":"product_cat-herrenbekleidung","10":"product_cat-kleidung","11":"product_cat-sonstiges","12":"sws-gruppo-abb-libero-de","13":"sws-categoria-sito-de","14":"sws-conto-ricavi-merci-rivendita-abbigliamento-de","15":"sws-gruppo-iva-iva81-de","17":"first","18":"instock","19":"shipping-taxable","20":"purchasable","21":"product-type-variable"},"_links":{"self":[{"href":"https:\/\/lucacastelli.com\/de\/wp-json\/wp\/v2\/product\/415693","targetHints":{"allow":["GET"]}}],"collection":[{"href":"https:\/\/lucacastelli.com\/de\/wp-json\/wp\/v2\/product"}],"about":[{"href":"https:\/\/lucacastelli.com\/de\/wp-json\/wp\/v2\/types\/product"}],"wp:featuredmedia":[{"embeddable":true,"href":"https:\/\/lucacastelli.com\/de\/wp-json\/wp\/v2\/media\/103016"}],"wp:attachment":[{"href":"https:\/\/lucacastelli.com\/de\/wp-json\/wp\/v2\/media?parent=415693"}],"wp:term":[{"taxonomy":"product_brand","embeddable":true,"href":"https:\/\/lucacastelli.com\/de\/wp-json\/wp\/v2\/product_brand?post=415693"},{"taxonomy":"product_cat","embeddable":true,"href":"https:\/\/lucacastelli.com\/de\/wp-json\/wp\/v2\/product_cat?post=415693"},{"taxonomy":"product_tag","embeddable":true,"href":"https:\/\/lucacastelli.com\/de\/wp-json\/wp\/v2\/product_tag?post=415693"}],"curies":[{"name":"wp","href":"https:\/\/api.w.org\/{rel}","templated":true}]}}