{"id":415681,"date":"2025-02-25T20:45:32","date_gmt":"2025-02-25T19:45:32","guid":{"rendered":"https:\/\/lucacastelli.com\/prodotto\/helly-hansen-herren-varberg-classic-marine-lifestyle-schuhe\/"},"modified":"2026-03-02T15:11:33","modified_gmt":"2026-03-02T14:11:33","slug":"helly-hansen-herren-varberg-classic-marine-lifestyle-schuhe","status":"publish","type":"product","link":"https:\/\/lucacastelli.com\/de\/produkt\/helly-hansen-herren-varberg-classic-marine-lifestyle-schuhe\/","title":{"rendered":"Helly Hansen Varberg Classic Marine Lifestyle-Schuhe f\u00fcr Herren"},"content":{"rendered":"<p>Unser Team hat mit dem Varberg Classic Marine Lifestyle-Schuh f\u00fcr Herren die klassische Cupsohlen-\u00c4sthetik revolutioniert. W\u00e4hrend Cupsohlen-Schuhe aufgrund des Gummis normalerweise nur eine begrenzte D\u00e4mpfung bieten, sind diese Schuhe mit der HH\u00ae Comfort Insole f\u00fcr exzellenten Komfort und Halt ausgestattet. Die HH\u00ae Max-Grip-Technologie sorgt f\u00fcr Traktion auf nassen und trockenen Oberfl\u00e4chen, und die Gummisohle ist abriebfest. Das elegante, minimalistische Design besticht durch unser charakteristisches Doppel-Segel-Design und das HH-Logo auf der Zunge. Zudem sind diese Schuhe aus zertifiziertem Leder gefertigt.    <\/p>\n<h2>Details<\/h2>\n<p>Faserzusammensetzung:<\/p>\n<p>&#8211; Obermaterial: 97 % Leder, 3 % Polyurethan &#8211; Obermaterial 2: 60 % Polyurethan, 40 % Polyamid (recycelt) &#8211; Futter: 100 % Polyester (recycelt) &#8211; Laufsohle: 100 % Gummi<\/p>\n<p>Gewicht: 300 g<\/p>\n<h2>Eigenschaften<\/h2>\n<ul>\n<li>HH\u00ae Comfort Insole<\/li>\n<li>HH\u00ae Max-Grip<\/li>\n<li>Schn\u00fcrsenkel aus 100 % recyceltem Material<\/li>\n<li>Markenlabel aus 100 % recyceltem Polyester<\/li>\n<li>Futter aus 100 % recyceltem Material<\/li>\n<li>30 % recycelter Gummi<\/li>\n<li>Zwischensohle aus 30 % recyceltem EVA<\/li>\n<li>Vulkanisierte Gummisohle f\u00fcr Griffigkeit und Temperaturbest\u00e4ndigkeit<\/li>\n<li>Strobel-Sohle aus 100 % recyceltem Polyester<\/li>\n<li>Antimikrobielle Behandlung zur Geruchspr\u00e4vention<\/li>\n<li>Abriebfeste Gummisohlen<\/li>\n<li>Erstklassiges Leder<\/li>\n<li>PFC-freie DWR<\/li>\n<li>LWG Leder<\/li>\n<\/ul>\n<p>&nbsp;<\/p>\n","protected":false},"excerpt":{"rendered":"<p>Unser Team hat mit dem Varberg Classic Marine Lifestyle-Schuh f\u00fcr Herren die klassische Cupsohlen-\u00c4sthetik revolutioniert. W\u00e4hrend Cupsohlen-Schuhe aufgrund des Gummis<\/p>\n","protected":false},"featured_media":103052,"template":"","meta":{"_seopress_robots_primary_cat":"","_seopress_titles_title":"","_seopress_titles_desc":"","_seopress_robots_index":""},"product_brand":[3645],"product_cat":[1382,175,1419,1431],"product_tag":[],"class_list":{"0":"post-415681","1":"product","2":"type-product","3":"status-publish","4":"has-post-thumbnail","6":"product_brand-helly-hansen-de","7":"product_cat-arbeitskleidung","8":"product_cat-schuhe","9":"product_cat-freizeitschuhe","10":"product_cat-herrenschuhe","11":"sws-gruppo-abb-libero-de","12":"sws-conto-ricavi-merci-rivendita-abbigliamento-de","13":"sws-gruppo-iva-iva81-de","15":"first","16":"instock","17":"shipping-taxable","18":"purchasable","19":"product-type-variable"},"_links":{"self":[{"href":"https:\/\/lucacastelli.com\/de\/wp-json\/wp\/v2\/product\/415681","targetHints":{"allow":["GET"]}}],"collection":[{"href":"https:\/\/lucacastelli.com\/de\/wp-json\/wp\/v2\/product"}],"about":[{"href":"https:\/\/lucacastelli.com\/de\/wp-json\/wp\/v2\/types\/product"}],"wp:featuredmedia":[{"embeddable":true,"href":"https:\/\/lucacastelli.com\/de\/wp-json\/wp\/v2\/media\/103052"}],"wp:attachment":[{"href":"https:\/\/lucacastelli.com\/de\/wp-json\/wp\/v2\/media?parent=415681"}],"wp:term":[{"taxonomy":"product_brand","embeddable":true,"href":"https:\/\/lucacastelli.com\/de\/wp-json\/wp\/v2\/product_brand?post=415681"},{"taxonomy":"product_cat","embeddable":true,"href":"https:\/\/lucacastelli.com\/de\/wp-json\/wp\/v2\/product_cat?post=415681"},{"taxonomy":"product_tag","embeddable":true,"href":"https:\/\/lucacastelli.com\/de\/wp-json\/wp\/v2\/product_tag?post=415681"}],"curies":[{"name":"wp","href":"https:\/\/api.w.org\/{rel}","templated":true}]}}