{"id":415672,"date":"2025-02-25T20:01:35","date_gmt":"2025-02-25T19:01:35","guid":{"rendered":"https:\/\/lucacastelli.com\/prodotto\/helly-hansen-daybreaker-block-microfleece-jacke-fuer-herren\/"},"modified":"2026-04-01T01:51:31","modified_gmt":"2026-03-31T23:51:31","slug":"helly-hansen-daybreaker-block-microfleece-jacke-fuer-herren","status":"publish","type":"product","link":"https:\/\/lucacastelli.com\/de\/produkt\/helly-hansen-daybreaker-block-microfleece-jacke-fuer-herren\/","title":{"rendered":"Helly Hansen Daybreaker Block Microfleece Jacke f\u00fcr Herren"},"content":{"rendered":"<div class=\"productDetailsSection_productDescriptionSection__FDg0y\">\n<div class=\"productDescription_productDescription__sJIE6\" data-mt-type=\"product-description\">\n<div class=\"richtext_wrapper__lJjZg productDescription_productDescriptionContent__0A3VB\">Die warme und leichte Daybreaker geh\u00f6rt zu den renommiertesten und multifunktionalsten Fleecejacken, die wir entworfen haben. Wir haben es dank des Beitrags und der Zusammenarbeit professioneller Retter mit intelligenten technischen Details \u00fcberarbeitet. Das Polartec\u00ae Microfleece-Gewebe ist atmungsaktiv und schnell trocknend. Wir haben strapazierf\u00e4hige Schultereins\u00e4tze f\u00fcr zus\u00e4tzlichen Wetterschutz und Strapazierf\u00e4higkeit hinzugef\u00fcgt. Es hat einen bequemen Schutzkragen mit Anti-Scheuer-Kinnschutz.    <\/div>\n<\/div>\n<\/div>\n<div class=\"productCollapseSection_productCollapseSection__6fb5x\">\n<div class=\"productCollapseSection_productCollapseSectionTitle__1Vh_4\">\n<h2 class=\"heading_default__PX0IL heading_style--h3__KKzhL\">Vor- und Nachteile<\/h2>\n<\/div>\n<div class=\"productCollapseSection_productCollapseSectionContent__VJCb7\">\n<div class=\"productDetails_productDetails__g_C4N\">Ballaststoffgehalt:<\/p>\n<div class=\"richtext_wrapper__lJjZg blocks_root__vE_15\">Oberstoff 2: 100% Polyester. Futter: 100% Polyester <\/div>\n<p>Pflegehinweise:<\/p>\n<div class=\"richtext_wrapper__lJjZg blocks_root__vE_15\">Schlie\u00dfen Sie die Rei\u00dfverschl\u00fcsse vor dem Waschen. Mit \u00e4hnlichen Farben waschen. Verwenden Sie keinen Weichsp\u00fcler.  <\/div>\n<div class=\"productDetails_productDetailsCols__K1qqI\">\n<div class=\"productDetails_productDetailsRow__bHp5_\">\n<div class=\"blocks_mobileInlineWrapper__N_Soc\">Gewicht: 350 g<\/div>\n<\/div>\n<\/div>\n<\/div>\n<\/div>\n<\/div>\n<div class=\"productCollapseSection_productCollapseSection__6fb5x productFeatures_root__BqPE9 productFeatures_twoColumnsList__vArq2\">\n<div class=\"productCollapseSection_productCollapseSectionTitle__1Vh_4\">\n<h2 class=\"heading_default__PX0IL heading_style--h3__KKzhL\">Merkmal<\/h2>\n<\/div>\n<div class=\"productCollapseSection_productCollapseSectionContent__VJCb7\">\n<ul>\n<li>Polartec\u00ae<\/li>\n<li>Microfleece-Gewebe<\/li>\n<li>Hybride Bauweise<\/li>\n<li>Brusttasche mit YKK-Rei\u00dfverschluss<\/li>\n<li>YKK-Rei\u00dfverschlusstaschen\u00ae f\u00fcr die H\u00e4nde<\/li>\n<\/ul>\n<\/div>\n<\/div>\n","protected":false},"excerpt":{"rendered":"<p>Die warme und leichte Daybreaker geh\u00f6rt zu den renommiertesten und multifunktionalsten Fleecejacken, die wir entworfen haben. Wir haben es dank<\/p>\n","protected":false},"featured_media":103002,"template":"","meta":{"_seopress_robots_primary_cat":"","_seopress_titles_title":"","_seopress_titles_desc":"","_seopress_robots_index":""},"product_brand":[3645],"product_cat":[1409,974,975,82,1703],"product_tag":[],"class_list":{"0":"post-415672","1":"product","2":"type-product","3":"status-publish","4":"has-post-thumbnail","6":"product_brand-helly-hansen-de","7":"product_cat-freizeitausrustung","8":"product_cat-freizeitkleidung","9":"product_cat-herrenbekleidung","10":"product_cat-kleidung","11":"product_cat-sonstiges","12":"sws-gruppo-abb-libero-de","13":"sws-categoria-sito-de","14":"sws-conto-ricavi-merci-rivendita-abbigliamento-de","15":"sws-gruppo-iva-iva81-de","17":"first","18":"instock","19":"shipping-taxable","20":"purchasable","21":"product-type-variable"},"_links":{"self":[{"href":"https:\/\/lucacastelli.com\/de\/wp-json\/wp\/v2\/product\/415672","targetHints":{"allow":["GET"]}}],"collection":[{"href":"https:\/\/lucacastelli.com\/de\/wp-json\/wp\/v2\/product"}],"about":[{"href":"https:\/\/lucacastelli.com\/de\/wp-json\/wp\/v2\/types\/product"}],"wp:featuredmedia":[{"embeddable":true,"href":"https:\/\/lucacastelli.com\/de\/wp-json\/wp\/v2\/media\/103002"}],"wp:attachment":[{"href":"https:\/\/lucacastelli.com\/de\/wp-json\/wp\/v2\/media?parent=415672"}],"wp:term":[{"taxonomy":"product_brand","embeddable":true,"href":"https:\/\/lucacastelli.com\/de\/wp-json\/wp\/v2\/product_brand?post=415672"},{"taxonomy":"product_cat","embeddable":true,"href":"https:\/\/lucacastelli.com\/de\/wp-json\/wp\/v2\/product_cat?post=415672"},{"taxonomy":"product_tag","embeddable":true,"href":"https:\/\/lucacastelli.com\/de\/wp-json\/wp\/v2\/product_tag?post=415672"}],"curies":[{"name":"wp","href":"https:\/\/api.w.org\/{rel}","templated":true}]}}