{"id":415655,"date":"2025-02-25T21:06:34","date_gmt":"2025-02-25T20:06:34","guid":{"rendered":"https:\/\/lucacastelli.com\/prodotto\/helly-hansen-herren-crew-softshell-jacke-2-0\/"},"modified":"2026-04-01T01:51:30","modified_gmt":"2026-03-31T23:51:30","slug":"helly-hansen-herren-crew-softshell-jacke-2-0","status":"publish","type":"product","link":"https:\/\/lucacastelli.com\/de\/produkt\/helly-hansen-herren-crew-softshell-jacke-2-0\/","title":{"rendered":"Helly Hansen Herren Crew Softshell Jacke 2.0"},"content":{"rendered":"<div class=\"productDetailsSection_productDescriptionSection__FDg0y\">\n<div class=\"productDescription_productDescription__sJIE6\" data-mt-type=\"product-description\">\n<div class=\"richtext_wrapper__lJjZg productDescription_productDescriptionContent__0A3VB\">Dank einer wasserabweisenden Behandlung und dem weichen, geb\u00fcrsteten Fleece-Futter sch\u00fctzt unsere Crew Softshell-Jacke vor Wind und Regen und sorgt gleichzeitig f\u00fcr zus\u00e4tzliche W\u00e4rme. Der elegante Schnitt und das Stretchgewebe dieser HH\u00ae Jacke bieten viel Bewegungsfreiheit \u2013 ideal f\u00fcr die Stadt und an Bord. <\/div>\n<\/div>\n<\/div>\n<div class=\"productCollapseSection_productCollapseSection__6fb5x\">\n<div class=\"productCollapseSection_productCollapseSectionTitle__1Vh_4\">\n<h2 class=\"heading_default__PX0IL heading_style--h3__KKzhL\">Details<\/h2>\n<\/div>\n<div class=\"productCollapseSection_productCollapseSectionContent__VJCb7\">\n<div class=\"productDetails_productDetails__g_C4N\">\n<p>Faserzusammensetzung:<\/p>\n<div class=\"richtext_wrapper__lJjZg blocks_root__vE_15\">Au\u00dfenmaterial: 90 % Polyester (recycelt), 10 % Elastan. Futter: 100 % Polyester<\/div>\n<p>Pflegehinweise:<\/p>\n<div class=\"richtext_wrapper__lJjZg blocks_root__vE_15\">Rei\u00dfverschl\u00fcsse vor dem Waschen schlie\u00dfen. Keinen Weichsp\u00fcler verwenden. Mit \u00e4hnlichen Farben waschen.<\/div>\n<div class=\"productDetails_productDetailsCols__K1qqI\"><\/div>\n<\/div>\n<\/div>\n<\/div>\n<div class=\"productCollapseSection_productCollapseSection__6fb5x productFeatures_root__BqPE9\">\n<div class=\"productCollapseSection_productCollapseSectionTitle__1Vh_4\">\n<h2 class=\"heading_default__PX0IL heading_style--h3__KKzhL\">Eigenschaften<\/h2>\n<\/div>\n<div class=\"productCollapseSection_productCollapseSectionContent__VJCb7\">\n<ul>\n<li>YKK\u00ae-Rei\u00dfverschluss<\/li>\n<li>Kragen aus geb\u00fcrstetem Trikot innen<\/li>\n<li>Brust- und Einschubtaschen mit YKK\u00ae-Rei\u00dfverschl\u00fcssen<\/li>\n<li>Handw\u00e4rmertaschen mit geb\u00fcrstetem Futter<\/li>\n<li>Gedrucktes HH\u00ae Logo<\/li>\n<li>bluesign\u00ae-Produkt<\/li>\n<\/ul>\n<\/div>\n<\/div>\n","protected":false},"excerpt":{"rendered":"<p>Dank einer wasserabweisenden Behandlung und dem weichen, geb\u00fcrsteten Fleece-Futter sch\u00fctzt unsere Crew Softshell-Jacke vor Wind und Regen und sorgt gleichzeitig<\/p>\n","protected":false},"featured_media":103090,"template":"","meta":{"_seopress_robots_primary_cat":"none","_seopress_titles_title":"","_seopress_titles_desc":"","_seopress_robots_index":""},"product_brand":[3645],"product_cat":[1409,974,975,82,1703],"product_tag":[],"class_list":{"0":"post-415655","1":"product","2":"type-product","3":"status-publish","4":"has-post-thumbnail","6":"product_brand-helly-hansen-de","7":"product_cat-freizeitausrustung","8":"product_cat-freizeitkleidung","9":"product_cat-herrenbekleidung","10":"product_cat-kleidung","11":"product_cat-sonstiges","12":"sws-gruppo-abb-libero-de","13":"sws-categoria-sito-de","14":"sws-conto-ricavi-merci-rivendita-abbigliamento-de","15":"sws-gruppo-iva-iva81-de","17":"first","18":"instock","19":"shipping-taxable","20":"purchasable","21":"product-type-variable"},"_links":{"self":[{"href":"https:\/\/lucacastelli.com\/de\/wp-json\/wp\/v2\/product\/415655","targetHints":{"allow":["GET"]}}],"collection":[{"href":"https:\/\/lucacastelli.com\/de\/wp-json\/wp\/v2\/product"}],"about":[{"href":"https:\/\/lucacastelli.com\/de\/wp-json\/wp\/v2\/types\/product"}],"wp:featuredmedia":[{"embeddable":true,"href":"https:\/\/lucacastelli.com\/de\/wp-json\/wp\/v2\/media\/103090"}],"wp:attachment":[{"href":"https:\/\/lucacastelli.com\/de\/wp-json\/wp\/v2\/media?parent=415655"}],"wp:term":[{"taxonomy":"product_brand","embeddable":true,"href":"https:\/\/lucacastelli.com\/de\/wp-json\/wp\/v2\/product_brand?post=415655"},{"taxonomy":"product_cat","embeddable":true,"href":"https:\/\/lucacastelli.com\/de\/wp-json\/wp\/v2\/product_cat?post=415655"},{"taxonomy":"product_tag","embeddable":true,"href":"https:\/\/lucacastelli.com\/de\/wp-json\/wp\/v2\/product_tag?post=415655"}],"curies":[{"name":"wp","href":"https:\/\/api.w.org\/{rel}","templated":true}]}}