{"id":415644,"date":"2025-02-25T20:57:40","date_gmt":"2025-02-25T19:57:40","guid":{"rendered":"https:\/\/lucacastelli.com\/prodotto\/helly-hansen-herren-vancouver-regenjacke\/"},"modified":"2026-04-01T01:51:30","modified_gmt":"2026-03-31T23:51:30","slug":"helly-hansen-herren-vancouver-regenjacke","status":"publish","type":"product","link":"https:\/\/lucacastelli.com\/de\/produkt\/helly-hansen-herren-vancouver-regenjacke\/","title":{"rendered":"Helly Hansen Herren Vancouver Regenjacke"},"content":{"rendered":"<div class=\"productDetailsSection_productDescriptionSection__FDg0y\">\n<div class=\"productDescription_productDescription__sJIE6\" data-mt-type=\"product-description\">\n<div class=\"richtext_wrapper__lJjZg productDescription_productDescriptionContent__0A3VB\">Die Vancouver Rain Jacket ist eine vielseitige Regenjacke f\u00fcr Herren f\u00fcr den t\u00e4glichen Gebrauch und verf\u00fcgt \u00fcber die wasserdichte und atmungsaktive HELLY TECH\u00ae Protection-Technologie, geeignet f\u00fcr all Ihre Abenteuer in der Stadt und im Freien. Dank ihres Stils, der sowohl in den Bergen als auch in der Stadt perfekt passt, ist diese Jacke ideal f\u00fcr den Weg ins B\u00fcro und zur\u00fcck oder f\u00fcr einen Spaziergang im Park, aber auch f\u00fcr Ausfl\u00fcge aufs Meer oder Wanderungen in den Bergen. Zu den wichtigsten Merkmalen geh\u00f6ren eine zweilagige Konstruktion, vollst\u00e4ndig verschwei\u00dfte N\u00e4hte, verstellbare Kapuze und Saum, Handtaschen mit Rei\u00dfverschluss und elastische B\u00fcndchen, die Ihnen ein komfortables und funktionales Erlebnis garantieren.  <\/div>\n<\/div>\n<\/div>\n<div class=\"productCollapseSection_productCollapseSectionTitle__1Vh_4\"><\/div>\n<div>\n<h2>Details<\/h2>\n<p>Faserzusammensetzung:<\/p>\n<p>Au\u00dfenmaterial: 100 % Polyester &#8211; Futter: 100 % Polyester &#8211; Futter 2: 100 % Polyamid<\/p>\n<p>Pflegehinweise:<\/p>\n<p>Mit \u00e4hnlichen Farben waschen. Im Trockner trocknen, um die wasserabweisende Behandlung zu reaktivieren. Keinen Weichsp\u00fcler verwenden. Vor dem Waschen Haken und Schlaufe schlie\u00dfen.  <\/p>\n<p>Gewicht: 525 g<\/p>\n<h2>Eigenschaften<\/h2>\n<ul>\n<li>HELLY TECH SCHUTZ<\/li>\n<li>YKK VISLON<\/li>\n<li>Vollst\u00e4ndig versiegelte N\u00e4hte<\/li>\n<li>2-Lagen-Aufbau<\/li>\n<li>Verstellbare Kapuze und Saum<\/li>\n<li>Handtaschen mit sicherem Rei\u00dfverschluss<\/li>\n<li>Elastische Manschetten<\/li>\n<li>Aufgedrucktes HH-Logo<\/li>\n<li>PFC-freie DWR<\/li>\n<\/ul>\n<\/div>\n","protected":false},"excerpt":{"rendered":"<p>Die Vancouver Rain Jacket ist eine vielseitige Regenjacke f\u00fcr Herren f\u00fcr den t\u00e4glichen Gebrauch und verf\u00fcgt \u00fcber die wasserdichte und<\/p>\n","protected":false},"featured_media":103076,"template":"","meta":{"_seopress_robots_primary_cat":"none","_seopress_titles_title":"","_seopress_titles_desc":"","_seopress_robots_index":""},"product_brand":[3645],"product_cat":[82,974,975,1409,1703],"product_tag":[],"class_list":{"0":"post-415644","1":"product","2":"type-product","3":"status-publish","4":"has-post-thumbnail","6":"product_brand-helly-hansen-de","7":"product_cat-kleidung","8":"product_cat-freizeitkleidung","9":"product_cat-herrenbekleidung","10":"product_cat-freizeitausrustung","11":"product_cat-sonstiges","12":"sws-gruppo-abb-libero-de","13":"sws-categoria-sito-de","14":"sws-conto-ricavi-merci-rivendita-abbigliamento-de","15":"sws-gruppo-iva-iva81-de","17":"first","18":"instock","19":"shipping-taxable","20":"purchasable","21":"product-type-variable"},"_links":{"self":[{"href":"https:\/\/lucacastelli.com\/de\/wp-json\/wp\/v2\/product\/415644","targetHints":{"allow":["GET"]}}],"collection":[{"href":"https:\/\/lucacastelli.com\/de\/wp-json\/wp\/v2\/product"}],"about":[{"href":"https:\/\/lucacastelli.com\/de\/wp-json\/wp\/v2\/types\/product"}],"wp:featuredmedia":[{"embeddable":true,"href":"https:\/\/lucacastelli.com\/de\/wp-json\/wp\/v2\/media\/103076"}],"wp:attachment":[{"href":"https:\/\/lucacastelli.com\/de\/wp-json\/wp\/v2\/media?parent=415644"}],"wp:term":[{"taxonomy":"product_brand","embeddable":true,"href":"https:\/\/lucacastelli.com\/de\/wp-json\/wp\/v2\/product_brand?post=415644"},{"taxonomy":"product_cat","embeddable":true,"href":"https:\/\/lucacastelli.com\/de\/wp-json\/wp\/v2\/product_cat?post=415644"},{"taxonomy":"product_tag","embeddable":true,"href":"https:\/\/lucacastelli.com\/de\/wp-json\/wp\/v2\/product_tag?post=415644"}],"curies":[{"name":"wp","href":"https:\/\/api.w.org\/{rel}","templated":true}]}}