{"id":415613,"date":"2025-02-25T14:21:31","date_gmt":"2025-02-25T13:21:31","guid":{"rendered":"https:\/\/lucacastelli.com\/prodotto\/helly-hansen-herren-hh-logo-t-shirt-3-0\/"},"modified":"2025-06-29T09:51:49","modified_gmt":"2025-06-29T07:51:49","slug":"helly-hansen-herren-hh-logo-t-shirt-3-0","status":"publish","type":"product","link":"https:\/\/lucacastelli.com\/de\/produkt\/helly-hansen-herren-hh-logo-t-shirt-3-0\/","title":{"rendered":"Helly Hansen Herren HH Logo T-Shirt 3.0"},"content":{"rendered":"<div class=\"productDetailsSection_productDescriptionSection__FDg0y\">\n<div class=\"productDescription_productDescription__sJIE6\" data-mt-type=\"product-description\">\n<div class=\"richtext_wrapper__lJjZg productDescription_productDescriptionContent__0A3VB\">Wir haben unser meistverkauftes Logo-T-Shirt mit besserer Passform neu interpretiert. Dieses Jersey mit normaler Passform wurde f\u00fcr den t\u00e4glichen Gebrauch entwickelt und besteht aus Baumwolle, die f\u00fcr mehr Komfort sorgt. Ideal auf den Wanderwegen und am Meer, aber auch in der Stadt, ist dieses T-Shirt ein wirklich vielseitiges Kleidungsst\u00fcck.  <\/div>\n<\/div>\n<\/div>\n<div class=\"productCollapseSection_productCollapseSection__6fb5x\">\n<div class=\"productCollapseSection_productCollapseSectionTitle__1Vh_4\">\n<h2 class=\"heading_default__PX0IL heading_style--h3__KKzhL\">Vor- und Nachteile<\/h2>\n<\/div>\n<div class=\"productCollapseSection_productCollapseSectionContent__VJCb7\">\n<div class=\"productDetails_productDetails__g_C4N\">Ballaststoffgehalt:<\/p>\n<div class=\"richtext_wrapper__lJjZg blocks_root__vE_15\">Obermaterial: 100% Baumwolle<\/div>\n<p>Pflegehinweise:<\/p>\n<div class=\"richtext_wrapper__lJjZg blocks_root__vE_15\">Mit \u00e4hnlichen Farben waschen. Auf links waschen. Bei hellen Farben kann es zu einem gewissen Verblassen kommen. Nicht auf Druck b\u00fcgeln.   <\/div>\n<div class=\"productDetails_productDetailsCols__K1qqI\">\n<div class=\"productDetails_productDetailsRow__bHp5_\">\n<div class=\"blocks_mobileInlineWrapper__N_Soc\">Gewicht: 0g<\/div>\n<\/div>\n<\/div>\n<\/div>\n<\/div>\n<\/div>\n<div class=\"productCollapseSection_productCollapseSection__6fb5x productFeatures_root__BqPE9\">\n<div class=\"productCollapseSection_productCollapseSectionTitle__1Vh_4\">\n<h2 class=\"heading_default__PX0IL heading_style--h3__KKzhL\">Merkmal<\/h2>\n<\/div>\n<div class=\"productCollapseSection_productCollapseSectionContent__VJCb7\">\n<ul>\n<li>Rundhalsausschnitt<\/li>\n<li>Druck auf der Brust<\/li>\n<\/ul>\n<\/div>\n<\/div>\n","protected":false},"excerpt":{"rendered":"<p>Wir haben unser meistverkauftes Logo-T-Shirt mit besserer Passform neu interpretiert. Dieses Jersey mit normaler Passform wurde f\u00fcr den t\u00e4glichen Gebrauch<\/p>\n","protected":false},"featured_media":102895,"template":"","meta":{"_seopress_robots_primary_cat":"","_seopress_titles_title":"","_seopress_titles_desc":"","_seopress_robots_index":""},"product_brand":[3645],"product_cat":[82,1382,975,1409,1703],"product_tag":[],"class_list":{"0":"post-415613","1":"product","2":"type-product","3":"status-publish","4":"has-post-thumbnail","6":"product_brand-helly-hansen-de","7":"product_cat-kleidung","8":"product_cat-arbeitskleidung","9":"product_cat-herrenbekleidung","10":"product_cat-freizeitausrustung","11":"product_cat-sonstiges","12":"sws-gruppo-abb-libero-de","13":"sws-gruppo-no-gruppo-de","14":"sws-categoria-sito-de","15":"sws-conto-ricavi-merci-rivendita-abbigliamento-de","16":"sws-gruppo-iva-iva81-de","18":"first","19":"instock","20":"shipping-taxable","21":"purchasable","22":"product-type-variable"},"_links":{"self":[{"href":"https:\/\/lucacastelli.com\/de\/wp-json\/wp\/v2\/product\/415613","targetHints":{"allow":["GET"]}}],"collection":[{"href":"https:\/\/lucacastelli.com\/de\/wp-json\/wp\/v2\/product"}],"about":[{"href":"https:\/\/lucacastelli.com\/de\/wp-json\/wp\/v2\/types\/product"}],"wp:featuredmedia":[{"embeddable":true,"href":"https:\/\/lucacastelli.com\/de\/wp-json\/wp\/v2\/media\/102895"}],"wp:attachment":[{"href":"https:\/\/lucacastelli.com\/de\/wp-json\/wp\/v2\/media?parent=415613"}],"wp:term":[{"taxonomy":"product_brand","embeddable":true,"href":"https:\/\/lucacastelli.com\/de\/wp-json\/wp\/v2\/product_brand?post=415613"},{"taxonomy":"product_cat","embeddable":true,"href":"https:\/\/lucacastelli.com\/de\/wp-json\/wp\/v2\/product_cat?post=415613"},{"taxonomy":"product_tag","embeddable":true,"href":"https:\/\/lucacastelli.com\/de\/wp-json\/wp\/v2\/product_tag?post=415613"}],"curies":[{"name":"wp","href":"https:\/\/api.w.org\/{rel}","templated":true}]}}