{"id":415546,"date":"2025-04-07T16:53:00","date_gmt":"2025-04-07T14:53:00","guid":{"rendered":"https:\/\/lucacastelli.com\/prodotto\/bandband-norge-frueh\/"},"modified":"2026-03-01T00:15:24","modified_gmt":"2026-02-28T23:15:24","slug":"bandband-norge-frueh","status":"publish","type":"product","link":"https:\/\/lucacastelli.com\/de\/produkt\/bandband-norge-frueh\/","title":{"rendered":"BANDBAND NORGE FR\u00dcH"},"content":{"rendered":"<p>Stirnband aus Wolle, hergestellt in Italien, im charakteristischen &#8220;handgemachten norwegischen Stil&#8221; mit exklusiven Designs, die speziell f\u00fcr &#8220;verr\u00fcckte Fans&#8221; geschaffen wurden, die gerne etwas tragen, das an ihre Lieblingsmarke erinnert, f\u00fcr Sitzungen mit geringer Intensit\u00e4t und Freizeitaktivit\u00e4ten an kalten Tagen.<br \/>\nMit Fleece-Futter, f\u00fcr ein angenehmeres Gef\u00fchl auf der Haut.<\/p>\n<p>GEWICHT: 71 gr<\/p>\n","protected":false},"excerpt":{"rendered":"<p>Stirnband aus Wolle, hergestellt in Italien, im charakteristischen &#8220;handgemachten norwegischen Stil&#8221; mit exklusiven Designs, die speziell f\u00fcr &#8220;verr\u00fcckte Fans&#8221; geschaffen<\/p>\n","protected":false},"featured_media":405067,"template":"","meta":{"_seopress_robots_primary_cat":"","_seopress_titles_title":"","_seopress_titles_desc":"","_seopress_robots_index":""},"product_brand":[3413],"product_cat":[21,186],"product_tag":[],"class_list":{"0":"post-415546","1":"product","2":"type-product","3":"status-publish","4":"has-post-thumbnail","6":"product_brand-crazy","7":"product_cat-abbigliamento","8":"product_cat-accessori-per-labbigliamento","9":"sws-gruppo-abb-libero-de","10":"sws-conto-ricavi-merci-rivendita-abbigliamento-de","11":"sws-gruppo-iva-iva81-de","13":"first","14":"instock","15":"sale","16":"shipping-taxable","17":"purchasable","18":"product-type-simple"},"_links":{"self":[{"href":"https:\/\/lucacastelli.com\/de\/wp-json\/wp\/v2\/product\/415546","targetHints":{"allow":["GET"]}}],"collection":[{"href":"https:\/\/lucacastelli.com\/de\/wp-json\/wp\/v2\/product"}],"about":[{"href":"https:\/\/lucacastelli.com\/de\/wp-json\/wp\/v2\/types\/product"}],"wp:featuredmedia":[{"embeddable":true,"href":"https:\/\/lucacastelli.com\/de\/wp-json\/wp\/v2\/media\/405067"}],"wp:attachment":[{"href":"https:\/\/lucacastelli.com\/de\/wp-json\/wp\/v2\/media?parent=415546"}],"wp:term":[{"taxonomy":"product_brand","embeddable":true,"href":"https:\/\/lucacastelli.com\/de\/wp-json\/wp\/v2\/product_brand?post=415546"},{"taxonomy":"product_cat","embeddable":true,"href":"https:\/\/lucacastelli.com\/de\/wp-json\/wp\/v2\/product_cat?post=415546"},{"taxonomy":"product_tag","embeddable":true,"href":"https:\/\/lucacastelli.com\/de\/wp-json\/wp\/v2\/product_tag?post=415546"}],"curies":[{"name":"wp","href":"https:\/\/api.w.org\/{rel}","templated":true}]}}