{"id":415535,"date":"2025-04-07T16:53:00","date_gmt":"2025-04-07T16:53:00","guid":{"rendered":"https:\/\/lucacastelli.com\/prodotto\/crazy-cap-spire-thermo-man-2\/"},"modified":"2026-04-17T13:15:41","modified_gmt":"2026-04-17T11:15:41","slug":"crazy-cap-spire-thermo-man-2","status":"publish","type":"product","link":"https:\/\/lucacastelli.com\/de\/produkt\/crazy-cap-spire-thermo-man-2\/","title":{"rendered":"CRAZY CAP SPIRE THERMO MAN"},"content":{"rendered":"<p>M\u00fctze f\u00fcr Laufen und Skimo, ideal f\u00fcr hochintensive Aktivit\u00e4ten an besonders kalten oder windigen Tagen.<br \/>\nHergestellt aus Vuelta, einem in Italien produzierten, warmen und atmungsaktiven Gewebe, mit flachen Kontrastn\u00e4hten, in verschiedenen Mustern oder einfarbig, passend zur Farbpalette der Kollektion. Reflektierendes Logo. <\/p>\n<p>&nbsp;<\/p>\n<p>Gewicht: 40 g<\/p>\n","protected":false},"excerpt":{"rendered":"<p>M\u00fctze f\u00fcr Laufen und Skimo, ideal f\u00fcr hochintensive Aktivit\u00e4ten an besonders kalten oder windigen Tagen. Hergestellt aus Vuelta, einem in<\/p>\n","protected":false},"featured_media":405049,"template":"","meta":{"_seopress_robots_primary_cat":"","_seopress_titles_title":"","_seopress_titles_desc":"","_seopress_robots_index":""},"product_brand":[3614],"product_cat":[82,1391],"product_tag":[],"class_list":{"0":"post-415535","1":"product","2":"type-product","3":"status-publish","4":"has-post-thumbnail","6":"product_brand-crazy-de","7":"product_cat-kleidung","8":"product_cat-bekleidungs-accessoires","9":"sws-gruppo-abb-libero-de","10":"sws-conto-ricavi-merci-rivendita-abbigliamento-de","11":"sws-gruppo-iva-iva81-de","13":"first","14":"instock","15":"sale","16":"shipping-taxable","17":"purchasable","18":"product-type-variable"},"_links":{"self":[{"href":"https:\/\/lucacastelli.com\/de\/wp-json\/wp\/v2\/product\/415535","targetHints":{"allow":["GET"]}}],"collection":[{"href":"https:\/\/lucacastelli.com\/de\/wp-json\/wp\/v2\/product"}],"about":[{"href":"https:\/\/lucacastelli.com\/de\/wp-json\/wp\/v2\/types\/product"}],"wp:featuredmedia":[{"embeddable":true,"href":"https:\/\/lucacastelli.com\/de\/wp-json\/wp\/v2\/media\/405049"}],"wp:attachment":[{"href":"https:\/\/lucacastelli.com\/de\/wp-json\/wp\/v2\/media?parent=415535"}],"wp:term":[{"taxonomy":"product_brand","embeddable":true,"href":"https:\/\/lucacastelli.com\/de\/wp-json\/wp\/v2\/product_brand?post=415535"},{"taxonomy":"product_cat","embeddable":true,"href":"https:\/\/lucacastelli.com\/de\/wp-json\/wp\/v2\/product_cat?post=415535"},{"taxonomy":"product_tag","embeddable":true,"href":"https:\/\/lucacastelli.com\/de\/wp-json\/wp\/v2\/product_tag?post=415535"}],"curies":[{"name":"wp","href":"https:\/\/api.w.org\/{rel}","templated":true}]}}