{"id":415529,"date":"2025-04-07T16:53:00","date_gmt":"2025-04-07T14:53:00","guid":{"rendered":"https:\/\/lucacastelli.com\/prodotto\/crazy-cap-spire-thermo-man\/"},"modified":"2026-03-01T00:25:25","modified_gmt":"2026-02-28T23:25:25","slug":"crazy-cap-spire-thermo-man","status":"publish","type":"product","link":"https:\/\/lucacastelli.com\/de\/produkt\/crazy-cap-spire-thermo-man\/","title":{"rendered":"CRAZY CAP SPIRE THERMO MAN"},"content":{"rendered":"<p>Lauf- und Skimo-M\u00fctze, ideal f\u00fcr hochintensive Aktivit\u00e4ten an besonders kalten oder windigen Tagen.<br \/>\nHergestellt aus Vuelta, einem warmen und atmungsaktiven Stoff, der in Italien hergestellt wird, mit kontrastfarbenen Flachn\u00e4hten, in verschiedenen Modellen oder einfarbig, um zur Farbpalette der Kollektion zu passen. Reflektierendes Logo. <\/p>\n<p>&nbsp;<\/p>\n<p>Gewicht: 40 g<\/p>\n","protected":false},"excerpt":{"rendered":"<p>Lauf- und Skimo-M\u00fctze, ideal f\u00fcr hochintensive Aktivit\u00e4ten an besonders kalten oder windigen Tagen. Hergestellt aus Vuelta, einem warmen und atmungsaktiven<\/p>\n","protected":false},"featured_media":405053,"template":"","meta":{"_seopress_robots_primary_cat":"","_seopress_titles_title":"","_seopress_titles_desc":"","_seopress_robots_index":""},"product_brand":[3614],"product_cat":[82,1391],"product_tag":[],"class_list":{"0":"post-415529","1":"product","2":"type-product","3":"status-publish","4":"has-post-thumbnail","6":"product_brand-crazy-de","7":"product_cat-kleidung","8":"product_cat-bekleidungs-accessoires","9":"sws-gruppo-abb-libero-de","10":"sws-conto-ricavi-merci-rivendita-abbigliamento-de","11":"sws-gruppo-iva-iva81-de","13":"first","14":"instock","15":"shipping-taxable","16":"purchasable","17":"product-type-variable"},"_links":{"self":[{"href":"https:\/\/lucacastelli.com\/de\/wp-json\/wp\/v2\/product\/415529","targetHints":{"allow":["GET"]}}],"collection":[{"href":"https:\/\/lucacastelli.com\/de\/wp-json\/wp\/v2\/product"}],"about":[{"href":"https:\/\/lucacastelli.com\/de\/wp-json\/wp\/v2\/types\/product"}],"wp:featuredmedia":[{"embeddable":true,"href":"https:\/\/lucacastelli.com\/de\/wp-json\/wp\/v2\/media\/405053"}],"wp:attachment":[{"href":"https:\/\/lucacastelli.com\/de\/wp-json\/wp\/v2\/media?parent=415529"}],"wp:term":[{"taxonomy":"product_brand","embeddable":true,"href":"https:\/\/lucacastelli.com\/de\/wp-json\/wp\/v2\/product_brand?post=415529"},{"taxonomy":"product_cat","embeddable":true,"href":"https:\/\/lucacastelli.com\/de\/wp-json\/wp\/v2\/product_cat?post=415529"},{"taxonomy":"product_tag","embeddable":true,"href":"https:\/\/lucacastelli.com\/de\/wp-json\/wp\/v2\/product_tag?post=415529"}],"curies":[{"name":"wp","href":"https:\/\/api.w.org\/{rel}","templated":true}]}}