{"id":415503,"date":"2025-04-07T16:53:00","date_gmt":"2025-04-07T14:53:00","guid":{"rendered":"https:\/\/lucacastelli.com\/prodotto\/crazy-pant-wonder-magiceder-2\/"},"modified":"2026-04-15T00:01:41","modified_gmt":"2026-04-14T22:01:41","slug":"crazy-pant-wonder-magiceder-2","status":"publish","type":"product","link":"https:\/\/lucacastelli.com\/de\/produkt\/crazy-pant-wonder-magiceder-2\/","title":{"rendered":"CRAZY PANT WONDER MAGICeder"},"content":{"rendered":"<p>Die Kombination von Mode und Outdoor-Performance war schon immer ein wesentliches Element der Identit\u00e4t von Crazy, und die Wonder Magic ist der Beweis daf\u00fcr: Sie ist die originelle technische Hose mit Denim-Print, perfekt f\u00fcr den Einsatz in den Bergen sowie f\u00fcr den t\u00e4glichen Komfort eines technischen Kleidungsst\u00fccks.<br \/>\nAbsoluter Komfort f\u00fcr einen Stoff, der nicht knittert. Perfekt f\u00fcr jeden Anlass! Sie bestehen aus Vuelta, dem weichen und atmungsaktiven Fleece made in Italy mit Denim-Print. Dank des Schnitts folgen sie der K\u00f6rperform wie eine bunte Strumpfhose. Der bequeme elastische Bund ist ein gro\u00dfartiges Feature, das Komfort und Schutz bietet.    <\/p>\n<p>\u2022 Bequemer elastischer Bund<br \/>\n\u2022 Vuelta, ein in Italien<br \/>\n hergestelltes technisches Gewebe\u2022 Allover-Denim-Print<\/p>\n<p>GEWICHT: 219 gr<\/p>\n","protected":false},"excerpt":{"rendered":"<p>Die Kombination von Mode und Outdoor-Performance war schon immer ein wesentliches Element der Identit\u00e4t von Crazy, und die Wonder Magic<\/p>\n","protected":false},"featured_media":404149,"template":"","meta":{"_seopress_robots_primary_cat":"","_seopress_titles_title":"","_seopress_titles_desc":"","_seopress_robots_index":""},"product_brand":[3614],"product_cat":[1388,974,82],"product_tag":[],"class_list":{"0":"post-415503","1":"product","2":"type-product","3":"status-publish","4":"has-post-thumbnail","6":"product_brand-crazy-de","7":"product_cat-damenbekleidung","8":"product_cat-freizeitkleidung","9":"product_cat-kleidung","10":"sws-gruppo-abb-libero-de","11":"sws-conto-ricavi-merci-rivendita-abbigliamento-de","12":"sws-gruppo-iva-iva81-de","14":"first","15":"instock","16":"sale","17":"shipping-taxable","18":"purchasable","19":"product-type-variable"},"_links":{"self":[{"href":"https:\/\/lucacastelli.com\/de\/wp-json\/wp\/v2\/product\/415503","targetHints":{"allow":["GET"]}}],"collection":[{"href":"https:\/\/lucacastelli.com\/de\/wp-json\/wp\/v2\/product"}],"about":[{"href":"https:\/\/lucacastelli.com\/de\/wp-json\/wp\/v2\/types\/product"}],"wp:featuredmedia":[{"embeddable":true,"href":"https:\/\/lucacastelli.com\/de\/wp-json\/wp\/v2\/media\/404149"}],"wp:attachment":[{"href":"https:\/\/lucacastelli.com\/de\/wp-json\/wp\/v2\/media?parent=415503"}],"wp:term":[{"taxonomy":"product_brand","embeddable":true,"href":"https:\/\/lucacastelli.com\/de\/wp-json\/wp\/v2\/product_brand?post=415503"},{"taxonomy":"product_cat","embeddable":true,"href":"https:\/\/lucacastelli.com\/de\/wp-json\/wp\/v2\/product_cat?post=415503"},{"taxonomy":"product_tag","embeddable":true,"href":"https:\/\/lucacastelli.com\/de\/wp-json\/wp\/v2\/product_tag?post=415503"}],"curies":[{"name":"wp","href":"https:\/\/api.w.org\/{rel}","templated":true}]}}