{"id":415489,"date":"2025-04-07T16:53:00","date_gmt":"2025-04-07T16:53:00","guid":{"rendered":"https:\/\/lucacastelli.com\/prodotto\/crazy-pant-wonder-magiceder\/"},"modified":"2026-04-17T23:21:35","modified_gmt":"2026-04-17T21:21:35","slug":"crazy-pant-wonder-magiceder","status":"publish","type":"product","link":"https:\/\/lucacastelli.com\/de\/produkt\/crazy-pant-wonder-magiceder\/","title":{"rendered":"CRAZY PANT WONDER MAGICeder"},"content":{"rendered":"<p>Die Verbindung von Mode und Outdoor-Performance ist seit jeher ein wesentlicher Bestandteil der Identit\u00e4t von Crazy, und die Wonder Magic sind der Beweis daf\u00fcr: Es handelt sich um die originalen technischen Hosen mit Denim-Print, die sich perfekt f\u00fcr den Einsatz in den Bergen eignen, aber auch f\u00fcr den t\u00e4glichen Komfort eines technischen Kleidungsst\u00fccks.<br \/>\nAbsoluter Komfort durch ein knitterfreies Gewebe. Perfekt f\u00fcr jede Gelegenheit! Sie sind aus Vuelta gefertigt, dem weichen und atmungsaktiven Fleece Made in Italy mit Denim-Print. Dank ihres Schnitts schmiegen sie sich wie eine farbenfrohe Strumpfhose an die K\u00f6rperformen an. Der bequeme elastische Bund ist ein hervorragendes Merkmal, das zus\u00e4tzlichen Komfort und Schutz bietet.    <\/p>\n<p>\u2022 Bequemer elastischer Bund<br \/>\n\u2022 Vuelta, ein technisches Gewebe Made in Italy<br \/>\n\u2022 All-over Denim-Print<\/p>\n<p>GEWICHT: 219 g<\/p>\n","protected":false},"excerpt":{"rendered":"<p>Die Verbindung von Mode und Outdoor-Performance ist seit jeher ein wesentlicher Bestandteil der Identit\u00e4t von Crazy, und die Wonder Magic<\/p>\n","protected":false},"featured_media":404153,"template":"","meta":{"_seopress_robots_primary_cat":"","_seopress_titles_title":"","_seopress_titles_desc":"","_seopress_robots_index":""},"product_brand":[3614],"product_cat":[1388,974,82],"product_tag":[],"class_list":{"0":"post-415489","1":"product","2":"type-product","3":"status-publish","4":"has-post-thumbnail","6":"product_brand-crazy-de","7":"product_cat-damenbekleidung","8":"product_cat-freizeitkleidung","9":"product_cat-kleidung","10":"sws-gruppo-abb-libero-de","11":"sws-conto-ricavi-merci-rivendita-abbigliamento-de","12":"sws-gruppo-iva-iva81-de","14":"first","15":"instock","16":"sale","17":"shipping-taxable","18":"purchasable","19":"product-type-variable"},"_links":{"self":[{"href":"https:\/\/lucacastelli.com\/de\/wp-json\/wp\/v2\/product\/415489","targetHints":{"allow":["GET"]}}],"collection":[{"href":"https:\/\/lucacastelli.com\/de\/wp-json\/wp\/v2\/product"}],"about":[{"href":"https:\/\/lucacastelli.com\/de\/wp-json\/wp\/v2\/types\/product"}],"wp:featuredmedia":[{"embeddable":true,"href":"https:\/\/lucacastelli.com\/de\/wp-json\/wp\/v2\/media\/404153"}],"wp:attachment":[{"href":"https:\/\/lucacastelli.com\/de\/wp-json\/wp\/v2\/media?parent=415489"}],"wp:term":[{"taxonomy":"product_brand","embeddable":true,"href":"https:\/\/lucacastelli.com\/de\/wp-json\/wp\/v2\/product_brand?post=415489"},{"taxonomy":"product_cat","embeddable":true,"href":"https:\/\/lucacastelli.com\/de\/wp-json\/wp\/v2\/product_cat?post=415489"},{"taxonomy":"product_tag","embeddable":true,"href":"https:\/\/lucacastelli.com\/de\/wp-json\/wp\/v2\/product_tag?post=415489"}],"curies":[{"name":"wp","href":"https:\/\/api.w.org\/{rel}","templated":true}]}}