{"id":415483,"date":"2025-04-07T16:53:00","date_gmt":"2025-04-07T16:53:00","guid":{"rendered":"https:\/\/lucacastelli.com\/prodotto\/crazy-pant\/"},"modified":"2026-04-17T23:21:33","modified_gmt":"2026-04-17T21:21:33","slug":"crazy-pant","status":"publish","type":"product","link":"https:\/\/lucacastelli.com\/de\/produkt\/crazy-pant\/","title":{"rendered":"CRAZY PANT SOUND"},"content":{"rendered":"<p>Einzigartig! Das ist die beste Definition f\u00fcr unsere Sound PANT. Die ideale PANT f\u00fcr Skitouren bei k\u00e4ltesten Bedingungen, mit einem Denim-Print, der sie perfekt f\u00fcr den Alltag macht \u2013 Stil und Hochgebirgsw\u00e4rme endlich vereint. Was will man mehr?<br \/>\nSie besteht aus einem Softshell-Gewebe mit winddichter und wasserabweisender Membran, um die W\u00e4rme zu speichern, kombiniert mit einem warmen Fleece-Futter, das maximalen Komfort auf der Haut bietet.<br \/>\nEin unglaubliches Stretch-Gewebe \u2013 mit Eigenschaften, die man beim Anfassen sp\u00fcrt. Ein breiter Bund ist seit Jahren ein Hauptmerkmal vieler von CRAZY entworfener Kleidungsst\u00fccke, da er vor K\u00e4lte sch\u00fctzt und der PANT eine hervorragende Passform verleiht.<br \/>\nDie Beinabschl\u00fcsse verf\u00fcgen \u00fcber Zwickel mit Reissverschl\u00fcssen, die \u00fcber die meisten Skitourenstiefel passen.    <\/p>\n<p>&nbsp;<\/p>\n<p>\u2022 Breiter, bequemer Bund mit Ges\u00e4sstasche<br \/>\n\u2022 Beinzwickel mit Reissverschl\u00fcssen, verstellbar \u00fcber die meisten Stiefel<br \/>\n\u2022 Elastischer Grip am Beinabschluss<br \/>\n\u2022 Gewebe mit winddichter Membran und einzigartigem, stilvollem Print<\/p>\n<p>&nbsp;<\/p>\n<p>GEWICHT: 370 g<\/p>\n","protected":false},"excerpt":{"rendered":"<p>Einzigartig! Das ist die beste Definition f\u00fcr unsere Sound PANT. Die ideale PANT f\u00fcr Skitouren bei k\u00e4ltesten Bedingungen, mit einem<\/p>\n","protected":false},"featured_media":640151,"template":"","meta":{"_seopress_robots_primary_cat":"none","_seopress_titles_title":"","_seopress_titles_desc":"","_seopress_robots_index":""},"product_brand":[3614],"product_cat":[1388,974,82],"product_tag":[],"class_list":{"0":"post-415483","1":"product","2":"type-product","3":"status-publish","4":"has-post-thumbnail","6":"product_brand-crazy-de","7":"product_cat-damenbekleidung","8":"product_cat-freizeitkleidung","9":"product_cat-kleidung","10":"sws-gruppo-abb-libero-de","11":"sws-conto-ricavi-merci-rivendita-abbigliamento-de","12":"sws-gruppo-iva-iva81-de","14":"first","15":"instock","16":"sale","17":"shipping-taxable","18":"purchasable","19":"product-type-variable"},"_links":{"self":[{"href":"https:\/\/lucacastelli.com\/de\/wp-json\/wp\/v2\/product\/415483","targetHints":{"allow":["GET"]}}],"collection":[{"href":"https:\/\/lucacastelli.com\/de\/wp-json\/wp\/v2\/product"}],"about":[{"href":"https:\/\/lucacastelli.com\/de\/wp-json\/wp\/v2\/types\/product"}],"wp:featuredmedia":[{"embeddable":true,"href":"https:\/\/lucacastelli.com\/de\/wp-json\/wp\/v2\/media\/640151"}],"wp:attachment":[{"href":"https:\/\/lucacastelli.com\/de\/wp-json\/wp\/v2\/media?parent=415483"}],"wp:term":[{"taxonomy":"product_brand","embeddable":true,"href":"https:\/\/lucacastelli.com\/de\/wp-json\/wp\/v2\/product_brand?post=415483"},{"taxonomy":"product_cat","embeddable":true,"href":"https:\/\/lucacastelli.com\/de\/wp-json\/wp\/v2\/product_cat?post=415483"},{"taxonomy":"product_tag","embeddable":true,"href":"https:\/\/lucacastelli.com\/de\/wp-json\/wp\/v2\/product_tag?post=415483"}],"curies":[{"name":"wp","href":"https:\/\/api.w.org\/{rel}","templated":true}]}}