{"id":415467,"date":"2025-04-07T16:53:00","date_gmt":"2025-04-07T14:53:00","guid":{"rendered":"https:\/\/lucacastelli.com\/prodotto\/crazy-rock-kanal\/"},"modified":"2026-04-15T00:01:40","modified_gmt":"2026-04-14T22:01:40","slug":"crazy-rock-kanal","status":"publish","type":"product","link":"https:\/\/lucacastelli.com\/de\/produkt\/crazy-rock-kanal\/","title":{"rendered":"CRAZY ROCK-KANAL"},"content":{"rendered":"<p>Isolierter Rock f\u00fcr Outdoor-Aktivit\u00e4ten bei k\u00e4ltesten Bedingungen, zus\u00e4tzlicher Schutz \u00fcber einer Tights, Skitouren- oder Wanderhose. Ohne auf Stil zu verzichten!<br \/>\nDas innovative Nylongewebe auf der Au\u00dfenseite verf\u00fcgt \u00fcber die exklusive I-TUBE-Technologie, eine nahtlose Konstruktion, die das Problem des Verlusts des Micro Roll-Isolationsmaterials bei diesem Kleidungsst\u00fcck beseitigt.<br \/>\nDer breite Bund aus Vuelta, einem in Italien hergestellten Stoff, bleibt an Ort und Stelle und garantiert Komfort und W\u00e4rme an den H\u00fcften und am unteren R\u00fccken.<br \/>\nDie beiden seitlichen Rei\u00dfverschl\u00fcsse k\u00f6nnen teilweise offen gehalten werden, um den Komfort w\u00e4hrend der Bewegung zu verbessern. <\/p>\n<p>\u2022 Breiter Bund aus Vuelta, dem in Italien<br \/>\n hergestellten Softshell-Gewebe\u2022 Langer Rei\u00dfverschluss auf der einen Seite<br \/>\n\u2022 Kurzer Rei\u00dfverschluss zur Anpassung auf der anderen Seite<br \/>\n\u2022 Micro Roll-Isolierung in den I-TUBE-Eins\u00e4tzen<br \/>\n\u2022 Reflektierende Logos<\/p>\n<p>GEWICHT: 170 gr<\/p>\n","protected":false},"excerpt":{"rendered":"<p>Isolierter Rock f\u00fcr Outdoor-Aktivit\u00e4ten bei k\u00e4ltesten Bedingungen, zus\u00e4tzlicher Schutz \u00fcber einer Tights, Skitouren- oder Wanderhose. Ohne auf Stil zu verzichten!<\/p>\n","protected":false},"featured_media":404130,"template":"","meta":{"_seopress_robots_primary_cat":"","_seopress_titles_title":"","_seopress_titles_desc":"","_seopress_robots_index":""},"product_brand":[3614],"product_cat":[82,974,1388],"product_tag":[],"class_list":{"0":"post-415467","1":"product","2":"type-product","3":"status-publish","4":"has-post-thumbnail","6":"product_brand-crazy-de","7":"product_cat-kleidung","8":"product_cat-freizeitkleidung","9":"product_cat-damenbekleidung","10":"sws-gruppo-abb-libero-de","11":"sws-conto-ricavi-merci-rivendita-abbigliamento-de","12":"sws-gruppo-iva-iva81-de","14":"first","15":"instock","16":"sale","17":"shipping-taxable","18":"purchasable","19":"product-type-variable"},"_links":{"self":[{"href":"https:\/\/lucacastelli.com\/de\/wp-json\/wp\/v2\/product\/415467","targetHints":{"allow":["GET"]}}],"collection":[{"href":"https:\/\/lucacastelli.com\/de\/wp-json\/wp\/v2\/product"}],"about":[{"href":"https:\/\/lucacastelli.com\/de\/wp-json\/wp\/v2\/types\/product"}],"wp:featuredmedia":[{"embeddable":true,"href":"https:\/\/lucacastelli.com\/de\/wp-json\/wp\/v2\/media\/404130"}],"wp:attachment":[{"href":"https:\/\/lucacastelli.com\/de\/wp-json\/wp\/v2\/media?parent=415467"}],"wp:term":[{"taxonomy":"product_brand","embeddable":true,"href":"https:\/\/lucacastelli.com\/de\/wp-json\/wp\/v2\/product_brand?post=415467"},{"taxonomy":"product_cat","embeddable":true,"href":"https:\/\/lucacastelli.com\/de\/wp-json\/wp\/v2\/product_cat?post=415467"},{"taxonomy":"product_tag","embeddable":true,"href":"https:\/\/lucacastelli.com\/de\/wp-json\/wp\/v2\/product_tag?post=415467"}],"curies":[{"name":"wp","href":"https:\/\/api.w.org\/{rel}","templated":true}]}}