{"id":415460,"date":"2025-04-07T16:53:00","date_gmt":"2025-04-07T14:53:00","guid":{"rendered":"https:\/\/lucacastelli.com\/prodotto\/crazy-pant-sauerstoff\/"},"modified":"2026-03-01T00:25:49","modified_gmt":"2026-02-28T23:25:49","slug":"crazy-pant-sauerstoff","status":"publish","type":"product","link":"https:\/\/lucacastelli.com\/de\/produkt\/crazy-pant-sauerstoff\/","title":{"rendered":"CRAZY PANT SAUERSTOFF"},"content":{"rendered":"<p>Die Oxygen-Linie wurde f\u00fcr das Training entwickelt und repr\u00e4sentiert die Essenz von Geschwindigkeit und Leichtigkeit in den Bergen, indem sie extrem technische Stoffe und fortschrittliche Konstruktionen mit einer athletischen Passform und einem einzigartigen Stil kombiniert. 100% verr\u00fcckt!<br \/>\nDie Hose ist aus Vuelta-Gewebe &#8220;Made in Italy&#8221; gefertigt, das f\u00fcr Komfort, hohe Atmungsaktivit\u00e4t und W\u00e4rmeregulierung ausgew\u00e4hlt wurde. Die Eins\u00e4tze an den Knien sind aus Softshell mit einer winddichten Membran f\u00fcr zus\u00e4tzlichen Schutz, w\u00e4hrend die Unterseite des Beins aus laminiertem Gewebe mit Schnittschutzverst\u00e4rkung besteht.<br \/>\nDas Kleidungsst\u00fcck hat eine athletische Passform und verf\u00fcgt \u00fcber technische Details wie wasserdichte Gamaschen mit Vollgummizug, die sich an Skitourenschuhe anpassen. <\/p>\n<p>\u2022 Verstellbarer<br \/>\n Bund mit Kordelzug\u2022 Taschen mit unsichtbaren<br \/>\n Rei\u00dfverschl\u00fcssen\u2022 Flachn\u00e4hte in Kontrastfarbe<br \/>\n\u2022 Beinabschl\u00fcsse mit elastischem Kn\u00f6chelzwickel und Rei\u00dfverschluss<br \/>\n\u2022 Integrierte wasserdichte Gamaschen, die den meisten Skitourenschuhen<br \/>\n passen\u2022 Reflektierende Logos<\/p>\n<p>GEWICHT: 329 gr<\/p>\n","protected":false},"excerpt":{"rendered":"<p>Die Oxygen-Linie wurde f\u00fcr das Training entwickelt und repr\u00e4sentiert die Essenz von Geschwindigkeit und Leichtigkeit in den Bergen, indem sie<\/p>\n","protected":false},"featured_media":640173,"template":"","meta":{"_seopress_robots_primary_cat":"","_seopress_titles_title":"","_seopress_titles_desc":"","_seopress_robots_index":""},"product_brand":[3413],"product_cat":[21,189,200],"product_tag":[],"class_list":{"0":"post-415460","1":"product","2":"type-product","3":"status-publish","4":"has-post-thumbnail","6":"product_brand-crazy","7":"product_cat-abbigliamento","8":"product_cat-abbigliamento-per-il-tempo-libero","9":"product_cat-abbigliamento-da-donna","10":"sws-gruppo-abb-libero-de","11":"sws-conto-ricavi-merci-rivendita-abbigliamento-de","12":"sws-gruppo-iva-iva81-de","14":"first","15":"instock","16":"shipping-taxable","17":"purchasable","18":"product-type-variable"},"_links":{"self":[{"href":"https:\/\/lucacastelli.com\/de\/wp-json\/wp\/v2\/product\/415460","targetHints":{"allow":["GET"]}}],"collection":[{"href":"https:\/\/lucacastelli.com\/de\/wp-json\/wp\/v2\/product"}],"about":[{"href":"https:\/\/lucacastelli.com\/de\/wp-json\/wp\/v2\/types\/product"}],"wp:featuredmedia":[{"embeddable":true,"href":"https:\/\/lucacastelli.com\/de\/wp-json\/wp\/v2\/media\/640173"}],"wp:attachment":[{"href":"https:\/\/lucacastelli.com\/de\/wp-json\/wp\/v2\/media?parent=415460"}],"wp:term":[{"taxonomy":"product_brand","embeddable":true,"href":"https:\/\/lucacastelli.com\/de\/wp-json\/wp\/v2\/product_brand?post=415460"},{"taxonomy":"product_cat","embeddable":true,"href":"https:\/\/lucacastelli.com\/de\/wp-json\/wp\/v2\/product_cat?post=415460"},{"taxonomy":"product_tag","embeddable":true,"href":"https:\/\/lucacastelli.com\/de\/wp-json\/wp\/v2\/product_tag?post=415460"}],"curies":[{"name":"wp","href":"https:\/\/api.w.org\/{rel}","templated":true}]}}