{"id":415447,"date":"2025-04-07T16:53:00","date_gmt":"2025-04-07T14:53:00","guid":{"rendered":"https:\/\/lucacastelli.com\/prodotto\/crazy-jkt-next-frau\/"},"modified":"2026-04-15T00:01:39","modified_gmt":"2026-04-14T22:01:39","slug":"crazy-jkt-next-frau","status":"publish","type":"product","link":"https:\/\/lucacastelli.com\/de\/produkt\/crazy-jkt-next-frau\/","title":{"rendered":"CRAZY JKT NEXT FRAU"},"content":{"rendered":"<p>Mittelschwere, sch\u00fctzende und aggressiv aussehende Jacke.<\/p>\n<p>Es besteht aus dem innovativen Zwei-Wege-Stretch-Two-Face-Gewebe, das innen weich und bequem ist, aber eine winddichte und abriebfeste Au\u00dfenfl\u00e4che hat.<\/p>\n<p>Durch diese Hybridkonstruktion eignet es sich sowohl f\u00fcr den Einsatz als Au\u00dfenschicht an windigen Tagen als auch als sehr warme Zwischenschicht f\u00fcr extreme Temperaturen.<\/p>\n<p>Um den Schutz und die Atmungsaktivit\u00e4t zu optimieren, haben wir den Stoff in den Seitenteilen leichter gemacht.<\/p>\n<p>\u2022 Offene Jacke auf der Vorderseite mit Rei\u00dfverschluss und Kapuze<br \/>\n\u2022 Lasergeschnittene Einschubtaschen mit geklebten<br \/>\n Rei\u00dfverschl\u00fcssen\u2022 Elastische Bes\u00e4tze an Kapuze und \u00c4rmelb\u00fcndchen<br \/>\n\u2022 Daumenschlaufen<br \/>\n\u2022 Easy Lock Tasche f\u00fcr LVS-Ger\u00e4t\u2022<br \/>\n Kabel\u00f6ffnung an der Kapuze<br \/>\n\u2022 Flachn\u00e4hte in Kontrastfarbe<\/p>\n<p>GEWICHT: 338 gr<\/p>\n","protected":false},"excerpt":{"rendered":"<p>Mittelschwere, sch\u00fctzende und aggressiv aussehende Jacke. Es besteht aus dem innovativen Zwei-Wege-Stretch-Two-Face-Gewebe, das innen weich und bequem ist, aber eine<\/p>\n","protected":false},"featured_media":404110,"template":"","meta":{"_seopress_robots_primary_cat":"","_seopress_titles_title":"","_seopress_titles_desc":"","_seopress_robots_index":""},"product_brand":[3614],"product_cat":[1388,974,82],"product_tag":[],"class_list":{"0":"post-415447","1":"product","2":"type-product","3":"status-publish","4":"has-post-thumbnail","6":"product_brand-crazy-de","7":"product_cat-damenbekleidung","8":"product_cat-freizeitkleidung","9":"product_cat-kleidung","10":"sws-gruppo-abb-libero-de","11":"sws-conto-ricavi-merci-rivendita-abbigliamento-de","12":"sws-gruppo-iva-iva81-de","14":"first","15":"instock","16":"sale","17":"shipping-taxable","18":"purchasable","19":"product-type-variable"},"_links":{"self":[{"href":"https:\/\/lucacastelli.com\/de\/wp-json\/wp\/v2\/product\/415447","targetHints":{"allow":["GET"]}}],"collection":[{"href":"https:\/\/lucacastelli.com\/de\/wp-json\/wp\/v2\/product"}],"about":[{"href":"https:\/\/lucacastelli.com\/de\/wp-json\/wp\/v2\/types\/product"}],"wp:featuredmedia":[{"embeddable":true,"href":"https:\/\/lucacastelli.com\/de\/wp-json\/wp\/v2\/media\/404110"}],"wp:attachment":[{"href":"https:\/\/lucacastelli.com\/de\/wp-json\/wp\/v2\/media?parent=415447"}],"wp:term":[{"taxonomy":"product_brand","embeddable":true,"href":"https:\/\/lucacastelli.com\/de\/wp-json\/wp\/v2\/product_brand?post=415447"},{"taxonomy":"product_cat","embeddable":true,"href":"https:\/\/lucacastelli.com\/de\/wp-json\/wp\/v2\/product_cat?post=415447"},{"taxonomy":"product_tag","embeddable":true,"href":"https:\/\/lucacastelli.com\/de\/wp-json\/wp\/v2\/product_tag?post=415447"}],"curies":[{"name":"wp","href":"https:\/\/api.w.org\/{rel}","templated":true}]}}