{"id":415432,"date":"2025-10-09T19:15:00","date_gmt":"2025-10-09T17:15:00","guid":{"rendered":"https:\/\/lucacastelli.com\/prodotto\/crazy-jkt-nachher\/"},"modified":"2026-04-15T00:01:38","modified_gmt":"2026-04-14T22:01:38","slug":"crazy-jkt-nachher","status":"publish","type":"product","link":"https:\/\/lucacastelli.com\/de\/produkt\/crazy-jkt-nachher\/","title":{"rendered":"CRAZY JKT NACHHER"},"content":{"rendered":"<p>Hybrid-Jacke mit Kapuze und hoher W\u00e4rmeisolierung. Unsere w\u00e4rmste Hybrid-Jacke, die Eins\u00e4tze aus Nylon mit Eins\u00e4tzen aus warmem Fleece kombiniert.<br \/>\nEine ausgezeichnete dritte Schicht, warm mit einer sch\u00fctzenden Vorderseite aus Nylon und einem ansprechenden Aussehen, ideal f\u00fcr alle Outdoor-Aktivit\u00e4ten.<br \/>\nSie ist aus weichem und warmem \u201eFluffy Warm\u201c-Fleece gefertigt, mit einer Vorderseite aus wasserabweisendem und winddichtem Pertex Quantum-Nylon. Der Saum ist aus technischem HP-Gewebe, elastisch und formgebend, das in der 3D-Version verwendet wird, die sich durch eine dreidimensionale Struktur auszeichnet, die die Atmungsaktivit\u00e4t verbessert.  <\/p>\n<p>\u2022 Hybrid-Jacke mit gro\u00dfer Kapuze aus fell\u00e4hnlichem Material<br \/>\n\u2022 Taschen mit Rei\u00dfverschluss<br \/>\n\u2022 Elastische Bord\u00fcre an Kapuze und \u00c4rmelb\u00fcndchen<br \/>\n\u2022 Reflektierende Logos<br \/>\n\u2022 Sternf\u00f6rmiges Design<\/p>\n<p>GEWICHT: 430 gr<\/p>\n","protected":false},"excerpt":{"rendered":"<p>Hybrid-Jacke mit Kapuze und hoher W\u00e4rmeisolierung. Unsere w\u00e4rmste Hybrid-Jacke, die Eins\u00e4tze aus Nylon mit Eins\u00e4tzen aus warmem Fleece kombiniert. Eine<\/p>\n","protected":false},"featured_media":635700,"template":"","meta":{"_seopress_robots_primary_cat":"none","_seopress_titles_title":"","_seopress_titles_desc":"","_seopress_robots_index":""},"product_brand":[3413],"product_cat":[21,189,200],"product_tag":[],"class_list":{"0":"post-415432","1":"product","2":"type-product","3":"status-publish","4":"has-post-thumbnail","6":"product_brand-crazy","7":"product_cat-abbigliamento","8":"product_cat-abbigliamento-per-il-tempo-libero","9":"product_cat-abbigliamento-da-donna","10":"sws-gruppo-abb-libero-de","11":"sws-conto-ricavi-merci-rivendita-abbigliamento-de","12":"sws-gruppo-iva-iva81-de","14":"first","15":"instock","16":"sale","17":"shipping-taxable","18":"purchasable","19":"product-type-variable"},"_links":{"self":[{"href":"https:\/\/lucacastelli.com\/de\/wp-json\/wp\/v2\/product\/415432","targetHints":{"allow":["GET"]}}],"collection":[{"href":"https:\/\/lucacastelli.com\/de\/wp-json\/wp\/v2\/product"}],"about":[{"href":"https:\/\/lucacastelli.com\/de\/wp-json\/wp\/v2\/types\/product"}],"wp:featuredmedia":[{"embeddable":true,"href":"https:\/\/lucacastelli.com\/de\/wp-json\/wp\/v2\/media\/635700"}],"wp:attachment":[{"href":"https:\/\/lucacastelli.com\/de\/wp-json\/wp\/v2\/media?parent=415432"}],"wp:term":[{"taxonomy":"product_brand","embeddable":true,"href":"https:\/\/lucacastelli.com\/de\/wp-json\/wp\/v2\/product_brand?post=415432"},{"taxonomy":"product_cat","embeddable":true,"href":"https:\/\/lucacastelli.com\/de\/wp-json\/wp\/v2\/product_cat?post=415432"},{"taxonomy":"product_tag","embeddable":true,"href":"https:\/\/lucacastelli.com\/de\/wp-json\/wp\/v2\/product_tag?post=415432"}],"curies":[{"name":"wp","href":"https:\/\/api.w.org\/{rel}","templated":true}]}}