{"id":415428,"date":"2025-03-03T16:24:37","date_gmt":"2025-03-03T15:24:37","guid":{"rendered":"https:\/\/lucacastelli.com\/prodotto\/petzl-top-croll\/"},"modified":"2025-10-24T10:42:47","modified_gmt":"2025-10-24T08:42:47","slug":"petzl-top-croll","status":"publish","type":"product","link":"https:\/\/lucacastelli.com\/de\/produkt\/petzl-top-croll\/","title":{"rendered":"PETZL TOP CROLL\u00ae"},"content":{"rendered":"<p class=\"productSubtitle\">Brustgurt f\u00fcr Sitzgurt mit Bauchsteigklemme CROLL L<\/p>\n<div class=\"productCaracteristiquesPosition inlineblock\">\n<p class=\"productCaracteristiques inlineblock\">Mit dem Brustgurt TOP CROLL k\u00f6nnen Sie die Sitzgurte AVAO SIT, AVAO SIT FAST, ASTRO SIT, FALCON, FALCON ASCENT, FALCON MOUNTAIN und SEQUOIA SRT in komplette Gurte f\u00fcr Seilzugangsarbeiten mit schwierigem Zugang verwandeln. Die gepolsterten Hosentr\u00e4ger sind vom Hals getrennt, um Scheuern zu begrenzen. Im Falle einer Belastung des Gurtes erm\u00f6glicht Ihnen der TOP CROLL Brustgurt, diese Last aufzunehmen und auf Ihre Schultern zu verteilen.  <\/p>\n<p>&nbsp;<\/p>\n<\/div>\n<h3>Detaillierte Beschreibung<\/h3>\n<div class=\"list\">\n<ul>\n<li>Verwandeln Sie die Sitzgurte AVAO SIT, AVAO SIT FAST, ASTRO SIT, FALCON, FALCON ASCENT, FALCON MOUNTAIN und SEQUOIA SRT dank der integrierten Bauchsteigklemme CROLL L in Ganzk\u00f6rpergurte f\u00fcr Arbeiten mit schwierigem Zugang und Aufstiegen am Seil.<\/li>\n<li>Komfortable Konstruktion:<br \/>\n&#8211; die vom Hals getrennten Gurte begrenzen das Scheuern,<br \/>\n&#8211; die d\u00fcnnen und gleitenden Gurte erm\u00f6glichen mehr Freiheit und Bewegungsfreiheit,<br \/>\n&#8211; die gesamte Kontaktfl\u00e4che ist mit vorgeformter Polsterung versehen, mit atmungsaktivem Stoff \u00fcberzogen und erm\u00f6glicht es dem Benutzer, sich bequem zu bewegen und zu arbeiten.<\/li>\n<li>Vereinfachte Installation:<br \/>\n&#8211; Er wird an der R\u00fcckseite des Gurtes an der speziellen Schnalle mit Hilfe eines Wolfsmaulknotens installiert,<br \/>\n&#8211; Die Verbindung zur Vorderseite des Gurtes erfolgt direkt an der \u00d6ffnungsbefestigung des ASTRO SIT-Gurtes oder einfach \u00fcber einen Verbinder mit Verriegelung oder semi-permanentem Ring bei anderen Sitzgurten.<\/li>\n<li>Komfortable Einstellung:<br \/>\n&#8211; FAST zu \u00f6ffnende Schnalle an der linken Schulter, um das An- und Ausziehen des Gurtzeugs zu erleichtern,<br \/>\n&#8211; DOUBLEBACK selbstsichernde Schnalle mit Anti-Rutsch-System an der rechten Schulter f\u00fcr eine einfache und stabile Einstellung,<br \/>\n&#8211; Velcro-Gurtband, h\u00f6henverstellbar und rechts oder links positionierbar, um den ASAP&#8217;SORBER Falld\u00e4mpfer zu halten,<br \/>\n&#8211; M\u00f6glichkeit, Verbindungselemente f\u00fcr Verbindungsmittel zur Absturzsicherung an den Schultergurten anzubringen (als Zubeh\u00f6r erh\u00e4ltlich).<\/li>\n<\/ul>\n<\/div>\n<h3>Spezifikationen<\/h3>\n<div class=\"list\">\n<ul>\n<li>Sternale Anschlag\u00f6se: Anschluss eines Auffangsystems.<\/li>\n<li>Zertifizierungen: CE EN 361 und CE EN 12841 Typ B (mit ASTRO SIT, AVAO SIT, AVAO SIT FAST, FALCON, FALCON ASCENT, SEQUOIA SRT Sitzgurt)<\/li>\n<li>Seildurchmesser, die mit der Seilklemme CROLL L kompatibel sind: von 10 bis 13 mm.<\/li>\n<li>Materialien: Polyamid, Polyester, Aluminium, Stahl<\/li>\n<\/ul>\n<p>&nbsp;<\/p>\n<\/div>\n<table>\n<tbody>\n<tr>\n<th class=\"rowTitle\">Artikelnummern<\/th>\n<th>C081CB00<\/th>\n<\/tr>\n<tr>\n<td class=\"rowTitle\">Farbe(n)<\/td>\n<td>Schwarz, Gelb<\/td>\n<\/tr>\n<tr>\n<td class=\"rowTitle\">Statur<\/td>\n<td>ca. 160-200 cm<\/td>\n<\/tr>\n<tr>\n<td class=\"rowTitle\">Gewicht<\/td>\n<td>525 Gramm<\/td>\n<\/tr>\n<tr>\n<td class=\"rowTitle\">Garantie<\/td>\n<td>3 Jahre<\/td>\n<\/tr>\n<tr>\n<td class=\"rowTitle\">Verpackung<\/td>\n<td>1<\/td>\n<\/tr>\n<\/tbody>\n<\/table>\n","protected":false},"excerpt":{"rendered":"<p>Brustgurt f\u00fcr Sitzgurt mit Bauchsteigklemme CROLL L Mit dem Brustgurt TOP CROLL k\u00f6nnen Sie die Sitzgurte AVAO SIT, AVAO SIT<\/p>\n","protected":false},"featured_media":404091,"template":"","meta":{"_seopress_robots_primary_cat":"","_seopress_titles_title":"","_seopress_titles_desc":"","_seopress_robots_index":""},"product_brand":[3446],"product_cat":[537,814],"product_tag":[],"class_list":{"0":"post-415428","1":"product","2":"type-product","3":"status-publish","4":"has-post-thumbnail","6":"product_brand-petzl","7":"product_cat-attrezzatura-da-lavoro","8":"product_cat-imbraghi-e-materiale-di-sicurezza","9":"sws-gruppo-attrezz-de","10":"sws-conto-ricavi-merci-rivendita-abbigliamento-de","11":"sws-gruppo-iva-iva81-de","13":"first","14":"instock","15":"shipping-taxable","16":"purchasable","17":"product-type-simple"},"_links":{"self":[{"href":"https:\/\/lucacastelli.com\/de\/wp-json\/wp\/v2\/product\/415428","targetHints":{"allow":["GET"]}}],"collection":[{"href":"https:\/\/lucacastelli.com\/de\/wp-json\/wp\/v2\/product"}],"about":[{"href":"https:\/\/lucacastelli.com\/de\/wp-json\/wp\/v2\/types\/product"}],"wp:featuredmedia":[{"embeddable":true,"href":"https:\/\/lucacastelli.com\/de\/wp-json\/wp\/v2\/media\/404091"}],"wp:attachment":[{"href":"https:\/\/lucacastelli.com\/de\/wp-json\/wp\/v2\/media?parent=415428"}],"wp:term":[{"taxonomy":"product_brand","embeddable":true,"href":"https:\/\/lucacastelli.com\/de\/wp-json\/wp\/v2\/product_brand?post=415428"},{"taxonomy":"product_cat","embeddable":true,"href":"https:\/\/lucacastelli.com\/de\/wp-json\/wp\/v2\/product_cat?post=415428"},{"taxonomy":"product_tag","embeddable":true,"href":"https:\/\/lucacastelli.com\/de\/wp-json\/wp\/v2\/product_tag?post=415428"}],"curies":[{"name":"wp","href":"https:\/\/api.w.org\/{rel}","templated":true}]}}