{"id":415425,"date":"2025-04-07T16:53:00","date_gmt":"2025-04-07T16:53:00","guid":{"rendered":"https:\/\/lucacastelli.com\/prodotto\/crazy-jkt-wonder-magiceder\/"},"modified":"2026-04-17T13:36:02","modified_gmt":"2026-04-17T11:36:02","slug":"crazy-jkt-wonder-magiceder","status":"publish","type":"product","link":"https:\/\/lucacastelli.com\/de\/produkt\/crazy-jkt-wonder-magiceder\/","title":{"rendered":"CRAZY JKT WONDER MAGICeder"},"content":{"rendered":"<p>Eine Steppjacke mit modernem Design und eleganter, femininer Passform, die durch ein seitliches Kontrastpanel die schlanke und elegante Silhouette optisch betont.<br \/>\nDie Jkt Wonder Magic eignet sich dank ihres technischen und elastischen Gewebes auch perfekt f\u00fcr intensive Aktivit\u00e4ten und bietet gleichzeitig hohen Komfort f\u00fcr den t\u00e4glichen Gebrauch.<br \/>\nGefertigt aus technischem Pertex Quantum 20 Denier Gewebe, ist sie leicht, weich und windabweisend. Die Micro Roll Wattierung sorgt f\u00fcr Komfort und W\u00e4rme. Die Kapuze ist warm und komfortabel.  <\/p>\n<p>\u2022 Ergonomische Kapuze mit elastischem Rand<br \/>\n\u2022 Durchgehender Front-Rei\u00dfverschluss<br \/>\n\u2022 Handtaschen mit Rei\u00dfverschluss<br \/>\n\u2022 Microroll-Wattierung<br \/>\n\u2022 All-over-Prints<br \/>\n\u2022 Elastische Seitenpanels<br \/>\n\u2022 B\u00fcndchen aus wasserabweisender Mikrofaser<\/p>\n<p>GEWICHT: 335 g<\/p>\n","protected":false},"excerpt":{"rendered":"<p>Eine Steppjacke mit modernem Design und eleganter, femininer Passform, die durch ein seitliches Kontrastpanel die schlanke und elegante Silhouette optisch<\/p>\n","protected":false},"featured_media":404046,"template":"","meta":{"_seopress_robots_primary_cat":"none","_seopress_titles_title":"","_seopress_titles_desc":"","_seopress_robots_index":""},"product_brand":[3614],"product_cat":[82,974,1388],"product_tag":[],"class_list":{"0":"post-415425","1":"product","2":"type-product","3":"status-publish","4":"has-post-thumbnail","6":"product_brand-crazy-de","7":"product_cat-kleidung","8":"product_cat-freizeitkleidung","9":"product_cat-damenbekleidung","10":"sws-gruppo-abb-libero-de","11":"sws-conto-ricavi-merci-rivendita-abbigliamento-de","12":"sws-gruppo-iva-iva81-de","14":"first","15":"instock","16":"sale","17":"shipping-taxable","18":"purchasable","19":"product-type-variable"},"_links":{"self":[{"href":"https:\/\/lucacastelli.com\/de\/wp-json\/wp\/v2\/product\/415425","targetHints":{"allow":["GET"]}}],"collection":[{"href":"https:\/\/lucacastelli.com\/de\/wp-json\/wp\/v2\/product"}],"about":[{"href":"https:\/\/lucacastelli.com\/de\/wp-json\/wp\/v2\/types\/product"}],"wp:featuredmedia":[{"embeddable":true,"href":"https:\/\/lucacastelli.com\/de\/wp-json\/wp\/v2\/media\/404046"}],"wp:attachment":[{"href":"https:\/\/lucacastelli.com\/de\/wp-json\/wp\/v2\/media?parent=415425"}],"wp:term":[{"taxonomy":"product_brand","embeddable":true,"href":"https:\/\/lucacastelli.com\/de\/wp-json\/wp\/v2\/product_brand?post=415425"},{"taxonomy":"product_cat","embeddable":true,"href":"https:\/\/lucacastelli.com\/de\/wp-json\/wp\/v2\/product_cat?post=415425"},{"taxonomy":"product_tag","embeddable":true,"href":"https:\/\/lucacastelli.com\/de\/wp-json\/wp\/v2\/product_tag?post=415425"}],"curies":[{"name":"wp","href":"https:\/\/api.w.org\/{rel}","templated":true}]}}