{"id":415416,"date":"2025-04-07T16:53:00","date_gmt":"2025-04-07T14:53:00","guid":{"rendered":"https:\/\/lucacastelli.com\/prodotto\/crazy-jkt-kraehen\/"},"modified":"2026-04-15T00:01:37","modified_gmt":"2026-04-14T22:01:37","slug":"crazy-jkt-kraehen","status":"publish","type":"product","link":"https:\/\/lucacastelli.com\/de\/produkt\/crazy-jkt-kraehen\/","title":{"rendered":"CRAZY JKT CROWS"},"content":{"rendered":"<p>Eine warme, wasserabweisende und winddichte Winterjacke mit unglaublicher Elastizit\u00e4t.<br \/>\nIhre St\u00e4rke liegt im einzigartigen Design und Stil, was sie zu einem modischen Highlight und \u201eEvergreen\u201c der Kollektion macht. Sie \u00fcberzeugt jedoch auch durch Komfort und technische Eigenschaften f\u00fcr die Freizeit in den Bergen oder beim alpinen Skisport.<br \/>\nDas Au\u00dfenmaterial ist ein sch\u00fctzendes und wasserabweisendes One-Layer-Nylon. Die F\u00fcllung besteht aus Microrollo und die elastischen N\u00e4hte garantieren eine tadellose Passform.<br \/>\n\u00c4rmel und Seitenteile verf\u00fcgen \u00fcber elastische Eins\u00e4tze, w\u00e4hrend die Schultern aus einem strapazierf\u00e4higeren Stretch-Gewebe bestehen. Die \u00c4rmelb\u00fcndchen sind mit praktischen Daumenl\u00f6chern ausgestattet.   <\/p>\n<p>\u2022 Elastische Kapuze<br \/>\n\u2022 Durchgehender Front-Rei\u00dfverschluss<br \/>\n\u2022 Seitentaschen mit Rei\u00dfverschluss<br \/>\n\u2022 Daumenl\u00f6cher<br \/>\n\u2022 Innentasche f\u00fcr Skipass<br \/>\n\u2022 Elastische N\u00e4hte<br \/>\n\u2022 Innentasche zum Verstauen der Jacke<br \/>\n\u2022 Microrollo-Isolierung<br \/>\n\u2022 Wasserabweisende Mikrofaser-B\u00fcndchen<br \/>\n\u2022 Reflektierende Logos<\/p>\n<p>GEWICHT: 522 gr<\/p>\n","protected":false},"excerpt":{"rendered":"<p>Eine warme, wasserabweisende und winddichte Winterjacke mit unglaublicher Elastizit\u00e4t. Ihre St\u00e4rke liegt im einzigartigen Design und Stil, was sie zu<\/p>\n","protected":false},"featured_media":404052,"template":"","meta":{"_seopress_robots_primary_cat":"none","_seopress_titles_title":"","_seopress_titles_desc":"","_seopress_robots_index":""},"product_brand":[3614],"product_cat":[1388,974,82],"product_tag":[],"class_list":{"0":"post-415416","1":"product","2":"type-product","3":"status-publish","4":"has-post-thumbnail","6":"product_brand-crazy-de","7":"product_cat-damenbekleidung","8":"product_cat-freizeitkleidung","9":"product_cat-kleidung","10":"sws-gruppo-abb-libero-de","11":"sws-conto-ricavi-merci-rivendita-abbigliamento-de","12":"sws-gruppo-iva-iva81-de","14":"first","15":"instock","16":"sale","17":"shipping-taxable","18":"purchasable","19":"product-type-variable"},"_links":{"self":[{"href":"https:\/\/lucacastelli.com\/de\/wp-json\/wp\/v2\/product\/415416","targetHints":{"allow":["GET"]}}],"collection":[{"href":"https:\/\/lucacastelli.com\/de\/wp-json\/wp\/v2\/product"}],"about":[{"href":"https:\/\/lucacastelli.com\/de\/wp-json\/wp\/v2\/types\/product"}],"wp:featuredmedia":[{"embeddable":true,"href":"https:\/\/lucacastelli.com\/de\/wp-json\/wp\/v2\/media\/404052"}],"wp:attachment":[{"href":"https:\/\/lucacastelli.com\/de\/wp-json\/wp\/v2\/media?parent=415416"}],"wp:term":[{"taxonomy":"product_brand","embeddable":true,"href":"https:\/\/lucacastelli.com\/de\/wp-json\/wp\/v2\/product_brand?post=415416"},{"taxonomy":"product_cat","embeddable":true,"href":"https:\/\/lucacastelli.com\/de\/wp-json\/wp\/v2\/product_cat?post=415416"},{"taxonomy":"product_tag","embeddable":true,"href":"https:\/\/lucacastelli.com\/de\/wp-json\/wp\/v2\/product_tag?post=415416"}],"curies":[{"name":"wp","href":"https:\/\/api.w.org\/{rel}","templated":true}]}}