{"id":415413,"date":"2025-04-07T16:53:00","date_gmt":"2025-04-07T16:53:00","guid":{"rendered":"https:\/\/lucacastelli.com\/prodotto\/crazy-wonder-magic-shell-parkaeder\/"},"modified":"2026-04-17T13:35:37","modified_gmt":"2026-04-17T11:35:37","slug":"crazy-wonder-magic-shell-parkaeder","status":"publish","type":"product","link":"https:\/\/lucacastelli.com\/de\/produkt\/crazy-wonder-magic-shell-parkaeder\/","title":{"rendered":"CRAZY PARKA WONDER MAGIC SHELLeder"},"content":{"rendered":"<p>Die lange, wasserdichte Jacke aus komplett versiegeltem 3-Lagen-Gewebe ist extrem technisch und sch\u00fctzt vor Regen und Schnee, \u00fcberzeugt aber durch einen modischen Look, der sie perfekt f\u00fcr den Einsatz in den Bergen wie auch in der Stadt macht!<br \/>\nDer Wonder Magic Parka zeichnet sich durch sein speziell f\u00fcr Crazy entwickeltes technisches Gewebe aus, mit einer Wassers\u00e4ule von 20.000 mm, voll elastisch und atmungsaktiv, sowie einem Finish, das ihn extrem weich und luxuri\u00f6s im Griff macht.<br \/>\nDas Design des Mantels bietet zus\u00e4tzlichen Schutz im unteren R\u00fcckenbereich und wirkt dank der \u00fcberlappenden Seitenschlitze, des femininen Schnitts und der All-over-Prints sehr elegant.<\/p>\n<p>\u2022 Lange Jacke f\u00fcr zus\u00e4tzlichen Schutz<br \/>\n\u2022 Durchgehender Front-Rei\u00dfverschluss mit Doppel-Schieber<br \/>\n\u2022 Strukturierte Kapuze mit Visier, verstellbar mit Klettverschluss<br \/>\n\u2022 Breite, mit Klettverschluss verstellbare B\u00fcndchen<br \/>\n\u2022 Seitentaschen mit unsichtbaren Rei\u00dfverschl\u00fcssen<br \/>\n\u2022 Au\u00dfenmaterial mit 20.000 mm Wassers\u00e4ule, elastisch und atmungsaktiv<br \/>\n\u2022 Elastische Taillenregulierung mit Kordelzug<\/p>\n<p>GEWICHT: 450 g<\/p>\n","protected":false},"excerpt":{"rendered":"<p>Die lange, wasserdichte Jacke aus komplett versiegeltem 3-Lagen-Gewebe ist extrem technisch und sch\u00fctzt vor Regen und Schnee, \u00fcberzeugt aber durch<\/p>\n","protected":false},"featured_media":404041,"template":"","meta":{"_seopress_robots_primary_cat":"none","_seopress_titles_title":"","_seopress_titles_desc":"","_seopress_robots_index":""},"product_brand":[3614],"product_cat":[1388,974,82],"product_tag":[],"class_list":{"0":"post-415413","1":"product","2":"type-product","3":"status-publish","4":"has-post-thumbnail","6":"product_brand-crazy-de","7":"product_cat-damenbekleidung","8":"product_cat-freizeitkleidung","9":"product_cat-kleidung","10":"sws-gruppo-abb-libero-de","11":"sws-conto-ricavi-merci-rivendita-abbigliamento-de","12":"sws-gruppo-iva-iva81-de","14":"first","15":"instock","16":"sale","17":"shipping-taxable","18":"purchasable","19":"product-type-variable"},"_links":{"self":[{"href":"https:\/\/lucacastelli.com\/de\/wp-json\/wp\/v2\/product\/415413","targetHints":{"allow":["GET"]}}],"collection":[{"href":"https:\/\/lucacastelli.com\/de\/wp-json\/wp\/v2\/product"}],"about":[{"href":"https:\/\/lucacastelli.com\/de\/wp-json\/wp\/v2\/types\/product"}],"wp:featuredmedia":[{"embeddable":true,"href":"https:\/\/lucacastelli.com\/de\/wp-json\/wp\/v2\/media\/404041"}],"wp:attachment":[{"href":"https:\/\/lucacastelli.com\/de\/wp-json\/wp\/v2\/media?parent=415413"}],"wp:term":[{"taxonomy":"product_brand","embeddable":true,"href":"https:\/\/lucacastelli.com\/de\/wp-json\/wp\/v2\/product_brand?post=415413"},{"taxonomy":"product_cat","embeddable":true,"href":"https:\/\/lucacastelli.com\/de\/wp-json\/wp\/v2\/product_cat?post=415413"},{"taxonomy":"product_tag","embeddable":true,"href":"https:\/\/lucacastelli.com\/de\/wp-json\/wp\/v2\/product_tag?post=415413"}],"curies":[{"name":"wp","href":"https:\/\/api.w.org\/{rel}","templated":true}]}}