{"id":415410,"date":"2025-04-07T16:53:00","date_gmt":"2025-04-07T14:53:00","guid":{"rendered":"https:\/\/lucacastelli.com\/prodotto\/crazy-cap-link-extrafleece-dunkelgrau\/"},"modified":"2026-03-01T00:15:24","modified_gmt":"2026-02-28T23:15:24","slug":"crazy-cap-link-extrafleece-dunkelgrau","status":"publish","type":"product","link":"https:\/\/lucacastelli.com\/de\/produkt\/crazy-cap-link-extrafleece-dunkelgrau\/","title":{"rendered":"CRAZY CAP LINK EXTRAFLEECE DUNKELGRAU"},"content":{"rendered":"<p>Sehr warmer Mehrzweck-Halsw\u00e4rmer, der bei Bedarf zur M\u00fctze wird.<br \/>\nEr besteht aus weichem Fluffy Warm, unserem fell\u00e4hnlichen Material, und verf\u00fcgt \u00fcber einen verstellbaren elastischen Kordelzug, der festgezogen werden kann, um den Schlauch in eine M\u00fctze zu verwandeln.<\/p>\n<p>GEWICHT: 79 gr<\/p>\n","protected":false},"excerpt":{"rendered":"<p>Sehr warmer Mehrzweck-Halsw\u00e4rmer, der bei Bedarf zur M\u00fctze wird. Er besteht aus weichem Fluffy Warm, unserem fell\u00e4hnlichen Material, und verf\u00fcgt<\/p>\n","protected":false},"featured_media":405062,"template":"","meta":{"_seopress_robots_primary_cat":"","_seopress_titles_title":"","_seopress_titles_desc":"","_seopress_robots_index":""},"product_brand":[3413],"product_cat":[21,186],"product_tag":[],"class_list":{"0":"post-415410","1":"product","2":"type-product","3":"status-publish","4":"has-post-thumbnail","6":"product_brand-crazy","7":"product_cat-abbigliamento","8":"product_cat-accessori-per-labbigliamento","9":"sws-gruppo-abb-libero-de","10":"sws-conto-ricavi-merci-rivendita-abbigliamento-de","11":"sws-gruppo-iva-iva81-de","13":"first","14":"instock","15":"sale","16":"shipping-taxable","17":"purchasable","18":"product-type-simple"},"_links":{"self":[{"href":"https:\/\/lucacastelli.com\/de\/wp-json\/wp\/v2\/product\/415410","targetHints":{"allow":["GET"]}}],"collection":[{"href":"https:\/\/lucacastelli.com\/de\/wp-json\/wp\/v2\/product"}],"about":[{"href":"https:\/\/lucacastelli.com\/de\/wp-json\/wp\/v2\/types\/product"}],"wp:featuredmedia":[{"embeddable":true,"href":"https:\/\/lucacastelli.com\/de\/wp-json\/wp\/v2\/media\/405062"}],"wp:attachment":[{"href":"https:\/\/lucacastelli.com\/de\/wp-json\/wp\/v2\/media?parent=415410"}],"wp:term":[{"taxonomy":"product_brand","embeddable":true,"href":"https:\/\/lucacastelli.com\/de\/wp-json\/wp\/v2\/product_brand?post=415410"},{"taxonomy":"product_cat","embeddable":true,"href":"https:\/\/lucacastelli.com\/de\/wp-json\/wp\/v2\/product_cat?post=415410"},{"taxonomy":"product_tag","embeddable":true,"href":"https:\/\/lucacastelli.com\/de\/wp-json\/wp\/v2\/product_tag?post=415410"}],"curies":[{"name":"wp","href":"https:\/\/api.w.org\/{rel}","templated":true}]}}