{"id":415328,"date":"2025-04-29T18:34:21","date_gmt":"2025-04-29T16:34:21","guid":{"rendered":"https:\/\/lucacastelli.com\/prodotto\/zuendkerzenschluessel-13x16x140mm\/"},"modified":"2025-04-29T18:34:21","modified_gmt":"2025-04-29T16:34:21","slug":"zuendkerzenschluessel-13x16x140mm","status":"publish","type":"product","link":"https:\/\/lucacastelli.com\/de\/produkt\/zuendkerzenschluessel-13x16x140mm\/","title":{"rendered":"Z\u00fcndkerzenschl\u00fcssel 13x16x140mm"},"content":{"rendered":"<p>Z\u00fcndkerzen-Ring-Maulschl\u00fcssel:<\/p>\n<p> 14cm <\/p>\n<p>L\u00e4nge Geeignet f\u00fcr 13mm und 16mm.<\/p>\n","protected":false},"excerpt":{"rendered":"<p>Z\u00fcndkerzen-Ring-Maulschl\u00fcssel: 14cm L\u00e4nge Geeignet f\u00fcr 13mm und 16mm.<\/p>\n","protected":false},"featured_media":415297,"template":"","meta":{"_seopress_robots_primary_cat":"","_seopress_titles_title":"","_seopress_titles_desc":"","_seopress_robots_index":""},"product_brand":[3651],"product_cat":[1396,150],"product_tag":[],"class_list":{"0":"post-415328","1":"product","2":"type-product","3":"status-publish","4":"has-post-thumbnail","6":"product_brand-luca-castelli-legnami-de","7":"product_cat-arbeitsausrustung","8":"product_cat-ausrustung","9":"sws-gruppo-attrezz","10":"sws-conto-ricavi-merci-rivendita-macchinari","11":"sws-gruppo-iva-iva81","13":"first","14":"instock","15":"shipping-taxable","16":"purchasable","17":"product-type-simple"},"_links":{"self":[{"href":"https:\/\/lucacastelli.com\/de\/wp-json\/wp\/v2\/product\/415328","targetHints":{"allow":["GET"]}}],"collection":[{"href":"https:\/\/lucacastelli.com\/de\/wp-json\/wp\/v2\/product"}],"about":[{"href":"https:\/\/lucacastelli.com\/de\/wp-json\/wp\/v2\/types\/product"}],"wp:featuredmedia":[{"embeddable":true,"href":"https:\/\/lucacastelli.com\/de\/wp-json\/wp\/v2\/media\/415297"}],"wp:attachment":[{"href":"https:\/\/lucacastelli.com\/de\/wp-json\/wp\/v2\/media?parent=415328"}],"wp:term":[{"taxonomy":"product_brand","embeddable":true,"href":"https:\/\/lucacastelli.com\/de\/wp-json\/wp\/v2\/product_brand?post=415328"},{"taxonomy":"product_cat","embeddable":true,"href":"https:\/\/lucacastelli.com\/de\/wp-json\/wp\/v2\/product_cat?post=415328"},{"taxonomy":"product_tag","embeddable":true,"href":"https:\/\/lucacastelli.com\/de\/wp-json\/wp\/v2\/product_tag?post=415328"}],"curies":[{"name":"wp","href":"https:\/\/api.w.org\/{rel}","templated":true}]}}