{"id":415327,"date":"2025-04-29T19:08:18","date_gmt":"2025-04-29T17:08:18","guid":{"rendered":"https:\/\/lucacastelli.com\/prodotto\/fiskars-astsaege-fuer-schere-giraffe-upx86-upx82\/"},"modified":"2025-06-29T00:47:56","modified_gmt":"2025-06-28T22:47:56","slug":"fiskars-astsaege-fuer-schere-giraffe-upx86-upx82","status":"publish","type":"product","link":"https:\/\/lucacastelli.com\/de\/produkt\/fiskars-astsaege-fuer-schere-giraffe-upx86-upx82\/","title":{"rendered":"FISKARS Asts\u00e4ge f\u00fcr Schere &#8220;Giraffe&#8221; upx86. UPX82"},"content":{"rendered":"<p>Astghetto f\u00fcr Schere &#8220;Giraffe&#8221; UPX86. UPX82 &#8211; Beschreibung<br \/>\nIn unserem Angebot finden Sie eine gro\u00dfe Auswahl an Hand- und Elektrowerkzeugen, die f\u00fcr ein effizientes und sicheres Arbeiten bestimmt sind. Das Sortiment umfasst H\u00e4mmer, Schraubendreher, Schraubenschl\u00fcssel, S\u00e4gen, Schleifmaschinen und Bohrmaschinen &#8211; sowohl f\u00fcr Profis als auch f\u00fcr Heimanwender. Malerzubeh\u00f6r wie Rollen, B\u00fcrsten und Klebeband sind ebenfalls erh\u00e4ltlich, ebenso wie Arbeitskleidung und Arbeitsschutzartikel, die Komfort und Schutz bei verschiedenen Aufgaben gew\u00e4hrleisten. Diese Produkte zeichnen sich durch ihre Langlebigkeit, Ergonomie und die Einhaltung aktueller Normen aus. Das Angebot umfasst auch andere Artikel, die an die Bed\u00fcrfnisse des Bau-, Renovierungs- und technischen Sektors angepasst sind.     <\/p>\n","protected":false},"excerpt":{"rendered":"<p>Astghetto f\u00fcr Schere &#8220;Giraffe&#8221; UPX86. UPX82 &#8211; Beschreibung In unserem Angebot finden Sie eine gro\u00dfe Auswahl an Hand- und Elektrowerkzeugen,<\/p>\n","protected":false},"featured_media":415313,"template":"","meta":{"_seopress_robots_primary_cat":"","_seopress_titles_title":"","_seopress_titles_desc":"","_seopress_robots_index":""},"product_brand":[3418],"product_cat":[33,537],"product_tag":[],"class_list":{"0":"post-415327","1":"product","2":"type-product","3":"status-publish","4":"has-post-thumbnail","6":"product_brand-fiskars","7":"product_cat-attrezzature","8":"product_cat-attrezzatura-da-lavoro","9":"sws-gruppo-macchinari-de","10":"sws-conto-ricavi-merci-rivendita-macchinari-de","11":"sws-gruppo-iva-iva81-de","13":"first","14":"instock","15":"shipping-taxable","16":"purchasable","17":"product-type-simple"},"_links":{"self":[{"href":"https:\/\/lucacastelli.com\/de\/wp-json\/wp\/v2\/product\/415327","targetHints":{"allow":["GET"]}}],"collection":[{"href":"https:\/\/lucacastelli.com\/de\/wp-json\/wp\/v2\/product"}],"about":[{"href":"https:\/\/lucacastelli.com\/de\/wp-json\/wp\/v2\/types\/product"}],"wp:featuredmedia":[{"embeddable":true,"href":"https:\/\/lucacastelli.com\/de\/wp-json\/wp\/v2\/media\/415313"}],"wp:attachment":[{"href":"https:\/\/lucacastelli.com\/de\/wp-json\/wp\/v2\/media?parent=415327"}],"wp:term":[{"taxonomy":"product_brand","embeddable":true,"href":"https:\/\/lucacastelli.com\/de\/wp-json\/wp\/v2\/product_brand?post=415327"},{"taxonomy":"product_cat","embeddable":true,"href":"https:\/\/lucacastelli.com\/de\/wp-json\/wp\/v2\/product_cat?post=415327"},{"taxonomy":"product_tag","embeddable":true,"href":"https:\/\/lucacastelli.com\/de\/wp-json\/wp\/v2\/product_tag?post=415327"}],"curies":[{"name":"wp","href":"https:\/\/api.w.org\/{rel}","templated":true}]}}