{"id":415322,"date":"2025-04-29T18:57:46","date_gmt":"2025-04-29T16:57:46","guid":{"rendered":"https:\/\/lucacastelli.com\/prodotto\/fiskars-universalschneider-powergearx-upx86-teleskop-astscherebuegelsaege\/"},"modified":"2025-06-29T00:48:04","modified_gmt":"2025-06-28T22:48:04","slug":"fiskars-universalschneider-powergearx-upx86-teleskop-astscherebuegelsaege","status":"publish","type":"product","link":"https:\/\/lucacastelli.com\/de\/produkt\/fiskars-universalschneider-powergearx-upx86-teleskop-astscherebuegelsaege\/","title":{"rendered":"Fiskars Universalschneider PowerGear\u2122X UPX86 Teleskop-Astschere+B\u00fcgels\u00e4ge"},"content":{"rendered":"<p>Teleskopstiel von 2,4 bis 4 Metern, um eine maximale H\u00f6he von 6 Metern zu erreichen<\/p>\n<p>Zum Schneiden von Frischholz bis \u00f8 32 mm<\/p>\n<p>Schneidkopf bis 230\u00b0 verstellbar<\/p>\n<p>Praktischer orangefarbener Klingenhalter f\u00fcr eine bessere F\u00fchrung zwischen den \u00c4sten  <\/p>\n<p>Robuster Softgrip-Griff und rutschfeste Basis<\/p>\n<p>Die SAW wird auch zum Schneiden von \u00c4sten bis zu \u00d8 80 mm mit einer Klinge aus geh\u00e4rtetem Qualit\u00e4tsstahl geliefert<\/p>\n<p>Das Sch\u00e4rfen der Klinge erleichtert das Schneiden<\/p>\n<p>Einstellbarer Schnittwinkel<\/p>\n<p>Astscheren sind multifunktionale Werkzeuge, mit denen Sie das h\u00f6chste Laub und die dichtesten Str\u00e4ucher leicht erreichen k\u00f6nnen, ohne Leitern zu verwenden, ohne sich zu b\u00fccken und zu knien.<\/p>\n<p>Bet\u00e4tigen Sie den orangefarbenen Griff, um die Schneidleistung zu perfektionieren, oder ziehen Sie den Knopf am Ende des Griffs, um die maximale H\u00f6he zu nutzen.<\/p>\n<p>Der verstellbare Kopf und der ultraleichte Schneidmechanismus sorgen f\u00fcr einen schnellen, aber sicheren Schnitt.<\/p>\n","protected":false},"excerpt":{"rendered":"<p>Teleskopstiel von 2,4 bis 4 Metern, um eine maximale H\u00f6he von 6 Metern zu erreichen Zum Schneiden von Frischholz bis<\/p>\n","protected":false},"featured_media":415308,"template":"","meta":{"_seopress_robots_primary_cat":"","_seopress_titles_title":"","_seopress_titles_desc":"","_seopress_robots_index":""},"product_brand":[3418],"product_cat":[33,537],"product_tag":[],"class_list":{"0":"post-415322","1":"product","2":"type-product","3":"status-publish","4":"has-post-thumbnail","6":"product_brand-fiskars","7":"product_cat-attrezzature","8":"product_cat-attrezzatura-da-lavoro","9":"sws-gruppo-macchinari-de","10":"sws-conto-ricavi-merci-rivendita-macchinari-de","11":"sws-gruppo-iva-iva81-de","13":"first","14":"instock","15":"shipping-taxable","16":"purchasable","17":"product-type-simple"},"_links":{"self":[{"href":"https:\/\/lucacastelli.com\/de\/wp-json\/wp\/v2\/product\/415322","targetHints":{"allow":["GET"]}}],"collection":[{"href":"https:\/\/lucacastelli.com\/de\/wp-json\/wp\/v2\/product"}],"about":[{"href":"https:\/\/lucacastelli.com\/de\/wp-json\/wp\/v2\/types\/product"}],"wp:featuredmedia":[{"embeddable":true,"href":"https:\/\/lucacastelli.com\/de\/wp-json\/wp\/v2\/media\/415308"}],"wp:attachment":[{"href":"https:\/\/lucacastelli.com\/de\/wp-json\/wp\/v2\/media?parent=415322"}],"wp:term":[{"taxonomy":"product_brand","embeddable":true,"href":"https:\/\/lucacastelli.com\/de\/wp-json\/wp\/v2\/product_brand?post=415322"},{"taxonomy":"product_cat","embeddable":true,"href":"https:\/\/lucacastelli.com\/de\/wp-json\/wp\/v2\/product_cat?post=415322"},{"taxonomy":"product_tag","embeddable":true,"href":"https:\/\/lucacastelli.com\/de\/wp-json\/wp\/v2\/product_tag?post=415322"}],"curies":[{"name":"wp","href":"https:\/\/api.w.org\/{rel}","templated":true}]}}