{"id":414966,"date":"2025-04-07T16:53:00","date_gmt":"2025-04-07T16:53:00","guid":{"rendered":"https:\/\/lucacastelli.com\/prodotto\/crazy-weste-channel-frau\/"},"modified":"2026-04-17T23:17:00","modified_gmt":"2026-04-17T21:17:00","slug":"crazy-weste-channel-frau","status":"publish","type":"product","link":"https:\/\/lucacastelli.com\/de\/produkt\/crazy-weste-channel-frau\/","title":{"rendered":"CRAZY VEST CHANNEL WOMAN"},"content":{"rendered":"<p>Hybridweste mit leichter Isolierung, perfekt f\u00fcr zus\u00e4tzlichen Schutz und W\u00e4rme bei Aktivit\u00e4ten, ohne die Bewegungsfreiheit einzuschr\u00e4nken.<br \/>\nDer Oberk\u00f6rper, der st\u00e4rker der Witterung ausgesetzt ist, besteht aus innovativem I-Tube Channel Nylon, nahtlos f\u00fcr bessere Performance, w\u00e4hrend der hintere Saum und die Achseln aus Vuelta gefertigt sind, einem warmen, komfortablen und atmungsaktiven Fleece aus italienischer Produktion.<br \/>\nDas Kleidungsst\u00fcck ist mit Two-Face-Gewebe verst\u00e4rkt, strapazierf\u00e4hig, atmungsaktiv und bi-elastisch, verwendet an den Schultern und im mittleren R\u00fcckenbereich.<br \/>\nDie Wattierung besteht aus Microrollo, einer Wattierung aus italienischer Produktion mit \u00e4hnlichen Eigenschaften wie Naturdaunen, die dieselben Vorteile bietet, aber mit einem synthetischen Gewebe, das schneller trocknet.<\/p>\n<p>\u2022 Sch\u00fctzender hoher Kragen<br \/>\n\u2022 Durchgehender Rei\u00dfverschluss vorne<br \/>\n\u2022 Handtaschen mit Rei\u00dfverschluss<br \/>\n\u2022 Reflektierende Logos<br \/>\n\u2022 Flache Kontrastn\u00e4hte<br \/>\n\u2022 Microrollo-Isolierung<br \/>\n\u2022 Saum und Paneele aus atmungsaktivem Vuelta, made in Italy<\/p>\n<p>GEWICHT: 192 g<\/p>\n","protected":false},"excerpt":{"rendered":"<p>Hybridweste mit leichter Isolierung, perfekt f\u00fcr zus\u00e4tzlichen Schutz und W\u00e4rme bei Aktivit\u00e4ten, ohne die Bewegungsfreiheit einzuschr\u00e4nken. Der Oberk\u00f6rper, der st\u00e4rker<\/p>\n","protected":false},"featured_media":404025,"template":"","meta":{"_seopress_robots_primary_cat":"none","_seopress_titles_title":"","_seopress_titles_desc":"","_seopress_robots_index":""},"product_brand":[3614],"product_cat":[1388,974,82],"product_tag":[],"class_list":{"0":"post-414966","1":"product","2":"type-product","3":"status-publish","4":"has-post-thumbnail","6":"product_brand-crazy-de","7":"product_cat-damenbekleidung","8":"product_cat-freizeitkleidung","9":"product_cat-kleidung","10":"sws-gruppo-abb-libero-de","11":"sws-conto-ricavi-merci-rivendita-abbigliamento-de","12":"sws-gruppo-iva-iva81-de","14":"first","15":"instock","16":"sale","17":"shipping-taxable","18":"purchasable","19":"product-type-variable"},"_links":{"self":[{"href":"https:\/\/lucacastelli.com\/de\/wp-json\/wp\/v2\/product\/414966","targetHints":{"allow":["GET"]}}],"collection":[{"href":"https:\/\/lucacastelli.com\/de\/wp-json\/wp\/v2\/product"}],"about":[{"href":"https:\/\/lucacastelli.com\/de\/wp-json\/wp\/v2\/types\/product"}],"wp:featuredmedia":[{"embeddable":true,"href":"https:\/\/lucacastelli.com\/de\/wp-json\/wp\/v2\/media\/404025"}],"wp:attachment":[{"href":"https:\/\/lucacastelli.com\/de\/wp-json\/wp\/v2\/media?parent=414966"}],"wp:term":[{"taxonomy":"product_brand","embeddable":true,"href":"https:\/\/lucacastelli.com\/de\/wp-json\/wp\/v2\/product_brand?post=414966"},{"taxonomy":"product_cat","embeddable":true,"href":"https:\/\/lucacastelli.com\/de\/wp-json\/wp\/v2\/product_cat?post=414966"},{"taxonomy":"product_tag","embeddable":true,"href":"https:\/\/lucacastelli.com\/de\/wp-json\/wp\/v2\/product_tag?post=414966"}],"curies":[{"name":"wp","href":"https:\/\/api.w.org\/{rel}","templated":true}]}}