{"id":414962,"date":"2025-04-07T16:53:00","date_gmt":"2025-04-07T16:53:00","guid":{"rendered":"https:\/\/lucacastelli.com\/prodotto\/crazy-jkt-inspirieren\/"},"modified":"2026-04-17T23:28:38","modified_gmt":"2026-04-17T21:28:38","slug":"crazy-jkt-inspirieren","status":"publish","type":"product","link":"https:\/\/lucacastelli.com\/de\/produkt\/crazy-jkt-inspirieren\/","title":{"rendered":"CRAZY JKT INSPIRE"},"content":{"rendered":"<p>Die sch\u00fctzendste Jacke unserer Kollektion.<br \/>\nDieses Produkt kombiniert au\u00dfergew\u00f6hnliche technische Eigenschaften und Schutz mit vollst\u00e4ndiger Elastizit\u00e4t, was sie zur perfekten L\u00f6sung f\u00fcr Alpinismus und extreme Umgebungen macht. Gleichzeitig sorgt die feminine Passform mit sorgf\u00e4ltig gearbeiteten Schnitten und elastischen Seiteneins\u00e4tzen f\u00fcr eine elegante, figurbetonte Silhouette.<br \/>\nAu\u00dfenmaterial, Isolierung und Futter der Inspire Jacke sind komplett elastisch.<br \/>\nDas Au\u00dfenmaterial aus Toray Dermizax bietet mit einer Wassers\u00e4ule von 20k mm absolute Wasserdichtigkeit bei h\u00f6chster Atmungsaktivit\u00e4t.<br \/>\nDie N\u00e4hte im oberen Bereich sind versiegelt, um in den am st\u00e4rksten exponierten Zonen Schutz vor Regen und Schnee zu garantieren.<br \/>\nDie Primaloft Active Wattierung ist warm, wasserabweisend und ebenfalls elastisch. <\/p>\n<p>\u2022 2 Seitentaschen mit verdeckten Rei\u00dfverschl\u00fcssen<br \/>\n\u2022 Tiefe Brusttasche f\u00fcr optimalen Komfort<br \/>\n\u2022 Flache Kontrastn\u00e4hte<br \/>\n\u2022 Strukturierte, verstellbare Kapuze mit festem Schirm<br \/>\n\u2022 2-Wege-Frontrei\u00dfverschluss<br \/>\n\u2022 Innentasche aus Mesh zum Verstauen der Jacke<\/p>\n<p>&nbsp;<\/p>\n<p>Gewicht: 474 g<\/p>\n","protected":false},"excerpt":{"rendered":"<p>Die sch\u00fctzendste Jacke unserer Kollektion. Dieses Produkt kombiniert au\u00dfergew\u00f6hnliche technische Eigenschaften und Schutz mit vollst\u00e4ndiger Elastizit\u00e4t, was sie zur perfekten<\/p>\n","protected":false},"featured_media":404010,"template":"","meta":{"_seopress_robots_primary_cat":"none","_seopress_titles_title":"","_seopress_titles_desc":"","_seopress_robots_index":""},"product_brand":[3614],"product_cat":[1388,974,82],"product_tag":[],"class_list":{"0":"post-414962","1":"product","2":"type-product","3":"status-publish","4":"has-post-thumbnail","6":"product_brand-crazy-de","7":"product_cat-damenbekleidung","8":"product_cat-freizeitkleidung","9":"product_cat-kleidung","10":"sws-gruppo-abb-libero-de","11":"sws-conto-ricavi-merci-rivendita-abbigliamento-de","12":"sws-gruppo-iva-iva81-de","14":"first","15":"instock","16":"sale","17":"shipping-taxable","18":"purchasable","19":"product-type-variable"},"_links":{"self":[{"href":"https:\/\/lucacastelli.com\/de\/wp-json\/wp\/v2\/product\/414962","targetHints":{"allow":["GET"]}}],"collection":[{"href":"https:\/\/lucacastelli.com\/de\/wp-json\/wp\/v2\/product"}],"about":[{"href":"https:\/\/lucacastelli.com\/de\/wp-json\/wp\/v2\/types\/product"}],"wp:featuredmedia":[{"embeddable":true,"href":"https:\/\/lucacastelli.com\/de\/wp-json\/wp\/v2\/media\/404010"}],"wp:attachment":[{"href":"https:\/\/lucacastelli.com\/de\/wp-json\/wp\/v2\/media?parent=414962"}],"wp:term":[{"taxonomy":"product_brand","embeddable":true,"href":"https:\/\/lucacastelli.com\/de\/wp-json\/wp\/v2\/product_brand?post=414962"},{"taxonomy":"product_cat","embeddable":true,"href":"https:\/\/lucacastelli.com\/de\/wp-json\/wp\/v2\/product_cat?post=414962"},{"taxonomy":"product_tag","embeddable":true,"href":"https:\/\/lucacastelli.com\/de\/wp-json\/wp\/v2\/product_tag?post=414962"}],"curies":[{"name":"wp","href":"https:\/\/api.w.org\/{rel}","templated":true}]}}