{"id":414896,"date":"2022-06-10T12:56:55","date_gmt":"2022-06-10T10:56:55","guid":{"rendered":"https:\/\/lucacastelli.com\/prodotto\/vallorbe-schaerf-set\/"},"modified":"2026-04-12T18:04:38","modified_gmt":"2026-04-12T16:04:38","slug":"vallorbe-schaerf-set","status":"publish","type":"product","link":"https:\/\/lucacastelli.com\/de\/produkt\/vallorbe-schaerf-set\/","title":{"rendered":"VALLORBE Sch\u00e4rf-Set"},"content":{"rendered":"<p>Alle Werkzeuge, die f\u00fcr die Wartung der Kette und der F\u00fchrungsschiene ben\u00f6tigt werden, sind in einem stabilen und praktischen Koffer untergebracht.<\/p>\n<p>Zusammensetzung:<br \/>\n* 1 F\u00fchrungsfeile<br \/>\n* 2 Rundkettens\u00e4gefeilen mit gleichem Durchmesser<br \/>\n* 1 flache Kettens\u00e4genfeile<br \/>\n* 1 Griff<br \/>\n* 1 Tiefenmesserf\u00fchrung<br \/>\n* 1 verzinktes Reinigungswerkzeug<\/p>\n","protected":false},"excerpt":{"rendered":"<p>Alle Werkzeuge, die f\u00fcr die Wartung der Kette und der F\u00fchrungsschiene ben\u00f6tigt werden, sind in einem stabilen und praktischen Koffer<\/p>\n","protected":false},"featured_media":51131,"template":"","meta":{"_seopress_robots_primary_cat":"","_seopress_titles_title":"","_seopress_titles_desc":"","_seopress_robots_index":""},"product_brand":[4422],"product_cat":[169,1612,1613,1695],"product_tag":[],"class_list":{"0":"post-414896","1":"product","2":"type-product","3":"status-publish","4":"has-post-thumbnail","6":"product_brand-vallorbe-de","7":"product_cat-maschinen","8":"product_cat-kettensagen","9":"product_cat-zubehor-und-verbrauchsmaterial-de-4","10":"product_cat-heckenscheren-und-astscheren","11":"sws-gruppo-macchinari-de","12":"sws-conto-ricavi-merci-rivendita-macchinari-de","13":"sws-gruppo-iva-iva81-de","15":"first","16":"instock","17":"shipping-taxable","18":"purchasable","19":"product-type-variable"},"_links":{"self":[{"href":"https:\/\/lucacastelli.com\/de\/wp-json\/wp\/v2\/product\/414896","targetHints":{"allow":["GET"]}}],"collection":[{"href":"https:\/\/lucacastelli.com\/de\/wp-json\/wp\/v2\/product"}],"about":[{"href":"https:\/\/lucacastelli.com\/de\/wp-json\/wp\/v2\/types\/product"}],"wp:featuredmedia":[{"embeddable":true,"href":"https:\/\/lucacastelli.com\/de\/wp-json\/wp\/v2\/media\/51131"}],"wp:attachment":[{"href":"https:\/\/lucacastelli.com\/de\/wp-json\/wp\/v2\/media?parent=414896"}],"wp:term":[{"taxonomy":"product_brand","embeddable":true,"href":"https:\/\/lucacastelli.com\/de\/wp-json\/wp\/v2\/product_brand?post=414896"},{"taxonomy":"product_cat","embeddable":true,"href":"https:\/\/lucacastelli.com\/de\/wp-json\/wp\/v2\/product_cat?post=414896"},{"taxonomy":"product_tag","embeddable":true,"href":"https:\/\/lucacastelli.com\/de\/wp-json\/wp\/v2\/product_tag?post=414896"}],"curies":[{"name":"wp","href":"https:\/\/api.w.org\/{rel}","templated":true}]}}