{"id":414880,"date":"2025-02-12T07:43:00","date_gmt":"2025-02-12T06:43:00","guid":{"rendered":"https:\/\/lucacastelli.com\/prodotto\/arbortec-cobra-drykit-seilsack-hv-orange-65-l\/"},"modified":"2025-10-24T10:42:41","modified_gmt":"2025-10-24T08:42:41","slug":"arbortec-cobra-drykit-seilsack-hv-orange-65-l","status":"publish","type":"product","link":"https:\/\/lucacastelli.com\/de\/produkt\/arbortec-cobra-drykit-seilsack-hv-orange-65-l\/","title":{"rendered":"Arbortec Cobra DryKit Seilsack &#8211; HV Orange 65 l"},"content":{"rendered":"<p>EIGENSCHAFTEN<br \/>\n65 Liter Fassungsverm\u00f6gen<br \/>\nRobuste 50kg Tragf\u00e4higkeit<br \/>\nVerst\u00e4rkte Seiten<br \/>\nDeckel mit Rei\u00dfverschluss und Windschutzklappe<br \/>\nInnenliegende Staubschutzh\u00fclle mit Kordelzug<br \/>\nEntw\u00e4sserungsloch und Bel\u00fcftungs\u00f6ffnungen<br \/>\n2 Seitentaschen und Netztasche Netz<br \/>\nHerausnehmbare Innenteiler und Seileimer<br \/>\nPRODUKTBESCHREIBUNG<br \/>\nDas robuste Stofftragesystem des Cobra 65-Liter-Seilsacks erlaubt es uns, ihn mit einer maximalen Tragf\u00e4higkeit von bis zu 50 kg einzustufen. Das Gewebe erstreckt sich \u00fcber den gesamten Boden des Sacks und ist durch 4 Aluminiumringe mit den Zugpunkten verbunden, so dass die Griffe ausgetauscht werden k\u00f6nnen, falls sie im Laufe der Zeit besch\u00e4digt oder abgenutzt werden.<br \/>\nDer 65-Liter-Seilsack ist aus unserem robusten, wasserdichten PES\/PVC-Planengewebe gefertigt und vertikal mit zus\u00e4tzlichen St\u00fctzen verst\u00e4rkt, um die perfekte &#8220;Eimerform&#8221; zu gew\u00e4hrleisten. In die Tasche passt problemlos ein 50 m langes Kletter- oder Takelseil, und es gibt viel zus\u00e4tzlichen Platz f\u00fcr Klettergurt, Helm und andere Kletter- oder Takelausr\u00fcstung.<br \/>\nDer 65L hat au\u00dferdem eine herausnehmbare Inneneinteilung am Boden der Tasche, um die Ausr\u00fcstung zu trennen, sowie einen kleinen Seileimer im Inneren, der herausgezogen und als separater Eimer verwendet werden kann.<br \/>\nDie Tasche hat einen Rei\u00dfverschlussdeckel mit einer \u00fcberlappenden Schutzklappe und eine Seilzugangsstelle in der Mitte mit einer Gummidichtung, die das Eindringen von Schmutz verhindert.<br \/>\nAuf dem Deckel befindet sich au\u00dferdem ein Kartenhalter f\u00fcr pers\u00f6nliche Informationen, mehrere Schlaufen f\u00fcr Karabiner und einige zus\u00e4tzliche Gummigriffe an den Seiten der Tasche zum schnellen Greifen.<br \/>\nDer 65L ist mit einem Abflussloch im Boden und zus\u00e4tzlichen Bel\u00fcftungspunkten rund um den Sack ausgestattet, um Schimmelbildung auf dem nassen Seil zu verhindern.<br \/>\nUm die Handhabung zu erleichtern, haben wir ein gepolstertes Schultergurtsystem eingebaut, das den 65L von einem Schn\u00fcreimer in einen vollwertigen Rucksack verwandelt, mit voll verstellbaren Gurten und einem gut gepolsterten G\u00fcrtel.<br \/>\nAlles in allem ein extrem vielseitiger Seilsack f\u00fcr Kletter- und Montageausr\u00fcstung.<\/p>\n","protected":false},"excerpt":{"rendered":"<p>EIGENSCHAFTEN 65 Liter Fassungsverm\u00f6gen Robuste 50kg Tragf\u00e4higkeit Verst\u00e4rkte Seiten Deckel mit Rei\u00dfverschluss und Windschutzklappe Innenliegende Staubschutzh\u00fclle mit Kordelzug Entw\u00e4sserungsloch und<\/p>\n","protected":false},"featured_media":95051,"template":"","meta":{"_seopress_robots_primary_cat":"","_seopress_titles_title":"","_seopress_titles_desc":"","_seopress_robots_index":""},"product_brand":[3611],"product_cat":[150,1396,1494],"product_tag":[5804],"class_list":{"0":"post-414880","1":"product","2":"type-product","3":"status-publish","4":"has-post-thumbnail","6":"product_brand-arbortec-de-2","7":"product_cat-ausrustung","8":"product_cat-arbeitsausrustung","9":"product_cat-sonstige-arbeitsausrustung","10":"product_tag-luzern2025","11":"sws-gruppo-abb-libero-de","12":"sws-categoria-sito-de","13":"sws-conto-ricavi-merci-rivendita-abbigliamento-de","14":"sws-gruppo-iva-iva81-de","16":"first","17":"instock","18":"sale","19":"shipping-taxable","20":"purchasable","21":"product-type-simple"},"_links":{"self":[{"href":"https:\/\/lucacastelli.com\/de\/wp-json\/wp\/v2\/product\/414880","targetHints":{"allow":["GET"]}}],"collection":[{"href":"https:\/\/lucacastelli.com\/de\/wp-json\/wp\/v2\/product"}],"about":[{"href":"https:\/\/lucacastelli.com\/de\/wp-json\/wp\/v2\/types\/product"}],"wp:featuredmedia":[{"embeddable":true,"href":"https:\/\/lucacastelli.com\/de\/wp-json\/wp\/v2\/media\/95051"}],"wp:attachment":[{"href":"https:\/\/lucacastelli.com\/de\/wp-json\/wp\/v2\/media?parent=414880"}],"wp:term":[{"taxonomy":"product_brand","embeddable":true,"href":"https:\/\/lucacastelli.com\/de\/wp-json\/wp\/v2\/product_brand?post=414880"},{"taxonomy":"product_cat","embeddable":true,"href":"https:\/\/lucacastelli.com\/de\/wp-json\/wp\/v2\/product_cat?post=414880"},{"taxonomy":"product_tag","embeddable":true,"href":"https:\/\/lucacastelli.com\/de\/wp-json\/wp\/v2\/product_tag?post=414880"}],"curies":[{"name":"wp","href":"https:\/\/api.w.org\/{rel}","templated":true}]}}