{"id":414872,"date":"2025-04-07T16:53:00","date_gmt":"2025-04-07T14:53:00","guid":{"rendered":"https:\/\/lucacastelli.com\/prodotto\/crazy-band-eingabe-liken\/"},"modified":"2026-03-01T00:15:13","modified_gmt":"2026-02-28T23:15:13","slug":"crazy-band-eingabe-liken","status":"publish","type":"product","link":"https:\/\/lucacastelli.com\/de\/produkt\/crazy-band-eingabe-liken\/","title":{"rendered":"CRAZY BAND-EINGABE LIKEN"},"content":{"rendered":"<p>Breites mehrfarbiges Wollband, vollst\u00e4ndig in Italien hergestellt, entwickelt f\u00fcr Sitzungen mit geringer Intensit\u00e4t und f\u00fcr Freizeitaktivit\u00e4ten an kalten Tagen.<br \/>\nMit Fleece-Futter, f\u00fcr ein angenehmeres Gef\u00fchl auf der Haut.<\/p>\n<p>Gewicht: 77 g<\/p>\n","protected":false},"excerpt":{"rendered":"<p>Breites mehrfarbiges Wollband, vollst\u00e4ndig in Italien hergestellt, entwickelt f\u00fcr Sitzungen mit geringer Intensit\u00e4t und f\u00fcr Freizeitaktivit\u00e4ten an kalten Tagen. Mit<\/p>\n","protected":false},"featured_media":405152,"template":"","meta":{"_seopress_robots_primary_cat":"","_seopress_titles_title":"","_seopress_titles_desc":"","_seopress_robots_index":""},"product_brand":[3413],"product_cat":[21,186],"product_tag":[],"class_list":{"0":"post-414872","1":"product","2":"type-product","3":"status-publish","4":"has-post-thumbnail","6":"product_brand-crazy","7":"product_cat-abbigliamento","8":"product_cat-accessori-per-labbigliamento","9":"sws-gruppo-abb-libero","10":"sws-conto-ricavi-merci-rivendita-abbigliamento","11":"sws-gruppo-iva-iva81","13":"first","14":"instock","15":"sale","16":"shipping-taxable","17":"purchasable","18":"product-type-simple"},"_links":{"self":[{"href":"https:\/\/lucacastelli.com\/de\/wp-json\/wp\/v2\/product\/414872","targetHints":{"allow":["GET"]}}],"collection":[{"href":"https:\/\/lucacastelli.com\/de\/wp-json\/wp\/v2\/product"}],"about":[{"href":"https:\/\/lucacastelli.com\/de\/wp-json\/wp\/v2\/types\/product"}],"wp:featuredmedia":[{"embeddable":true,"href":"https:\/\/lucacastelli.com\/de\/wp-json\/wp\/v2\/media\/405152"}],"wp:attachment":[{"href":"https:\/\/lucacastelli.com\/de\/wp-json\/wp\/v2\/media?parent=414872"}],"wp:term":[{"taxonomy":"product_brand","embeddable":true,"href":"https:\/\/lucacastelli.com\/de\/wp-json\/wp\/v2\/product_brand?post=414872"},{"taxonomy":"product_cat","embeddable":true,"href":"https:\/\/lucacastelli.com\/de\/wp-json\/wp\/v2\/product_cat?post=414872"},{"taxonomy":"product_tag","embeddable":true,"href":"https:\/\/lucacastelli.com\/de\/wp-json\/wp\/v2\/product_tag?post=414872"}],"curies":[{"name":"wp","href":"https:\/\/api.w.org\/{rel}","templated":true}]}}