{"id":414866,"date":"2025-04-07T16:53:00","date_gmt":"2025-04-07T14:53:00","guid":{"rendered":"https:\/\/lucacastelli.com\/prodotto\/crazy-band-skyline-energie\/"},"modified":"2026-03-01T00:15:13","modified_gmt":"2026-02-28T23:15:13","slug":"crazy-band-skyline-energie","status":"publish","type":"product","link":"https:\/\/lucacastelli.com\/de\/produkt\/crazy-band-skyline-energie\/","title":{"rendered":"CRAZY BAND SKYLINE ENERGIE"},"content":{"rendered":"<p>Leichtes Stirnband aus Wolle, hergestellt in Italien, entwickelt f\u00fcr Outdoor-Abenteuer an kalten Tagen.<br \/>\nDas Design stellt die Skyline der Berge dar, typisch f\u00fcr die Crazy-Kollektion. Mit Fleece-Futter, f\u00fcr ein angenehmeres Gef\u00fchl auf der Haut. <\/p>\n<p>GEWICHT: 45 gr<\/p>\n","protected":false},"excerpt":{"rendered":"<p>Leichtes Stirnband aus Wolle, hergestellt in Italien, entwickelt f\u00fcr Outdoor-Abenteuer an kalten Tagen. Das Design stellt die Skyline der Berge<\/p>\n","protected":false},"featured_media":405162,"template":"","meta":{"_seopress_robots_primary_cat":"","_seopress_titles_title":"","_seopress_titles_desc":"","_seopress_robots_index":""},"product_brand":[3614],"product_cat":[1391,82],"product_tag":[],"class_list":{"0":"post-414866","1":"product","2":"type-product","3":"status-publish","4":"has-post-thumbnail","6":"product_brand-crazy-de","7":"product_cat-bekleidungs-accessoires","8":"product_cat-kleidung","9":"sws-gruppo-abb-libero","10":"sws-conto-ricavi-merci-rivendita-abbigliamento","11":"sws-gruppo-iva-iva81","13":"first","14":"instock","15":"sale","16":"shipping-taxable","17":"purchasable","18":"product-type-simple"},"_links":{"self":[{"href":"https:\/\/lucacastelli.com\/de\/wp-json\/wp\/v2\/product\/414866","targetHints":{"allow":["GET"]}}],"collection":[{"href":"https:\/\/lucacastelli.com\/de\/wp-json\/wp\/v2\/product"}],"about":[{"href":"https:\/\/lucacastelli.com\/de\/wp-json\/wp\/v2\/types\/product"}],"wp:featuredmedia":[{"embeddable":true,"href":"https:\/\/lucacastelli.com\/de\/wp-json\/wp\/v2\/media\/405162"}],"wp:attachment":[{"href":"https:\/\/lucacastelli.com\/de\/wp-json\/wp\/v2\/media?parent=414866"}],"wp:term":[{"taxonomy":"product_brand","embeddable":true,"href":"https:\/\/lucacastelli.com\/de\/wp-json\/wp\/v2\/product_brand?post=414866"},{"taxonomy":"product_cat","embeddable":true,"href":"https:\/\/lucacastelli.com\/de\/wp-json\/wp\/v2\/product_cat?post=414866"},{"taxonomy":"product_tag","embeddable":true,"href":"https:\/\/lucacastelli.com\/de\/wp-json\/wp\/v2\/product_tag?post=414866"}],"curies":[{"name":"wp","href":"https:\/\/api.w.org\/{rel}","templated":true}]}}