{"id":414863,"date":"2025-04-07T16:53:00","date_gmt":"2025-04-07T14:53:00","guid":{"rendered":"https:\/\/lucacastelli.com\/prodotto\/crazy-cap-input-pop\/"},"modified":"2026-03-01T00:15:13","modified_gmt":"2026-02-28T23:15:13","slug":"crazy-cap-input-pop","status":"publish","type":"product","link":"https:\/\/lucacastelli.com\/de\/produkt\/crazy-cap-input-pop\/","title":{"rendered":"CRAZY CAP INPUT POP"},"content":{"rendered":"<p>Wollm\u00fctze mit Pompons, vollst\u00e4ndig in Italien hergestellt, f\u00fcr Sitzungen mit geringer Intensit\u00e4t und f\u00fcr Freizeitaktivit\u00e4ten an kalten Tagen. Es ist in mehreren fr\u00f6hlichen Farben erh\u00e4ltlich, die von unserer Kollektion inspiriert sind.<br \/>\nMit Fleece-Futter, f\u00fcr ein angenehmeres Gef\u00fchl auf der Haut. <\/p>\n<p>GEWICHT: 122 gr<\/p>\n","protected":false},"excerpt":{"rendered":"<p>Wollm\u00fctze mit Pompons, vollst\u00e4ndig in Italien hergestellt, f\u00fcr Sitzungen mit geringer Intensit\u00e4t und f\u00fcr Freizeitaktivit\u00e4ten an kalten Tagen. Es ist<\/p>\n","protected":false},"featured_media":405157,"template":"","meta":{"_seopress_robots_primary_cat":"","_seopress_titles_title":"","_seopress_titles_desc":"","_seopress_robots_index":""},"product_brand":[3413],"product_cat":[21,186],"product_tag":[],"class_list":{"0":"post-414863","1":"product","2":"type-product","3":"status-publish","4":"has-post-thumbnail","6":"product_brand-crazy","7":"product_cat-abbigliamento","8":"product_cat-accessori-per-labbigliamento","9":"sws-gruppo-abb-libero","10":"sws-conto-ricavi-merci-rivendita-abbigliamento","11":"sws-gruppo-iva-iva81","13":"first","14":"instock","15":"shipping-taxable","16":"purchasable","17":"product-type-simple"},"_links":{"self":[{"href":"https:\/\/lucacastelli.com\/de\/wp-json\/wp\/v2\/product\/414863","targetHints":{"allow":["GET"]}}],"collection":[{"href":"https:\/\/lucacastelli.com\/de\/wp-json\/wp\/v2\/product"}],"about":[{"href":"https:\/\/lucacastelli.com\/de\/wp-json\/wp\/v2\/types\/product"}],"wp:featuredmedia":[{"embeddable":true,"href":"https:\/\/lucacastelli.com\/de\/wp-json\/wp\/v2\/media\/405157"}],"wp:attachment":[{"href":"https:\/\/lucacastelli.com\/de\/wp-json\/wp\/v2\/media?parent=414863"}],"wp:term":[{"taxonomy":"product_brand","embeddable":true,"href":"https:\/\/lucacastelli.com\/de\/wp-json\/wp\/v2\/product_brand?post=414863"},{"taxonomy":"product_cat","embeddable":true,"href":"https:\/\/lucacastelli.com\/de\/wp-json\/wp\/v2\/product_cat?post=414863"},{"taxonomy":"product_tag","embeddable":true,"href":"https:\/\/lucacastelli.com\/de\/wp-json\/wp\/v2\/product_tag?post=414863"}],"curies":[{"name":"wp","href":"https:\/\/api.w.org\/{rel}","templated":true}]}}