{"id":414846,"date":"2024-11-13T10:19:57","date_gmt":"2024-11-13T09:19:57","guid":{"rendered":"https:\/\/lucacastelli.com\/prodotto\/milwaukee-m18f2bpb-124-akku-rucksackgeblaese-in2\/"},"modified":"2025-06-29T08:06:31","modified_gmt":"2025-06-29T06:06:31","slug":"milwaukee-m18f2bpb-124-akku-rucksackgeblaese-in2","status":"publish","type":"product","link":"https:\/\/lucacastelli.com\/de\/produkt\/milwaukee-m18f2bpb-124-akku-rucksackgeblaese-in2\/","title":{"rendered":"Milwaukee M18F2BPB-124 Akku-Rucksackgebl\u00e4se IN2"},"content":{"rendered":"<p>Gleichbleibend hohe Leistung mit einer gleichm\u00e4\u00dfigen Blaskraft von 20,5 N \u00fcber die gesamte Akkulaufzeit<br \/>\n2 x 18 Volt Akku-Rucksackgebl\u00e4se mit gepolstertem R\u00fcckenbereich und gepolsterten, verstellbaren Gurten f\u00fcr hohen Tragekomfort<br \/>\nBis zu vier Batterief\u00e4cher f\u00fcr l\u00e4ngere Laufzeit<br \/>\nBis zu 18,4 m\u00b3\/min Luftvolumen bei 249 km\/h f\u00fcr die Entfernung von Laub, Kies und Steinschlag<br \/>\nOptimierte Balance und Ergonomie mit 3 Modi, variabler Geschwindigkeitsregelung, werkzeugloser Griffverstellung und verstellbarer<br \/>\nTeleskopd\u00fcse Beschleunigung auf Vollgas in weniger als 1 Sekunde<br \/>\nEinfacher Transport dank des Hakens f\u00fcr die vertikale D\u00fcsenaufbewahrung und des Tragegriffs<br \/>\nAustauschbare D\u00fcsen zur Optimierung des Gebl\u00e4ses f\u00fcr verschiedene Anwendungen<br \/>\nDie DNA unserer FUEL-Plattform\u2122 definiert das Gleichgewicht der kabellosen Technologien neu. Der b\u00fcrstenlose MILWAUKEE\u00ae POWERSTATE-Motor\u2122, die REDLITHIUM-Batterie\u2122 und die elektronische REDLINK PLUS-Intelligenz\u2122 sorgen f\u00fcr au\u00dfergew\u00f6hnliche Leistung, Autonomie und Langlebigkeit.<br \/>\nFlexibles Batteriesystem: Kompatibel mit allen MILWAUKEE\u00ae M18-Batterien\u2122. <\/p>\n<p>M18<br \/>\nSYSTEM BATTERIE IM LIEFERUMFANG ENTHALTEN 4 x M18 HB12 12,0 AH<br \/>\nM18 PC6 LADEGER\u00c4T MIT LUFTZUFUHR<br \/>\nGESCHWINDIGKEIT 0 &#8211; 250 km\/h<br \/>\nLUFTVOLUMEN 0 &#8211; 18,5 m\u00b3\/min<br \/>\nBATTERIE Lithium-Ionen<br \/>\nSPANNUNG 36 V (2 x 18 V) V<br \/>\nGEWICHT MIT BATTERIE 11,4 (2 x M18 HB12) kg<\/p>\n","protected":false},"excerpt":{"rendered":"<p>Gleichbleibend hohe Leistung mit einer gleichm\u00e4\u00dfigen Blaskraft von 20,5 N \u00fcber die gesamte Akkulaufzeit 2 x 18 Volt Akku-Rucksackgebl\u00e4se mit<\/p>\n","protected":false},"featured_media":58266,"template":"","meta":{"_seopress_robots_primary_cat":"","_seopress_titles_title":"","_seopress_titles_desc":"","_seopress_robots_index":""},"product_brand":[3407],"product_cat":[29,485,489],"product_tag":[],"class_list":{"0":"post-414846","1":"product","2":"type-product","3":"status-publish","4":"has-post-thumbnail","6":"product_brand-milwaukee","7":"product_cat-macchinari","8":"product_cat-soffiatori-e-aspiratori","9":"product_cat-soffiatori-a-batteria","11":"first","12":"instock","13":"shipping-taxable","14":"purchasable","15":"product-type-simple"},"_links":{"self":[{"href":"https:\/\/lucacastelli.com\/de\/wp-json\/wp\/v2\/product\/414846","targetHints":{"allow":["GET"]}}],"collection":[{"href":"https:\/\/lucacastelli.com\/de\/wp-json\/wp\/v2\/product"}],"about":[{"href":"https:\/\/lucacastelli.com\/de\/wp-json\/wp\/v2\/types\/product"}],"wp:featuredmedia":[{"embeddable":true,"href":"https:\/\/lucacastelli.com\/de\/wp-json\/wp\/v2\/media\/58266"}],"wp:attachment":[{"href":"https:\/\/lucacastelli.com\/de\/wp-json\/wp\/v2\/media?parent=414846"}],"wp:term":[{"taxonomy":"product_brand","embeddable":true,"href":"https:\/\/lucacastelli.com\/de\/wp-json\/wp\/v2\/product_brand?post=414846"},{"taxonomy":"product_cat","embeddable":true,"href":"https:\/\/lucacastelli.com\/de\/wp-json\/wp\/v2\/product_cat?post=414846"},{"taxonomy":"product_tag","embeddable":true,"href":"https:\/\/lucacastelli.com\/de\/wp-json\/wp\/v2\/product_tag?post=414846"}],"curies":[{"name":"wp","href":"https:\/\/api.w.org\/{rel}","templated":true}]}}