{"id":414843,"date":"2024-11-13T10:19:24","date_gmt":"2024-11-13T09:19:24","guid":{"rendered":"https:\/\/lucacastelli.com\/prodotto\/milwaukee-m18fhet45-0-akku-heckenschere-45cm\/"},"modified":"2025-12-19T15:02:12","modified_gmt":"2025-12-19T14:02:12","slug":"milwaukee-m18fhet45-0-akku-heckenschere-45cm","status":"publish","type":"product","link":"https:\/\/lucacastelli.com\/de\/produkt\/milwaukee-m18fhet45-0-akku-heckenschere-45cm\/","title":{"rendered":"MILWAUKEE M18FHET45-0 Akku-Heckenschere 45cm"},"content":{"rendered":"<p>M18\u2122 FUEL\u2122 Akku-Heckenschere 45 cm M18FHET45-0 \/ Milwaukee # 4933493293 \/ EAN: 4058546481643<br \/>\nDoppelt gesch\u00e4rfte Klingen f\u00fcr saubere Schnitte und das Entfernen von dickerem Material<br \/>\n45 cm lange Klinge f\u00fcr hohe Flexibilit\u00e4t und Leistung beim Schneiden von \u00c4sten bis zu 19 mm<br \/>\nBeh\u00e4lt die Leistung unter Last bei, ohne ins Stocken zu geraten<br \/>\nBis zu 2 Stunden Laufzeit mit einem 8,0 Ah<br \/>\nM18\u2122 HIGH OUTPUT\u2122 Akku Das Ganzmetall-Getriebegeh\u00e4use umschlie\u00dft und sch\u00fctzt das Getriebeantriebssystem<br \/>\nvollst\u00e4ndig Klingenspitzenschutz zum Schutz der Klinge und zur Vermeidung versehentlicher Besch\u00e4digung von Z\u00e4unen oder anderen Gegenst\u00e4nden<br \/>\nPlatzierung des Stangengriffs und Gewichtsverteilung sorgen f\u00fcr die beste Kombination aus Balance und Kontrolle<br \/>\n100% kompatibel mit der MILWAUKEE-M18\u00ae\u2122 Produktreihe.<\/p>\n<p>Technische Daten:<br \/>\nM18<br \/>\nSYSTEM LITHIUM-IONEN-AKKU<br \/>\nLIEFERUNG IM KARTON<br \/>\nGEWICHT MIT AKKU 5,0 (M18\u2122HB8) kg<br \/>\nHUBGESCHWINDIGKEIT 3400 min-1<br \/>\nSCHNITTLEISTUNG MAX. SCHNITTLEISTUNG 19 mm<br \/>\nKLINGENL\u00c4NGE 45 cm<br \/>\nSPANNUNG 18 V <\/p>\n","protected":false},"excerpt":{"rendered":"<p>M18\u2122 FUEL\u2122 Akku-Heckenschere 45 cm M18FHET45-0 \/ Milwaukee # 4933493293 \/ EAN: 4058546481643 Doppelt gesch\u00e4rfte Klingen f\u00fcr saubere Schnitte und<\/p>\n","protected":false},"featured_media":58261,"template":"","meta":{"_seopress_robots_primary_cat":"","_seopress_titles_title":"","_seopress_titles_desc":"","_seopress_robots_index":""},"product_brand":[3407],"product_cat":[29,268,282,267],"product_tag":[],"class_list":{"0":"post-414843","1":"product","2":"type-product","3":"status-publish","4":"has-post-thumbnail","6":"product_brand-milwaukee","7":"product_cat-macchinari","8":"product_cat-motoseghe","9":"product_cat-tosasiepi-e-potatori-a-batteria","10":"product_cat-tosasiepi-e-potatori","11":"sws-gruppo-macchinari-de","12":"sws-conto-ricavi-merci-rivendita-macchinari-de","13":"sws-gruppo-iva-iva81-de","15":"first","16":"instock","17":"shipping-taxable","18":"purchasable","19":"product-type-simple"},"_links":{"self":[{"href":"https:\/\/lucacastelli.com\/de\/wp-json\/wp\/v2\/product\/414843","targetHints":{"allow":["GET"]}}],"collection":[{"href":"https:\/\/lucacastelli.com\/de\/wp-json\/wp\/v2\/product"}],"about":[{"href":"https:\/\/lucacastelli.com\/de\/wp-json\/wp\/v2\/types\/product"}],"wp:featuredmedia":[{"embeddable":true,"href":"https:\/\/lucacastelli.com\/de\/wp-json\/wp\/v2\/media\/58261"}],"wp:attachment":[{"href":"https:\/\/lucacastelli.com\/de\/wp-json\/wp\/v2\/media?parent=414843"}],"wp:term":[{"taxonomy":"product_brand","embeddable":true,"href":"https:\/\/lucacastelli.com\/de\/wp-json\/wp\/v2\/product_brand?post=414843"},{"taxonomy":"product_cat","embeddable":true,"href":"https:\/\/lucacastelli.com\/de\/wp-json\/wp\/v2\/product_cat?post=414843"},{"taxonomy":"product_tag","embeddable":true,"href":"https:\/\/lucacastelli.com\/de\/wp-json\/wp\/v2\/product_tag?post=414843"}],"curies":[{"name":"wp","href":"https:\/\/api.w.org\/{rel}","templated":true}]}}