{"id":414841,"date":"2024-11-13T10:05:00","date_gmt":"2024-11-13T09:05:00","guid":{"rendered":"https:\/\/lucacastelli.com\/prodotto\/milwaukee-saegekette-30cm-fuer-m18-fthchs30-saegekette-325lp-x-305-x-1-1\/"},"modified":"2025-06-29T08:06:19","modified_gmt":"2025-06-29T06:06:19","slug":"milwaukee-saegekette-30cm-fuer-m18-fthchs30-saegekette-325lp-x-305-x-1-1","status":"publish","type":"product","link":"https:\/\/lucacastelli.com\/de\/produkt\/milwaukee-saegekette-30cm-fuer-m18-fthchs30-saegekette-325lp-x-305-x-1-1\/","title":{"rendered":"Milwaukee S\u00e4gekette 30cm f\u00fcr M18 FTHCHS30 S\u00e4gekette 325LP x 305 x 1.1"},"content":{"rendered":"<p>Ersatzkette f\u00fcr M18\u2122 Kettens\u00e4ge FTHCHS30<\/p>\n<p>Technische Daten:<br \/>\nL\u00c4NGE 30 cm<br \/>\nTeilung 0,325 Zoll<br \/>\nPASSEND F\u00dcR GATTERS\u00c4GE<br \/>\nTABELLENINHALT 1<\/p>\n","protected":false},"excerpt":{"rendered":"<p>Ersatzkette f\u00fcr M18\u2122 Kettens\u00e4ge FTHCHS30 Technische Daten: L\u00c4NGE 30 cm Teilung 0,325 Zoll PASSEND F\u00dcR GATTERS\u00c4GE TABELLENINHALT 1<\/p>\n","protected":false},"featured_media":58251,"template":"","meta":{"_seopress_robots_primary_cat":"","_seopress_titles_title":"","_seopress_titles_desc":"","_seopress_robots_index":""},"product_brand":[3656],"product_cat":[1695,1612,169,1613],"product_tag":[],"class_list":{"0":"post-414841","1":"product","2":"type-product","3":"status-publish","4":"has-post-thumbnail","6":"product_brand-milwaukee-de","7":"product_cat-heckenscheren-und-astscheren","8":"product_cat-kettensagen","9":"product_cat-maschinen","10":"product_cat-zubehor-und-verbrauchsmaterial-de-4","12":"first","13":"instock","14":"shipping-taxable","15":"purchasable","16":"product-type-simple"},"_links":{"self":[{"href":"https:\/\/lucacastelli.com\/de\/wp-json\/wp\/v2\/product\/414841","targetHints":{"allow":["GET"]}}],"collection":[{"href":"https:\/\/lucacastelli.com\/de\/wp-json\/wp\/v2\/product"}],"about":[{"href":"https:\/\/lucacastelli.com\/de\/wp-json\/wp\/v2\/types\/product"}],"wp:featuredmedia":[{"embeddable":true,"href":"https:\/\/lucacastelli.com\/de\/wp-json\/wp\/v2\/media\/58251"}],"wp:attachment":[{"href":"https:\/\/lucacastelli.com\/de\/wp-json\/wp\/v2\/media?parent=414841"}],"wp:term":[{"taxonomy":"product_brand","embeddable":true,"href":"https:\/\/lucacastelli.com\/de\/wp-json\/wp\/v2\/product_brand?post=414841"},{"taxonomy":"product_cat","embeddable":true,"href":"https:\/\/lucacastelli.com\/de\/wp-json\/wp\/v2\/product_cat?post=414841"},{"taxonomy":"product_tag","embeddable":true,"href":"https:\/\/lucacastelli.com\/de\/wp-json\/wp\/v2\/product_tag?post=414841"}],"curies":[{"name":"wp","href":"https:\/\/api.w.org\/{rel}","templated":true}]}}