{"id":414837,"date":"2024-11-13T10:05:38","date_gmt":"2024-11-13T09:05:38","guid":{"rendered":"https:\/\/lucacastelli.com\/prodotto\/milwaukee-fuer-m18-kettensaegen-kettensaegen-pockets\/"},"modified":"2025-06-29T08:06:14","modified_gmt":"2025-06-29T06:06:14","slug":"milwaukee-fuer-m18-kettensaegen-kettensaegen-pockets","status":"publish","type":"product","link":"https:\/\/lucacastelli.com\/de\/produkt\/milwaukee-fuer-m18-kettensaegen-kettensaegen-pockets\/","title":{"rendered":"Milwaukee f\u00fcr M18 Kettens\u00e4gen Kettens\u00e4gen-Pockets"},"content":{"rendered":"<p>MILWAUKEE\u00ae M18<br \/>\n\u2122<\/p>\n<p>Kettens\u00e4gen-Aufbewahrungstasche Technische Daten:<br \/>\n L\u00e4nge 99,2 cm<br \/>\n, Breite 29,2 cm<br \/>\n, H\u00d6HE 6 cm<\/p>\n","protected":false},"excerpt":{"rendered":"<p>MILWAUKEE\u00ae M18 \u2122 Kettens\u00e4gen-Aufbewahrungstasche Technische Daten: L\u00e4nge 99,2 cm , Breite 29,2 cm , H\u00d6HE 6 cm<\/p>\n","protected":false},"featured_media":58256,"template":"","meta":{"_seopress_robots_primary_cat":"","_seopress_titles_title":"","_seopress_titles_desc":"","_seopress_robots_index":""},"product_brand":[3407],"product_cat":[29,268,269,267],"product_tag":[],"class_list":{"0":"post-414837","1":"product","2":"type-product","3":"status-publish","4":"has-post-thumbnail","6":"product_brand-milwaukee","7":"product_cat-macchinari","8":"product_cat-motoseghe","9":"product_cat-accessori-e-materiale-di-consumo-tosasiepi-e-potatori","10":"product_cat-tosasiepi-e-potatori","12":"first","13":"instock","14":"shipping-taxable","15":"purchasable","16":"product-type-simple"},"_links":{"self":[{"href":"https:\/\/lucacastelli.com\/de\/wp-json\/wp\/v2\/product\/414837","targetHints":{"allow":["GET"]}}],"collection":[{"href":"https:\/\/lucacastelli.com\/de\/wp-json\/wp\/v2\/product"}],"about":[{"href":"https:\/\/lucacastelli.com\/de\/wp-json\/wp\/v2\/types\/product"}],"wp:featuredmedia":[{"embeddable":true,"href":"https:\/\/lucacastelli.com\/de\/wp-json\/wp\/v2\/media\/58256"}],"wp:attachment":[{"href":"https:\/\/lucacastelli.com\/de\/wp-json\/wp\/v2\/media?parent=414837"}],"wp:term":[{"taxonomy":"product_brand","embeddable":true,"href":"https:\/\/lucacastelli.com\/de\/wp-json\/wp\/v2\/product_brand?post=414837"},{"taxonomy":"product_cat","embeddable":true,"href":"https:\/\/lucacastelli.com\/de\/wp-json\/wp\/v2\/product_cat?post=414837"},{"taxonomy":"product_tag","embeddable":true,"href":"https:\/\/lucacastelli.com\/de\/wp-json\/wp\/v2\/product_tag?post=414837"}],"curies":[{"name":"wp","href":"https:\/\/api.w.org\/{rel}","templated":true}]}}