{"id":414828,"date":"2024-11-13T09:52:26","date_gmt":"2024-11-13T08:52:26","guid":{"rendered":"https:\/\/lucacastelli.com\/prodotto\/milwaukee-flach-und-rundduesen-kit-fuer-geblaese\/"},"modified":"2025-06-29T08:06:03","modified_gmt":"2025-06-29T06:06:03","slug":"milwaukee-flach-und-rundduesen-kit-fuer-geblaese","status":"publish","type":"product","link":"https:\/\/lucacastelli.com\/de\/produkt\/milwaukee-flach-und-rundduesen-kit-fuer-geblaese\/","title":{"rendered":"Milwaukee Flach- und Rundd\u00fcsen Kit f\u00fcr Gebl\u00e4se"},"content":{"rendered":"<p>Kompatibel mit allen Gebl\u00e4sen, einschlie\u00dflich QUIK-LOKs\u2122.<br \/>\nInhalt: 1x Flachd\u00fcse, 1x Rundd\u00fcse<\/p>\n","protected":false},"excerpt":{"rendered":"<p>Kompatibel mit allen Gebl\u00e4sen, einschlie\u00dflich QUIK-LOKs\u2122. Inhalt: 1x Flachd\u00fcse, 1x Rundd\u00fcse<\/p>\n","protected":false},"featured_media":58241,"template":"","meta":{"_seopress_robots_primary_cat":"","_seopress_titles_title":"","_seopress_titles_desc":"","_seopress_robots_index":""},"product_brand":[3656],"product_cat":[1641,169,1645],"product_tag":[],"class_list":{"0":"post-414828","1":"product","2":"type-product","3":"status-publish","4":"has-post-thumbnail","6":"product_brand-milwaukee-de","7":"product_cat-geblase-und-staubsauger","8":"product_cat-maschinen","9":"product_cat-zubehor-und-verbrauchsmaterial-de-6","11":"first","12":"instock","13":"shipping-taxable","14":"purchasable","15":"product-type-simple"},"_links":{"self":[{"href":"https:\/\/lucacastelli.com\/de\/wp-json\/wp\/v2\/product\/414828","targetHints":{"allow":["GET"]}}],"collection":[{"href":"https:\/\/lucacastelli.com\/de\/wp-json\/wp\/v2\/product"}],"about":[{"href":"https:\/\/lucacastelli.com\/de\/wp-json\/wp\/v2\/types\/product"}],"wp:featuredmedia":[{"embeddable":true,"href":"https:\/\/lucacastelli.com\/de\/wp-json\/wp\/v2\/media\/58241"}],"wp:attachment":[{"href":"https:\/\/lucacastelli.com\/de\/wp-json\/wp\/v2\/media?parent=414828"}],"wp:term":[{"taxonomy":"product_brand","embeddable":true,"href":"https:\/\/lucacastelli.com\/de\/wp-json\/wp\/v2\/product_brand?post=414828"},{"taxonomy":"product_cat","embeddable":true,"href":"https:\/\/lucacastelli.com\/de\/wp-json\/wp\/v2\/product_cat?post=414828"},{"taxonomy":"product_tag","embeddable":true,"href":"https:\/\/lucacastelli.com\/de\/wp-json\/wp\/v2\/product_tag?post=414828"}],"curies":[{"name":"wp","href":"https:\/\/api.w.org\/{rel}","templated":true}]}}