{"id":414826,"date":"2024-11-05T08:45:09","date_gmt":"2024-11-05T07:45:09","guid":{"rendered":"https:\/\/lucacastelli.com\/prodotto\/milwaukee-m18-fuel-akku-geblaese-m18-fblg3-802\/"},"modified":"2026-04-15T15:51:19","modified_gmt":"2026-04-15T13:51:19","slug":"milwaukee-m18-fuel-akku-geblaese-m18-fblg3-802","status":"publish","type":"product","link":"https:\/\/lucacastelli.com\/de\/produkt\/milwaukee-m18-fuel-akku-geblaese-m18-fblg3-802\/","title":{"rendered":"Milwaukee M18 FUEL\u2122 Akku-Gebl\u00e4se M18 FBLG3 -802"},"content":{"rendered":"<p>Bis zu 14,2 m\u00b3\/min Luftvolumen bei 193 km\/h f\u00fcr<br \/>\ndie Schmutzentfernung 12,2 N konstant w\u00e4hrend der gesamten Batterieentladung<br \/>\nErreicht eine maximale Beschleunigung in weniger als 0,6 Sekunden<br \/>\nBeidh\u00e4ndige variable Geschwindigkeitssperre, mit der der Benutzer jede Geschwindigkeit f\u00fcr pr\u00e4zise Anwendungen und optimierte<br \/>\nLaufzeiten einstellen kann Austauschbare D\u00fcsen zur Optimierung des Blasens f\u00fcr verschiedene Anwendungen<br \/>\nDie FUEL-Plattform\u2122 wurde f\u00fcr die anspruchsvollsten Benutzer entwickelt. Diese Technologie bietet maximale Leistung und vereint drei zentrale Komponenten: den b\u00fcrstenlosen POWERSTATE-Motor\u2122, die REDLITHIUM-Batterie\u2122 und die REDLINK PLUS-Elektronik\u2122. Durch die Optimierung dieser drei MILWAUKEE-Technologien\u00ae erreichen wir maximale Leistung bei m\u00f6glichst langer Lebensdauer.<br \/>\nFlexibles Batteriesystem: Kompatibel mit allen MILWAUKEE\u00ae M18-Batterien\u2122.  <\/p>\n<p>SYSTEM: M18\u2122<br \/>\nBLERKRAFT: 12,2 N<br \/>\nLUFTGESCHWINDIGKEIT: 193 km\/h<br \/>\nLUFTVOLUMEN: 14,2 m\u00b3\/min<br \/>\nGEWICHT MIT AKKU: 3,5 (M18 HB8) kg<br \/>\nLIEFERUMFANG: 2 x M18 HB8 Akkus, M12-18 FC Ladeger\u00e4t, im Karton<\/p>\n","protected":false},"excerpt":{"rendered":"<p>Bis zu 14,2 m\u00b3\/min Luftvolumen bei 193 km\/h f\u00fcr die Schmutzentfernung 12,2 N konstant w\u00e4hrend der gesamten Batterieentladung Erreicht eine<\/p>\n","protected":false},"featured_media":58222,"template":"","meta":{"_seopress_robots_primary_cat":"","_seopress_titles_title":"","_seopress_titles_desc":"","_seopress_robots_index":""},"product_brand":[3407],"product_cat":[29,485,489],"product_tag":[],"class_list":{"0":"post-414826","1":"product","2":"type-product","3":"status-publish","4":"has-post-thumbnail","6":"product_brand-milwaukee","7":"product_cat-macchinari","8":"product_cat-soffiatori-e-aspiratori","9":"product_cat-soffiatori-a-batteria","10":"sws-gruppo-macchinari","11":"sws-conto-ricavi-merci-rivendita-macchinari","12":"sws-gruppo-iva-iva81","14":"first","15":"instock","16":"sale","17":"shipping-taxable","18":"purchasable","19":"product-type-simple"},"_links":{"self":[{"href":"https:\/\/lucacastelli.com\/de\/wp-json\/wp\/v2\/product\/414826","targetHints":{"allow":["GET"]}}],"collection":[{"href":"https:\/\/lucacastelli.com\/de\/wp-json\/wp\/v2\/product"}],"about":[{"href":"https:\/\/lucacastelli.com\/de\/wp-json\/wp\/v2\/types\/product"}],"wp:featuredmedia":[{"embeddable":true,"href":"https:\/\/lucacastelli.com\/de\/wp-json\/wp\/v2\/media\/58222"}],"wp:attachment":[{"href":"https:\/\/lucacastelli.com\/de\/wp-json\/wp\/v2\/media?parent=414826"}],"wp:term":[{"taxonomy":"product_brand","embeddable":true,"href":"https:\/\/lucacastelli.com\/de\/wp-json\/wp\/v2\/product_brand?post=414826"},{"taxonomy":"product_cat","embeddable":true,"href":"https:\/\/lucacastelli.com\/de\/wp-json\/wp\/v2\/product_cat?post=414826"},{"taxonomy":"product_tag","embeddable":true,"href":"https:\/\/lucacastelli.com\/de\/wp-json\/wp\/v2\/product_tag?post=414826"}],"curies":[{"name":"wp","href":"https:\/\/api.w.org\/{rel}","templated":true}]}}