{"id":414819,"date":"2024-09-06T12:48:41","date_gmt":"2024-09-06T10:48:41","guid":{"rendered":"https:\/\/lucacastelli.com\/prodotto\/milwaukee-usb-bluetooth-kopfhoerer-inkl-l4b3-red-lithium-akku-u-ladekabel-l4rlepb-301\/"},"modified":"2025-06-29T08:09:49","modified_gmt":"2025-06-29T06:09:49","slug":"milwaukee-usb-bluetooth-kopfhoerer-inkl-l4b3-red-lithium-akku-u-ladekabel-l4rlepb-301","status":"publish","type":"product","link":"https:\/\/lucacastelli.com\/de\/produkt\/milwaukee-usb-bluetooth-kopfhoerer-inkl-l4b3-red-lithium-akku-u-ladekabel-l4rlepb-301\/","title":{"rendered":"MILWAUKEE USB Bluetooth Kopfh\u00f6rer inkl. L4B3 RED LITHIUM Akku u. Ladekabel L4RLEPB-301"},"content":{"rendered":"<p>Merkmale<br \/>\nDas Jobsite Awareness-System erm\u00f6glicht es Ihnen, die Situation zu kontrollieren, indem Sie die Intensit\u00e4t des Au\u00dfenl\u00e4rms reduzieren.<br \/>\nDigitales Bluetooth verbindet Ger\u00e4te bis zu 100 Meter und erm\u00f6glicht es Ihnen, Musik\/Podcasts\/H\u00f6rb\u00fccher\/Medien zu h\u00f6ren und Anrufe anzunehmen\/zu sprechen\/abzulehnen.<br \/>\nEurop\u00e4isch zertifizierter Geh\u00f6rschutz: EN 352-2:2020 (SNR Silikon-Geh\u00f6rschutzst\u00f6psel = 26 dB; SNR-Schaumstoff-Geh\u00f6rschutzst\u00f6psel = 32 dB); EN 352-7:2020; EN 352-9:2020; EN 352-10:2020).<br \/>\nPassiver Geh\u00f6rschutz f\u00fcr die Arbeit wird durch Ohrst\u00f6psel aus Silikon und Schaumstoff gew\u00e4hrleistet.<br \/>\nAustauschbare Schaumstoffeinlagen und Silikoneinlagen mit Fl\u00fcgeln im Lieferumfang enthalten.<br \/>\nKlein genug, um pers\u00f6nliche Schutzausr\u00fcstung oder Kappen und Hauben nicht zu beeintr\u00e4chtigen.<br \/>\nLeicht genug, um die Erm\u00fcdung des Ohrs zu minimieren und b\u00fcndig in das Ohr selbst zu passen<br \/>\nBis zu 10 Stunden Betriebsdauer mit einer einzigen Ladung<br \/>\nDer wiederaufladbare REDLITHIUM\u2122 USB-Akku bietet eine Betriebsdauer von bis zu 70 Stunden mit mehreren Ladungen<br \/>\nDank der Ladekontrollleuchte wei\u00df der Endverbraucher, wann der Akku schwach ist<\/p>\n<p>Technische Daten<br \/>\nSpannung 4 Volt<br \/>\nAkkulaufzeit 10 Stunden<br \/>\nAkkulaufzeit, einschlie\u00dflich Aufladen an der Ladestation, 70 Stunden.<br \/>\nMaximaler Ger\u00e4uschpegel Ger\u00e4uschpegel 82 dB<\/p>\n<p>Lieferumfang:<br \/>\n1 x L4 B3<br \/>\nAkku USB Kabel<\/p>\n","protected":false},"excerpt":{"rendered":"<p>Merkmale Das Jobsite Awareness-System erm\u00f6glicht es Ihnen, die Situation zu kontrollieren, indem Sie die Intensit\u00e4t des Au\u00dfenl\u00e4rms reduzieren. Digitales Bluetooth<\/p>\n","protected":false},"featured_media":94966,"template":"","meta":{"_seopress_robots_primary_cat":"","_seopress_titles_title":"","_seopress_titles_desc":"","_seopress_robots_index":""},"product_brand":[3407],"product_cat":[33,211,817,816],"product_tag":[],"class_list":{"0":"post-414819","1":"product","2":"type-product","3":"status-publish","4":"has-post-thumbnail","6":"product_brand-milwaukee","7":"product_cat-attrezzature","8":"product_cat-attrezzatura-per-il-tempo-libero","9":"product_cat-caschi-attrezzatura-per-il-tempo-libero","10":"product_cat-visiere-e-occhiali-protettivi","12":"first","13":"instock","14":"sale","15":"shipping-taxable","16":"purchasable","17":"product-type-simple"},"_links":{"self":[{"href":"https:\/\/lucacastelli.com\/de\/wp-json\/wp\/v2\/product\/414819","targetHints":{"allow":["GET"]}}],"collection":[{"href":"https:\/\/lucacastelli.com\/de\/wp-json\/wp\/v2\/product"}],"about":[{"href":"https:\/\/lucacastelli.com\/de\/wp-json\/wp\/v2\/types\/product"}],"wp:featuredmedia":[{"embeddable":true,"href":"https:\/\/lucacastelli.com\/de\/wp-json\/wp\/v2\/media\/94966"}],"wp:attachment":[{"href":"https:\/\/lucacastelli.com\/de\/wp-json\/wp\/v2\/media?parent=414819"}],"wp:term":[{"taxonomy":"product_brand","embeddable":true,"href":"https:\/\/lucacastelli.com\/de\/wp-json\/wp\/v2\/product_brand?post=414819"},{"taxonomy":"product_cat","embeddable":true,"href":"https:\/\/lucacastelli.com\/de\/wp-json\/wp\/v2\/product_cat?post=414819"},{"taxonomy":"product_tag","embeddable":true,"href":"https:\/\/lucacastelli.com\/de\/wp-json\/wp\/v2\/product_tag?post=414819"}],"curies":[{"name":"wp","href":"https:\/\/api.w.org\/{rel}","templated":true}]}}