{"id":414815,"date":"2024-09-11T08:09:28","date_gmt":"2024-09-11T06:09:28","guid":{"rendered":"https:\/\/lucacastelli.com\/prodotto\/milwaukee-akku-kartuschenpresse-c18pcg600t-201b\/"},"modified":"2025-06-29T08:10:01","modified_gmt":"2025-06-29T06:10:01","slug":"milwaukee-akku-kartuschenpresse-c18pcg600t-201b","status":"publish","type":"product","link":"https:\/\/lucacastelli.com\/de\/produkt\/milwaukee-akku-kartuschenpresse-c18pcg600t-201b\/","title":{"rendered":"MILWAUKEE Akku-Kartuschenpresse C18PCG600T-201B"},"content":{"rendered":"<p>Hoher Extraktionsdruck von 459 kg\/4500 N<br \/>\nREDLINK-Elektronik\u2122: \u00dcberlastschutz von Maschine und Akku sorgt f\u00fcr eine lange Lebensdauer.<br \/>\nOptimiert f\u00fcr alle g\u00e4ngigen Kleb- und Dichtstoffe, auch bei niedrigeren Temperaturen<br \/>\nAutomatischer R\u00fccklauf des Druckbalkens verhindert Nachtropfen<br \/>\nElektronische Entsaftungsgeschwindigkeitsregelung \u00fcber ein Einstellrad mit 6 Geschwindigkeitsstufen<br \/>\nKonstanter Dichtmittelfluss, reduzierte Blasenbildung und volle Ausnutzung des Kartuscheninhalts<br \/>\nIndividuelle Zell\u00fcberwachung f\u00fcr optimale Lebensdauer und lange Akkulaufzeit<br \/>\nBatterieladezustandsanzeige und LED-Beleuchtung des Arbeitsbereichs<br \/>\nDie REDLITHIUM-Batterie\u2122 bietet ein perfekt aufeinander abgestimmtes Design, fortschrittliche Elektronik und verlustfreie Stromversorgung f\u00fcr eine l\u00e4ngere Batterielebensdauer.<br \/>\n100% kompatibel mit der MILWAUKEE-M18\u00ae Produktreihe<\/p>\n<p>Spannung [V]: 18<br \/>\nBatterie: Lithium-Ionen<br \/>\nLieferumfang:Werkzeugtasche<br \/>\nStandardausr\u00fcstung | Lieferumfang: Halterung f\u00fcr 600 ml Frischhaltefolienbeutel, Druckbalken, Transporttasche<br \/>\nBezeichnung: Modellvariante: C18 PCG\/600T-201B<br \/>\nGewicht mit Akku [kg]: 2,3 (M18 B2)<br \/>\nSystem: M18<br \/>\nTechnologie: Geb\u00fcrstet<br \/>\nInklusive Ladeger\u00e4t:M12-18 C<br \/>\nInklusive Akku: 1 x M18 B2<\/p>\n","protected":false},"excerpt":{"rendered":"<p>Hoher Extraktionsdruck von 459 kg\/4500 N REDLINK-Elektronik\u2122: \u00dcberlastschutz von Maschine und Akku sorgt f\u00fcr eine lange Lebensdauer. Optimiert f\u00fcr alle<\/p>\n","protected":false},"featured_media":58112,"template":"","meta":{"_seopress_robots_primary_cat":"","_seopress_titles_title":"","_seopress_titles_desc":"","_seopress_robots_index":""},"product_brand":[3407],"product_cat":[29,514],"product_tag":[],"class_list":{"0":"post-414815","1":"product","2":"type-product","3":"status-publish","4":"has-post-thumbnail","6":"product_brand-milwaukee","7":"product_cat-macchinari","8":"product_cat-altri-dispositivi","10":"first","11":"instock","12":"shipping-taxable","13":"purchasable","14":"product-type-simple"},"_links":{"self":[{"href":"https:\/\/lucacastelli.com\/de\/wp-json\/wp\/v2\/product\/414815","targetHints":{"allow":["GET"]}}],"collection":[{"href":"https:\/\/lucacastelli.com\/de\/wp-json\/wp\/v2\/product"}],"about":[{"href":"https:\/\/lucacastelli.com\/de\/wp-json\/wp\/v2\/types\/product"}],"wp:featuredmedia":[{"embeddable":true,"href":"https:\/\/lucacastelli.com\/de\/wp-json\/wp\/v2\/media\/58112"}],"wp:attachment":[{"href":"https:\/\/lucacastelli.com\/de\/wp-json\/wp\/v2\/media?parent=414815"}],"wp:term":[{"taxonomy":"product_brand","embeddable":true,"href":"https:\/\/lucacastelli.com\/de\/wp-json\/wp\/v2\/product_brand?post=414815"},{"taxonomy":"product_cat","embeddable":true,"href":"https:\/\/lucacastelli.com\/de\/wp-json\/wp\/v2\/product_cat?post=414815"},{"taxonomy":"product_tag","embeddable":true,"href":"https:\/\/lucacastelli.com\/de\/wp-json\/wp\/v2\/product_tag?post=414815"}],"curies":[{"name":"wp","href":"https:\/\/api.w.org\/{rel}","templated":true}]}}