{"id":414813,"date":"2024-09-06T12:48:09","date_gmt":"2024-09-06T10:48:09","guid":{"rendered":"https:\/\/lucacastelli.com\/prodotto\/milwaukee-fuel-akku-tauchsaege-m18fps55-0p\/"},"modified":"2025-12-01T14:45:41","modified_gmt":"2025-12-01T13:45:41","slug":"milwaukee-fuel-akku-tauchsaege-m18fps55-0p","status":"publish","type":"product","link":"https:\/\/lucacastelli.com\/de\/produkt\/milwaukee-fuel-akku-tauchsaege-m18fps55-0p\/","title":{"rendered":"MILWAUKEE FUEL\u2122 Akku-Tauchs\u00e4ge M18FPS55-0P"},"content":{"rendered":"<p>Die Tauchs\u00e4ge M18 FUEL\u2122 liefert Schnittleistung bei gleicher Geschwindigkeit wie eine gleichwertige Netzkreiss\u00e4ge und ist in der Lage, 45 Meter 18 mm Sperrholz mit einer Akkuladung von 5,5 Ah zu schneiden.<br \/>\nDie Tiefenverstellung verf\u00fcgt \u00fcber zwei Skalen (gef\u00fchrt\/ohne F\u00fchrung). Diese lassen sich ganz einfach per Knopfdruck anpassen.<br \/>\nExtrem flache Schutzhaube erm\u00f6glicht b\u00fcndige Schnitte mit einem Abstand von nur 12 mm zur Wand<br \/>\nEffiziente Staubabsaugung in Kombination mit einer externen Absaugung (DEK26-kompatibel)<br \/>\nGravurfunktion erm\u00f6glicht einen 1 mm R\u00fcckschnitt zur Minimierung von Splittern in laminierten<br \/>\nMaterialien Neigungsverstellung stoppt bei 22,5\u00b0,  45\u00b0 und 48\u00b0. Es gibt auch eine -1-Einstellung f\u00fcr den R\u00fcckenbeschnitt.<br \/>\nDie S\u00e4ge ist mit einem seitlichen Schnittfenster f\u00fcr Schnitte, bei denen die Vorderseite des S\u00e4geblattes sichtbar sein muss, und einem federbelasteten Messer zum Niemen<br \/>\nausgestattet Spindelarretierung f\u00fcr einfachen S\u00e4geblattwechsel<br \/>\nDas einziehbare F\u00fcllmesser sorgt daf\u00fcr, dass das F\u00fcllmesser auch bei Tauchschnitten an Ort und Stelle bleibt Variable<br \/>\nDrehzahl von 2500 bis 5600 U\/min.<br \/>\nDie DNA unserer Fuel-Plattform\u2122 definiert die Balance der kabellosen Technologien. Der b\u00fcrstenlose PowerState-Motor \u2122 von MILWAUKEE, die Redlithium-Technologie \u2122 und die Redlink Plus-Elektronik \u2122 bieten au\u00dfergew\u00f6hnliche Leistung, Laufzeit und Haltbarkeit.<br \/>\n \u00aeKompatibel mit allen MILWAUKEE\u00ae M18<br \/>\nAkkus Ohne Akku und Ladeger\u00e4t in der Box<br \/>\nTechnische Daten:   <\/p>\n<p>Leerlaufdrehzahl: 2500-5600<br \/>\nMax. Schnitttiefe (0\u00b0\/45\u00b0\/48\u00b0): 52\/42\/0<br \/>\nMax. Schnitttiefe: 59 mm<br \/>\nNeigungsverstellung: -1 &#8211; 48\u00b0<br \/>\nS\u00e4geblattdurchmesser: 165 mm<\/p>\n<p>Lieferumfang:<br \/>\nAkkus nicht im Lieferumfang<br \/>\nenthalten Ladeger\u00e4t nicht im Lieferumfang<br \/>\nenthalten PACKOUT\u2122\u2122 Case xl<\/p>\n","protected":false},"excerpt":{"rendered":"<p>Die Tauchs\u00e4ge M18 FUEL\u2122 liefert Schnittleistung bei gleicher Geschwindigkeit wie eine gleichwertige Netzkreiss\u00e4ge und ist in der Lage, 45 Meter<\/p>\n","protected":false},"featured_media":58021,"template":"","meta":{"_seopress_robots_primary_cat":"","_seopress_titles_title":"","_seopress_titles_desc":"","_seopress_robots_index":""},"product_brand":[3656],"product_cat":[169,1454,1535],"product_tag":[],"class_list":{"0":"post-414813","1":"product","2":"type-product","3":"status-publish","4":"has-post-thumbnail","6":"product_brand-milwaukee-de","7":"product_cat-maschinen","8":"product_cat-andere-gerate","9":"product_cat-sagen","10":"sws-gruppo-macchinari-de","11":"sws-conto-ricavi-merci-rivendita-macchinari-de","12":"sws-gruppo-iva-iva81-de","14":"first","15":"instock","16":"shipping-taxable","17":"purchasable","18":"product-type-simple"},"_links":{"self":[{"href":"https:\/\/lucacastelli.com\/de\/wp-json\/wp\/v2\/product\/414813","targetHints":{"allow":["GET"]}}],"collection":[{"href":"https:\/\/lucacastelli.com\/de\/wp-json\/wp\/v2\/product"}],"about":[{"href":"https:\/\/lucacastelli.com\/de\/wp-json\/wp\/v2\/types\/product"}],"wp:featuredmedia":[{"embeddable":true,"href":"https:\/\/lucacastelli.com\/de\/wp-json\/wp\/v2\/media\/58021"}],"wp:attachment":[{"href":"https:\/\/lucacastelli.com\/de\/wp-json\/wp\/v2\/media?parent=414813"}],"wp:term":[{"taxonomy":"product_brand","embeddable":true,"href":"https:\/\/lucacastelli.com\/de\/wp-json\/wp\/v2\/product_brand?post=414813"},{"taxonomy":"product_cat","embeddable":true,"href":"https:\/\/lucacastelli.com\/de\/wp-json\/wp\/v2\/product_cat?post=414813"},{"taxonomy":"product_tag","embeddable":true,"href":"https:\/\/lucacastelli.com\/de\/wp-json\/wp\/v2\/product_tag?post=414813"}],"curies":[{"name":"wp","href":"https:\/\/api.w.org\/{rel}","templated":true}]}}