{"id":414806,"date":"2024-09-02T07:00:14","date_gmt":"2024-09-02T05:00:14","guid":{"rendered":"https:\/\/lucacastelli.com\/prodotto\/milwaukee-m18-fuel-akku-rasenmaeher-m18f2lm46-802\/"},"modified":"2025-06-29T08:09:48","modified_gmt":"2025-06-29T06:09:48","slug":"milwaukee-m18-fuel-akku-rasenmaeher-m18f2lm46-802","status":"publish","type":"product","link":"https:\/\/lucacastelli.com\/de\/produkt\/milwaukee-m18-fuel-akku-rasenmaeher-m18f2lm46-802\/","title":{"rendered":"Milwaukee M18\u2122 FUEL\u2122 Akku-Rasenm\u00e4her M18F2LM46-802"},"content":{"rendered":"<p>Das Design des 46 cm langen Stahldecks und der Messer sorgt in Kombination mit der M18\u2122FUEL-Technologie\u2122 f\u00fcr eine erstklassige Schnittqualit\u00e4t<br \/>\nKompaktes Deck f\u00fcr einfache Handhabung in schwer zug\u00e4nglichen Bereichen<br \/>\n3-in-1-Funktion zum Mulchen, Sammeln oder Auswurf zur Seite<br \/>\nIm High-Lift-Modus k\u00f6nnen Sie zwischen kontinuierlicher Spitzenleistung f\u00fcr die beste Schnittqualit\u00e4t und automatischer Anpassung der S\u00e4geblattgeschwindigkeit an die erforderliche Leistung f\u00fcr eine h\u00f6here Effizienz umschalten<br \/>\nDer einstellbare Radantrieb mit 5 Geschwindigkeitsstufen bietet eine Schnittgeschwindigkeit von bis zu 6,5 km\/h<br \/>\nDie aktive Drehzahlregelung gibt dem Benutzer maximale Kontrolle<br \/>\nAngetrieben von 2 x 18-V-Batterien f\u00fcr au\u00dfergew\u00f6hnliche Leistung<br \/>\nM\u00e4hen Sie Fl\u00e4chen bis zu 1600 m\u00b2 mit einer einzigen Ladung von 2 x 8,0 Ah M18\u2122 HIGH OUTPUT\u2122 Akkus Frontscheinwerfer f\u00fcr mehr Sichtbarkeit und Pr\u00e4zision<br \/>\n7 verschiedene H\u00f6heneinstellungen von 2,5 bis 10 cm, um eine breite Palette von Grasarten<br \/>\nabzudecken Klappbare Griffe und aufrechte Aufbewahrung f\u00fcr einen einfachen und kompakten<br \/>\n Transport<br \/>\nDas HIGH OUTPUT-System\u2122 hebt die M18\u2122FUEL-Technologien\u2122 auf ein neues Leistungsniveau. Mehr Leistung und Laufzeit f\u00fcr kompromisslose Einsatzbereitschaft von Akku-Werkzeugen im mobilen Einsatz.<br \/>\n100% kompatibel mit der MILWAUKEE-M18\u00ae\u2122 Produktreihe. <\/p>\n<p>Lithium-Ionen-Akku<br \/>\nBatteriekapazit\u00e4t 8<br \/>\n5-stufiger<br \/>\nAntrieb Anzahl der mitgelieferten Batterien 2<br \/>\nBreite Deckel\/Geh\u00e4use 46<br \/>\nAbmessungen Auffangbeh\u00e4lter 60<br \/>\nLieferung im Karton<br \/>\nGewicht mit Akku 33,6 (M18 HB8)<br \/>\nHinterrad 23,8<br \/>\nGeeignet zum Mulchen Ja<br \/>\nSchnittgeschwindigkeit 3800<br \/>\nSpannung 2 x 18<br \/>\nVorderrad 18,8<\/p>\n<p>Lieferumfang<br \/>\n2 Akkus M18 HB8<br \/>\nBatterieladeger\u00e4t M18 DFC<br \/>\nin Box<br \/>\nAktenvernichter<br \/>\n60 Liter Tasche<\/p>\n","protected":false},"excerpt":{"rendered":"<p>Das Design des 46 cm langen Stahldecks und der Messer sorgt in Kombination mit der M18\u2122FUEL-Technologie\u2122 f\u00fcr eine erstklassige Schnittqualit\u00e4t<\/p>\n","protected":false},"featured_media":58016,"template":"","meta":{"_seopress_robots_primary_cat":"","_seopress_titles_title":"","_seopress_titles_desc":"","_seopress_robots_index":""},"product_brand":[3407],"product_cat":[29,262,488],"product_tag":[],"class_list":{"0":"post-414806","1":"product","2":"type-product","3":"status-publish","4":"has-post-thumbnail","6":"product_brand-milwaukee","7":"product_cat-macchinari","8":"product_cat-tosaerba-e-robot","9":"product_cat-tosaerba-a-batteria","11":"first","12":"instock","13":"shipping-taxable","14":"purchasable","15":"product-type-simple"},"_links":{"self":[{"href":"https:\/\/lucacastelli.com\/de\/wp-json\/wp\/v2\/product\/414806","targetHints":{"allow":["GET"]}}],"collection":[{"href":"https:\/\/lucacastelli.com\/de\/wp-json\/wp\/v2\/product"}],"about":[{"href":"https:\/\/lucacastelli.com\/de\/wp-json\/wp\/v2\/types\/product"}],"wp:featuredmedia":[{"embeddable":true,"href":"https:\/\/lucacastelli.com\/de\/wp-json\/wp\/v2\/media\/58016"}],"wp:attachment":[{"href":"https:\/\/lucacastelli.com\/de\/wp-json\/wp\/v2\/media?parent=414806"}],"wp:term":[{"taxonomy":"product_brand","embeddable":true,"href":"https:\/\/lucacastelli.com\/de\/wp-json\/wp\/v2\/product_brand?post=414806"},{"taxonomy":"product_cat","embeddable":true,"href":"https:\/\/lucacastelli.com\/de\/wp-json\/wp\/v2\/product_cat?post=414806"},{"taxonomy":"product_tag","embeddable":true,"href":"https:\/\/lucacastelli.com\/de\/wp-json\/wp\/v2\/product_tag?post=414806"}],"curies":[{"name":"wp","href":"https:\/\/api.w.org\/{rel}","templated":true}]}}