{"id":414805,"date":"2024-03-24T10:50:17","date_gmt":"2024-03-24T09:50:17","guid":{"rendered":"https:\/\/lucacastelli.com\/prodotto\/milwaukee-akku-nass-trockensauger-m18vc2-0\/"},"modified":"2025-06-29T08:09:37","modified_gmt":"2025-06-29T06:09:37","slug":"milwaukee-akku-nass-trockensauger-m18vc2-0","status":"publish","type":"product","link":"https:\/\/lucacastelli.com\/de\/produkt\/milwaukee-akku-nass-trockensauger-m18vc2-0\/","title":{"rendered":"Milwaukee Akku-Nass-\/Trockensauger M18VC2-0"},"content":{"rendered":"<p>Leistungsstarker 18-V-Motor mit einem Luftdurchsatz von 1300 l\/min und einem maximalen Unterdruck von 80 mbar<br \/>\nHEPA-Filter erfasst bis zu 99,97 % aller Staubpartikel<br \/>\nBis zu 30 Minuten Laufzeit mit einem 9,0 Ah<br \/>\nM18-Akku\u2122 Integrierte Aufbewahrungsm\u00f6glichkeit f\u00fcr Zubeh\u00f6r f\u00fcr einfachen Transport<br \/>\nKompatibel mit DEK-26<br \/>\nPraktisches Kofferdesign erm\u00f6glicht einfachen Transport und Lagerung<br \/>\nMit Eingebaute<br \/>\nAbschaltung Wasserdichter Schalter f\u00fcr lange Lebensdauer<br \/>\n, 100% kompatibel mit der MILWAUKEE\u00aeM18-Produktreihe\u2122.<\/p>\n<p>Lieferumfang:<br \/>\nAkkus nicht im Lieferumfang<br \/>\nenthalten Ladeger\u00e4t nicht im Lieferumfang<br \/>\nenthalten Im Lieferumfang<\/p>\n","protected":false},"excerpt":{"rendered":"<p>Leistungsstarker 18-V-Motor mit einem Luftdurchsatz von 1300 l\/min und einem maximalen Unterdruck von 80 mbar HEPA-Filter erfasst bis zu 99,97<\/p>\n","protected":false},"featured_media":57792,"template":"","meta":{"_seopress_robots_primary_cat":"","_seopress_titles_title":"","_seopress_titles_desc":"","_seopress_robots_index":""},"product_brand":[3407],"product_cat":[29,514,517],"product_tag":[],"class_list":{"0":"post-414805","1":"product","2":"type-product","3":"status-publish","4":"has-post-thumbnail","6":"product_brand-milwaukee","7":"product_cat-macchinari","8":"product_cat-altri-dispositivi","9":"product_cat-aspiratori-per-la-pulizia","11":"first","12":"instock","13":"shipping-taxable","14":"purchasable","15":"product-type-simple"},"_links":{"self":[{"href":"https:\/\/lucacastelli.com\/de\/wp-json\/wp\/v2\/product\/414805","targetHints":{"allow":["GET"]}}],"collection":[{"href":"https:\/\/lucacastelli.com\/de\/wp-json\/wp\/v2\/product"}],"about":[{"href":"https:\/\/lucacastelli.com\/de\/wp-json\/wp\/v2\/types\/product"}],"wp:featuredmedia":[{"embeddable":true,"href":"https:\/\/lucacastelli.com\/de\/wp-json\/wp\/v2\/media\/57792"}],"wp:attachment":[{"href":"https:\/\/lucacastelli.com\/de\/wp-json\/wp\/v2\/media?parent=414805"}],"wp:term":[{"taxonomy":"product_brand","embeddable":true,"href":"https:\/\/lucacastelli.com\/de\/wp-json\/wp\/v2\/product_brand?post=414805"},{"taxonomy":"product_cat","embeddable":true,"href":"https:\/\/lucacastelli.com\/de\/wp-json\/wp\/v2\/product_cat?post=414805"},{"taxonomy":"product_tag","embeddable":true,"href":"https:\/\/lucacastelli.com\/de\/wp-json\/wp\/v2\/product_tag?post=414805"}],"curies":[{"name":"wp","href":"https:\/\/api.w.org\/{rel}","templated":true}]}}