{"id":414798,"date":"2024-03-01T16:28:14","date_gmt":"2024-03-01T15:28:14","guid":{"rendered":"https:\/\/lucacastelli.com\/prodotto\/milwaukee-560-x-470-x-650-mm-packout-kofferwagen\/"},"modified":"2026-03-23T20:34:58","modified_gmt":"2026-03-23T19:34:58","slug":"milwaukee-560-x-470-x-650-mm-packout-kofferwagen","status":"publish","type":"product","link":"https:\/\/lucacastelli.com\/de\/produkt\/milwaukee-560-x-470-x-650-mm-packout-kofferwagen\/","title":{"rendered":"Milwaukee 560 x 470 x 650 mm PACKOUT Kofferwagen"},"content":{"rendered":"<p>Teil des modularen Lagersystems PACKOUT\u2122\u2122.<br \/>\nKonstruktion mit schlagfesten Polymeren &#8211; ideal f\u00fcr den Einsatz auf Baustellen<br \/>\n113 kg Nutzlast<br \/>\nZiehgriff mit ausziehbarer Teleskopstange in Industriequalit\u00e4t<br \/>\nRobuste Schwerlastr\u00e4der mit einem Durchmesser von 228 mm<br \/>\nSchutzart IP65 sch\u00fctzt vor Staub, Wasser und Schmutz<br \/>\nMetallpfosten verst\u00e4rken die Ecken des Geh\u00e4uses<br \/>\nRiegel mit Metallriegeln<br \/>\nWerkzeughalter inklusive<br \/>\nEinbaum\u00f6glichkeit f\u00fcr den ONE KEY\u2122 TICK<\/p>\n<p>Aufrollbarer Werkzeugkoffer f\u00fcr Profis<br \/>\nAu\u00dfenma\u00dfe 560 x 410 x 480 mm<br \/>\nSchlag- und schlagfester<br \/>\nKunststoff Eckverst\u00e4rkung mit Metallst\u00fctzen<br \/>\nKann mit Milwaukee Tick Tool Tracker<br \/>\nausgestattet werden Zahlreiche F\u00e4cher f\u00fcr Werkzeuge und andere<br \/>\nmaximale Nutzlast 113 kg<br \/>\nAusziehbarer Griff in Industriequalit\u00e4t<br \/>\nGro\u00dfe Schwerlastr\u00e4der f\u00fcr einfachen Transport<br \/>\nSchutzklasse IP65<br \/>\nKann mit Packout-Add-ons<br \/>\nerweitert werden Robuste<br \/>\nMetallverschl\u00fcsse Langlebig und extrem stark<\/p>\n","protected":false},"excerpt":{"rendered":"<p>Teil des modularen Lagersystems PACKOUT\u2122\u2122. Konstruktion mit schlagfesten Polymeren &#8211; ideal f\u00fcr den Einsatz auf Baustellen 113 kg Nutzlast Ziehgriff<\/p>\n","protected":false},"featured_media":57772,"template":"","meta":{"_seopress_robots_primary_cat":"","_seopress_titles_title":"","_seopress_titles_desc":"","_seopress_robots_index":""},"product_brand":[3656],"product_cat":[1454,1396,150,169,1455],"product_tag":[],"class_list":{"0":"post-414798","1":"product","2":"type-product","3":"status-publish","4":"has-post-thumbnail","6":"product_brand-milwaukee-de","7":"product_cat-andere-gerate","8":"product_cat-arbeitsausrustung","9":"product_cat-ausrustung","10":"product_cat-maschinen","11":"product_cat-zubehor-und-verbrauchsmaterial-de","13":"first","14":"onbackorder","15":"shipping-taxable","16":"purchasable","17":"product-type-simple"},"_links":{"self":[{"href":"https:\/\/lucacastelli.com\/de\/wp-json\/wp\/v2\/product\/414798","targetHints":{"allow":["GET"]}}],"collection":[{"href":"https:\/\/lucacastelli.com\/de\/wp-json\/wp\/v2\/product"}],"about":[{"href":"https:\/\/lucacastelli.com\/de\/wp-json\/wp\/v2\/types\/product"}],"wp:featuredmedia":[{"embeddable":true,"href":"https:\/\/lucacastelli.com\/de\/wp-json\/wp\/v2\/media\/57772"}],"wp:attachment":[{"href":"https:\/\/lucacastelli.com\/de\/wp-json\/wp\/v2\/media?parent=414798"}],"wp:term":[{"taxonomy":"product_brand","embeddable":true,"href":"https:\/\/lucacastelli.com\/de\/wp-json\/wp\/v2\/product_brand?post=414798"},{"taxonomy":"product_cat","embeddable":true,"href":"https:\/\/lucacastelli.com\/de\/wp-json\/wp\/v2\/product_cat?post=414798"},{"taxonomy":"product_tag","embeddable":true,"href":"https:\/\/lucacastelli.com\/de\/wp-json\/wp\/v2\/product_tag?post=414798"}],"curies":[{"name":"wp","href":"https:\/\/api.w.org\/{rel}","templated":true}]}}