{"id":414796,"date":"2024-02-28T21:22:10","date_gmt":"2024-02-28T20:22:10","guid":{"rendered":"https:\/\/lucacastelli.com\/prodotto\/milwaukee-m18-fuel-1-akku-schlagschrauber-m18fhiwf1r-122c\/"},"modified":"2025-10-01T12:03:56","modified_gmt":"2025-10-01T10:03:56","slug":"milwaukee-m18-fuel-1-akku-schlagschrauber-m18fhiwf1r-122c","status":"publish","type":"product","link":"https:\/\/lucacastelli.com\/de\/produkt\/milwaukee-m18-fuel-1-akku-schlagschrauber-m18fhiwf1r-122c\/","title":{"rendered":"Milwaukee M18\u2122 FUEL\u2122 1&#8243; Akku-Schlagschrauber M18FHIWF1R-122C"},"content":{"rendered":"<p>Artikelbeschreibung<br \/>\nBesonderheiten<br \/>\n4 Positionen<br \/>\nTragegriff<br \/>\nZwei LED-Leuchten<\/p>\n<p>Der M18 FUEL\u2122 1? Mit einem maximalen Drehmoment von 2000 Nm verf\u00fcgt er \u00fcber die n\u00f6tige Leistung, um Benzin-Alternativen zu ersetzen.<br \/>\nMit einem Gewicht von nur 6,1 kg k\u00f6nnen Sie lange arbeiten, ohne zu erm\u00fcden.<br \/>\nDrei verschiedene Geschwindigkeitsstufen erm\u00f6glichen es Ihnen, immer mit der optimalen Geschwindigkeit zu arbeiten<br \/>\nDer automatische Abschaltmodus sorgt daf\u00fcr, dass die Schrauben nicht zu fest angezogen<br \/>\nwerden Komfortable gummibeschichtete Griffe sorgen f\u00fcr maximale Kontrolle des Werkzeugs w\u00e4hrend der Arbeit<br \/>\nTragegriff f\u00fcr den bequemen Transport zur und von der<br \/>\nBaustelle Zwei LED-Leuchten an der Unterseite des Werkzeugs sorgen f\u00fcr eine optimale Sichtbarkeit der Schrauben,  auch in dunklen<br \/>\nUmgebungen Das HIGH OUTPUT-System\u2122 hebt die M18 FUEL-Technologien\u2122 auf die n\u00e4chste Stufe und bietet eine h\u00f6here Leistung und eine l\u00e4ngere Lebensdauer. Diese Werkzeuge sind o Flexibles<br \/>\nBatteriesystem \u2013 funktioniert mit allen MILWAUKEE\u00ae M18-Batterien\u2122. <\/p>\n<p>Technische<br \/>\nDaten Leerlaufdrehzahl [U\/min]: 1000\/ 1400\/ 1670\/ 1670<br \/>\nSpannung [V]: 18<br \/>\nBatterietyp: Lithium-Ionen<br \/>\nMaximale Schraubengr\u00f6\u00dfe: M42<br \/>\nBezeichnung: Typenvariante: M18 FHIWF1R-0C<br \/>\nGewicht mit Akku (kg): 7,8 (M18HB12)<br \/>\nSystem: M18<br \/>\nTechnologie: BRANDSTOF<br \/>\nStandardzubeh\u00f6r<\/p>\n<p>2 x M18 HB 12 12,0 Ah<br \/>\nAkkus 1 x M12-18 FC<br \/>\nSchnellladeger\u00e4t Im Transportkoffer<\/p>\n","protected":false},"excerpt":{"rendered":"<p>Artikelbeschreibung Besonderheiten 4 Positionen Tragegriff Zwei LED-Leuchten Der M18 FUEL\u2122 1? Mit einem maximalen Drehmoment von 2000 Nm verf\u00fcgt er<\/p>\n","protected":false},"featured_media":57757,"template":"","meta":{"_seopress_robots_primary_cat":"","_seopress_titles_title":"","_seopress_titles_desc":"","_seopress_robots_index":""},"product_brand":[3656],"product_cat":[1454,1553,169],"product_tag":[],"class_list":{"0":"post-414796","1":"product","2":"type-product","3":"status-publish","4":"has-post-thumbnail","6":"product_brand-milwaukee-de","7":"product_cat-andere-gerate","8":"product_cat-bohrer-und-schraubendreher","9":"product_cat-maschinen","10":"sws-gruppo-macchinari","11":"sws-conto-ricavi-merci-rivendita-macchinari","12":"sws-gruppo-iva-iva81","14":"first","15":"instock","16":"shipping-taxable","17":"purchasable","18":"product-type-simple"},"_links":{"self":[{"href":"https:\/\/lucacastelli.com\/de\/wp-json\/wp\/v2\/product\/414796","targetHints":{"allow":["GET"]}}],"collection":[{"href":"https:\/\/lucacastelli.com\/de\/wp-json\/wp\/v2\/product"}],"about":[{"href":"https:\/\/lucacastelli.com\/de\/wp-json\/wp\/v2\/types\/product"}],"wp:featuredmedia":[{"embeddable":true,"href":"https:\/\/lucacastelli.com\/de\/wp-json\/wp\/v2\/media\/57757"}],"wp:attachment":[{"href":"https:\/\/lucacastelli.com\/de\/wp-json\/wp\/v2\/media?parent=414796"}],"wp:term":[{"taxonomy":"product_brand","embeddable":true,"href":"https:\/\/lucacastelli.com\/de\/wp-json\/wp\/v2\/product_brand?post=414796"},{"taxonomy":"product_cat","embeddable":true,"href":"https:\/\/lucacastelli.com\/de\/wp-json\/wp\/v2\/product_cat?post=414796"},{"taxonomy":"product_tag","embeddable":true,"href":"https:\/\/lucacastelli.com\/de\/wp-json\/wp\/v2\/product_tag?post=414796"}],"curies":[{"name":"wp","href":"https:\/\/api.w.org\/{rel}","templated":true}]}}