{"id":414793,"date":"2024-02-29T08:44:10","date_gmt":"2024-02-29T07:44:10","guid":{"rendered":"https:\/\/lucacastelli.com\/prodotto\/milwaukee-m18-forge-6-0-ah-akku\/"},"modified":"2026-04-17T23:40:51","modified_gmt":"2026-04-17T21:40:51","slug":"milwaukee-m18-forge-6-0-ah-akku","status":"publish","type":"product","link":"https:\/\/lucacastelli.com\/de\/produkt\/milwaukee-m18-forge-6-0-ah-akku\/","title":{"rendered":"Milwaukee M18\u2122 FORGE\u2122 6,0 Ah Akku"},"content":{"rendered":"<p>Liefert HIGH OUTPUT\u2122 12,0 Ah Leistung bei geringeren Abmessungen und Gewicht<br \/>\n15 Minuten Schnellladung auf 80 % mit dem M18 Doppel-Schnellladeger\u00e4t<br \/>\nL\u00e4ngere Lebensdauer und bessere Leistung \u00fcber den gesamten Lebenszyklus des Akkus<br \/>\nREDLITHIUM\u2122 FORGE\u2122 bietet die leistungsst\u00e4rksten, am schnellsten ladenden und langlebigsten Akkus im REDLITHIUM\u2122-Sortiment.<br \/>\nBester Schutz gegen h\u00e4rteste Wetter- und Baustellenbedingungen<br \/>\nRobustes Geh\u00e4use f\u00fcr erh\u00f6hten Schutz gegen g\u00e4ngige \u00d6le, L\u00f6sungsmittel und Fette<br \/>\nREDLINK\u2122-Intelligenz: Unsere Akkuschaltkreise gew\u00e4hrleisten optimierte Leistung und \u00dcberlastungsschutz durch l\u00fcckenlose Kommunikation zwischen Werkzeug, Akku und Ladeger\u00e4t.<br \/>\nKompatibel mit allen M18\u2122-Werkzeugen des Sortiments<br \/>\nVerbesserte Ladestandsanzeige mit Lesbarkeit bei direktem Sonnenlicht<\/p>\n<p>Akkueigenschaften<\/p>\n<p>Akkuspannung: 18 V<br \/>\nAkkukapazit\u00e4t: 6 Ah<br \/>\nAkku im Lieferumfang enthalten: Ja<br \/>\nAnzahl der Akkus: 1<br \/>\nAkkutyp: Li-Ion<br \/>\nGewicht: 1030 g<\/p>\n","protected":false},"excerpt":{"rendered":"<p>Liefert HIGH OUTPUT\u2122 12,0 Ah Leistung bei geringeren Abmessungen und Gewicht 15 Minuten Schnellladung auf 80 % mit dem M18<\/p>\n","protected":false},"featured_media":57762,"template":"","meta":{"_seopress_robots_primary_cat":"none","_seopress_titles_title":"","_seopress_titles_desc":"","_seopress_robots_index":""},"product_brand":[3656],"product_cat":[1449,169],"product_tag":[],"class_list":{"0":"post-414793","1":"product","2":"type-product","3":"status-publish","4":"has-post-thumbnail","6":"product_brand-milwaukee-de","7":"product_cat-batteriesysteme-zubehor","8":"product_cat-maschinen","10":"first","11":"instock","12":"sale","13":"shipping-taxable","14":"purchasable","15":"product-type-simple"},"_links":{"self":[{"href":"https:\/\/lucacastelli.com\/de\/wp-json\/wp\/v2\/product\/414793","targetHints":{"allow":["GET"]}}],"collection":[{"href":"https:\/\/lucacastelli.com\/de\/wp-json\/wp\/v2\/product"}],"about":[{"href":"https:\/\/lucacastelli.com\/de\/wp-json\/wp\/v2\/types\/product"}],"wp:featuredmedia":[{"embeddable":true,"href":"https:\/\/lucacastelli.com\/de\/wp-json\/wp\/v2\/media\/57762"}],"wp:attachment":[{"href":"https:\/\/lucacastelli.com\/de\/wp-json\/wp\/v2\/media?parent=414793"}],"wp:term":[{"taxonomy":"product_brand","embeddable":true,"href":"https:\/\/lucacastelli.com\/de\/wp-json\/wp\/v2\/product_brand?post=414793"},{"taxonomy":"product_cat","embeddable":true,"href":"https:\/\/lucacastelli.com\/de\/wp-json\/wp\/v2\/product_cat?post=414793"},{"taxonomy":"product_tag","embeddable":true,"href":"https:\/\/lucacastelli.com\/de\/wp-json\/wp\/v2\/product_tag?post=414793"}],"curies":[{"name":"wp","href":"https:\/\/api.w.org\/{rel}","templated":true}]}}