{"id":414790,"date":"2024-02-23T12:43:05","date_gmt":"2024-02-23T11:43:05","guid":{"rendered":"https:\/\/lucacastelli.com\/prodotto\/milwaukee-akku-teleskop-astsaege-m18ftps30-121\/"},"modified":"2026-04-17T23:48:33","modified_gmt":"2026-04-17T21:48:33","slug":"milwaukee-akku-teleskop-astsaege-m18ftps30-121","status":"publish","type":"product","link":"https:\/\/lucacastelli.com\/de\/produkt\/milwaukee-akku-teleskop-astsaege-m18ftps30-121\/","title":{"rendered":"Milwaukee Akku-Teleskop-Asts\u00e4ge M18FTPS30-121"},"content":{"rendered":"<p>Produktinformationen &#8220;Milwaukee Akku-Teleskop-Asts\u00e4ge M18FTPS30-121&#8221;<br \/>\nAsthaken aus Metall<br \/>\nKompatibel mit Tragegurt<br \/>\nHohe Leistung dank Kettengeschwindigkeit von 25,4 m\/s \u2013 hohes Drehmoment und Schnittl\u00e4nge von 30 cm f\u00fcr schnelles Arbeiten<br \/>\nLeistungsst\u00e4rker als Benzin-Kettens\u00e4gen f\u00fcr anspruchsvollste Anwendungen<br \/>\nAusgestattet mit teleskopischem Kopf mit quadratischem Profil und Schnellverschluss zur L\u00e4ngeneinstellung, der eine individuelle L\u00e4ngenanpassung erm\u00f6glicht<br \/>\nAuslaufsicherer \u00d6ltank mit leicht zug\u00e4nglichem Beh\u00e4lter und transparentem Sichtfenster<br \/>\nSeitlich zug\u00e4nglicher Kettenspanner f\u00fcr einfache Ketteneinstellung<br \/>\nAsthaken zum Entfernen von \u00c4sten, ideal zum Herausziehen abgebrochener \u00c4ste<br \/>\nKompatibel mit Tragegurten f\u00fcr h\u00f6heren Benutzerkomfort<br \/>\nDie DNA unserer FUEL\u2122-Plattform definiert das Gleichgewicht der Akkutechnologie neu. Der b\u00fcrstenlose POWERSTATE\u2122-Motor von MILWAUKEE\u00ae, das RED<br \/>\nSchnellverstellbarer Schaft<br \/>\nBis zu 70 Schnitte in 150 mm x 150 mm Hartholz mit einer M18\u2122 12,0 Ah Akkuladung<br \/>\nEntwickelt f\u00fcr pr\u00e4zise Schnitte in Bereichen mit h\u00f6heren B\u00e4umen, mit perfekter Balance und Schnittf\u00fchrung<br \/>\nDie stufenlose Geschwindigkeitsregelung erm\u00f6glicht dem Benutzer die vollst\u00e4ndige Kontrolle \u00fcber die abgegebene Leistung und das Erreichen der H\u00f6chstgeschwindigkeit in weniger als einer Minute.<br \/>\nSystem zu 100 % kompatibel mit der MILWAUKEE\u00ae-M18\u2122-Produktpalette.<br \/>\nTechnische Daten <\/p>\n<p>Spannung [V]: 18<br \/>\nAkku: Lithium-Ionen<br \/>\nGewicht mit Akku [kg]: 8,3 (M18 HB12)<br \/>\nLieferumfang<\/p>\n<p>Ladeger\u00e4t: 1x M12-18 FC<br \/>\nAkkus: 1x M18 HB12<br \/>\nim Karton<\/p>\n","protected":false},"excerpt":{"rendered":"<p>Produktinformationen &#8220;Milwaukee Akku-Teleskop-Asts\u00e4ge M18FTPS30-121&#8221; Asthaken aus Metall Kompatibel mit Tragegurt Hohe Leistung dank Kettengeschwindigkeit von 25,4 m\/s \u2013 hohes Drehmoment<\/p>\n","protected":false},"featured_media":57717,"template":"","meta":{"_seopress_robots_primary_cat":"none","_seopress_titles_title":"","_seopress_titles_desc":"","_seopress_robots_index":""},"product_brand":[3656],"product_cat":[169,1612,1629,1695],"product_tag":[],"class_list":{"0":"post-414790","1":"product","2":"type-product","3":"status-publish","4":"has-post-thumbnail","6":"product_brand-milwaukee-de","7":"product_cat-maschinen","8":"product_cat-kettensagen","9":"product_cat-akku-heckenscheren-und-astscheren","10":"product_cat-heckenscheren-und-astscheren","11":"sws-gruppo-macchinari-de","12":"sws-conto-ricavi-merci-rivendita-macchinari-de","13":"sws-gruppo-iva-iva81-de","15":"first","16":"instock","17":"sale","18":"shipping-taxable","19":"purchasable","20":"product-type-simple"},"_links":{"self":[{"href":"https:\/\/lucacastelli.com\/de\/wp-json\/wp\/v2\/product\/414790","targetHints":{"allow":["GET"]}}],"collection":[{"href":"https:\/\/lucacastelli.com\/de\/wp-json\/wp\/v2\/product"}],"about":[{"href":"https:\/\/lucacastelli.com\/de\/wp-json\/wp\/v2\/types\/product"}],"wp:featuredmedia":[{"embeddable":true,"href":"https:\/\/lucacastelli.com\/de\/wp-json\/wp\/v2\/media\/57717"}],"wp:attachment":[{"href":"https:\/\/lucacastelli.com\/de\/wp-json\/wp\/v2\/media?parent=414790"}],"wp:term":[{"taxonomy":"product_brand","embeddable":true,"href":"https:\/\/lucacastelli.com\/de\/wp-json\/wp\/v2\/product_brand?post=414790"},{"taxonomy":"product_cat","embeddable":true,"href":"https:\/\/lucacastelli.com\/de\/wp-json\/wp\/v2\/product_cat?post=414790"},{"taxonomy":"product_tag","embeddable":true,"href":"https:\/\/lucacastelli.com\/de\/wp-json\/wp\/v2\/product_tag?post=414790"}],"curies":[{"name":"wp","href":"https:\/\/api.w.org\/{rel}","templated":true}]}}